{"id":23,"date":"2013-07-25T12:40:26","date_gmt":"2013-07-25T12:40:26","guid":{"rendered":"http:\/\/ultimato.com.br\/sites\/cidades-do-interior\/?page_id=23"},"modified":"2013-08-16T14:02:26","modified_gmt":"2013-08-16T14:02:26","slug":"release","status":"publish","type":"page","link":"https:\/\/ultimato.com.br\/sites\/cidades-do-interior\/extras\/release\/","title":{"rendered":"Release"},"content":{"rendered":"<p>Aqui est\u00e1 o\u00a0<em>press-release<\/em>\u00a0do livro <strong>Cidades do Interior<\/strong>\u00a0para voc\u00ea divulgar no seu site, blog, jornal ou outro meio de comunica\u00e7\u00e3o do seu acesso. Ajude-nos a espalhar este conte\u00fado.<\/p>\n<p>&#8211; Arquivo em\u00a0<a href=\"http:\/\/editoraultimato.com.br\/downloads\/cidades-do-interior\/Release_Cidades_Interior_Jul_2013.pdf\" target=\"_blank\">PDF<\/a>.<\/p>\n","protected":false},"excerpt":{"rendered":"<p>Aqui est\u00e1 o\u00a0press-release\u00a0do livro Cidades do Interior\u00a0para voc\u00ea divulgar no seu site, blog, jornal ou outro meio de comunica\u00e7\u00e3o do seu acesso. Ajude-nos a espalhar este conte\u00fado. &#8211; Arquivo em\u00a0PDF.<\/p>\n","protected":false},"author":24,"featured_media":0,"parent":17,"menu_order":3,"comment_status":"open","ping_status":"open","template":"","meta":{"footnotes":""},"class_list":["post-23","page","type-page","status-publish","hentry"],"_links":{"self":[{"href":"https:\/\/ultimato.com.br\/sites\/cidades-do-interior\/wp-json\/wp\/v2\/pages\/23","targetHints":{"allow":["GET"]}}],"collection":[{"href":"https:\/\/ultimato.com.br\/sites\/cidades-do-interior\/wp-json\/wp\/v2\/pages"}],"about":[{"href":"https:\/\/ultimato.com.br\/sites\/cidades-do-interior\/wp-json\/wp\/v2\/types\/page"}],"author":[{"embeddable":true,"href":"https:\/\/ultimato.com.br\/sites\/cidades-do-interior\/wp-json\/wp\/v2\/users\/24"}],"replies":[{"embeddable":true,"href":"https:\/\/ultimato.com.br\/sites\/cidades-do-interior\/wp-json\/wp\/v2\/comments?post=23"}],"version-history":[{"count":4,"href":"https:\/\/ultimato.com.br\/sites\/cidades-do-interior\/wp-json\/wp\/v2\/pages\/23\/revisions"}],"predecessor-version":[{"id":51,"href":"https:\/\/ultimato.com.br\/sites\/cidades-do-interior\/wp-json\/wp\/v2\/pages\/23\/revisions\/51"}],"up":[{"embeddable":true,"href":"https:\/\/ultimato.com.br\/sites\/cidades-do-interior\/wp-json\/wp\/v2\/pages\/17"}],"wp:attachment":[{"href":"https:\/\/ultimato.com.br\/sites\/cidades-do-interior\/wp-json\/wp\/v2\/media?parent=23"}],"curies":[{"name":"wp","href":"https:\/\/api.w.org\/{rel}","templated":true}]}}