{"id":13,"date":"2013-07-25T12:38:34","date_gmt":"2013-07-25T12:38:34","guid":{"rendered":"http:\/\/ultimato.com.br\/sites\/cidades-do-interior\/?page_id=13"},"modified":"2013-07-25T12:47:29","modified_gmt":"2013-07-25T12:47:29","slug":"o-que-disseram","status":"publish","type":"page","link":"https:\/\/ultimato.com.br\/sites\/cidades-do-interior\/o-que-disseram\/","title":{"rendered":"O que disseram"},"content":{"rendered":"<blockquote>\n<p dir=\"ltr\">Cidades do Interior conta com teoria, pr\u00e1tica e exemplos. Uma das primeiras raz\u00f5es que me motivaram recomendar este livro de todo o cora\u00e7\u00e3o tem a ver com o n\u00edvel da pesquisa e da experi\u00eancia pr\u00e1tica do autor. Em cada cap\u00edtulo o leitor vai perceber a mente, o cora\u00e7\u00e3o e a peregrina\u00e7\u00e3o evangel\u00edstica de uma pessoa que ama as cidades do interior.<\/p>\n<\/blockquote>\n<p><em>Elias dos Santos Medeiros, PhD, professor do Reformed Theological Seminary<\/em><\/p>\n","protected":false},"excerpt":{"rendered":"<p>Cidades do Interior conta com teoria, pr\u00e1tica e exemplos. Uma das primeiras raz\u00f5es que me motivaram recomendar este livro de todo o cora\u00e7\u00e3o tem a ver com o n\u00edvel da pesquisa e da experi\u00eancia pr\u00e1tica do autor. Em cada cap\u00edtulo o leitor vai perceber a mente, o cora\u00e7\u00e3o e a peregrina\u00e7\u00e3o evangel\u00edstica de uma pessoa [&hellip;]<\/p>\n","protected":false},"author":24,"featured_media":0,"parent":0,"menu_order":3,"comment_status":"open","ping_status":"open","template":"","meta":{"footnotes":""},"class_list":["post-13","page","type-page","status-publish","hentry"],"_links":{"self":[{"href":"https:\/\/ultimato.com.br\/sites\/cidades-do-interior\/wp-json\/wp\/v2\/pages\/13","targetHints":{"allow":["GET"]}}],"collection":[{"href":"https:\/\/ultimato.com.br\/sites\/cidades-do-interior\/wp-json\/wp\/v2\/pages"}],"about":[{"href":"https:\/\/ultimato.com.br\/sites\/cidades-do-interior\/wp-json\/wp\/v2\/types\/page"}],"author":[{"embeddable":true,"href":"https:\/\/ultimato.com.br\/sites\/cidades-do-interior\/wp-json\/wp\/v2\/users\/24"}],"replies":[{"embeddable":true,"href":"https:\/\/ultimato.com.br\/sites\/cidades-do-interior\/wp-json\/wp\/v2\/comments?post=13"}],"version-history":[{"count":4,"href":"https:\/\/ultimato.com.br\/sites\/cidades-do-interior\/wp-json\/wp\/v2\/pages\/13\/revisions"}],"predecessor-version":[{"id":34,"href":"https:\/\/ultimato.com.br\/sites\/cidades-do-interior\/wp-json\/wp\/v2\/pages\/13\/revisions\/34"}],"wp:attachment":[{"href":"https:\/\/ultimato.com.br\/sites\/cidades-do-interior\/wp-json\/wp\/v2\/media?parent=13"}],"curies":[{"name":"wp","href":"https:\/\/api.w.org\/{rel}","templated":true}]}}