{"id":5,"date":"2012-03-15T11:38:26","date_gmt":"2012-03-15T14:38:26","guid":{"rendered":"http:\/\/ultimato.com.br\/sites\/casamentoefamilia\/?page_id=5"},"modified":"2015-05-09T12:43:40","modified_gmt":"2015-05-09T15:43:40","slug":"sobre","status":"publish","type":"page","link":"https:\/\/ultimato.com.br\/sites\/casamentoefamilia\/sobre\/","title":{"rendered":"Sobre"},"content":{"rendered":"<p><a href=\"http:\/\/ultimato.com.br\/sites\/casamentoefamilia\/files\/2012\/03\/Catito-close-01.jpg\" class=\"lightview\" data-lightview-group=\"group-5\" data-lightview-options=\"skin: 'dark', controls: 'relative', padding: '10', shadow: { color: '#000000', opacity: 0.08, blur: 3 }\" data-lightview-title=\"Catito\"><img loading=\"lazy\" decoding=\"async\" class=\"alignnone size-medium wp-image-81\" title=\"Catito\" src=\"http:\/\/ultimato.com.br\/sites\/casamentoefamilia\/files\/2012\/03\/Catito-close-01-300x225.jpg\" alt=\"Catito\" width=\"300\" height=\"225\" srcset=\"https:\/\/ultimato.com.br\/sites\/casamentoefamilia\/files\/2012\/03\/Catito-close-01-300x225.jpg 300w, https:\/\/ultimato.com.br\/sites\/casamentoefamilia\/files\/2012\/03\/Catito-close-01-150x112.jpg 150w, https:\/\/ultimato.com.br\/sites\/casamentoefamilia\/files\/2012\/03\/Catito-close-01.jpg 1024w\" sizes=\"auto, (max-width: 300px) 100vw, 300px\" \/><\/a><\/p>\n<p><strong>Carlos &#8220;Catito&#8221; Grzybowski<\/strong><\/p>\n<p>Sou psic\u00f3logo cl\u00ednico com especializa\u00e7\u00e3o em Terapia Familiar Sist\u00eamica, professor e coordenador dos cursos de especializa\u00e7\u00e3o em Terapia Familiar Sist\u00eamica e de Aconselhamento Pastoral Familiar da Associa\u00e7\u00e3o Brasileira de Assessoramento e Pastoral da Fam\u00edlia \u2013 EIRENE do Brasil, em parceria com a FLT (Faculdade Luterana de Teologia \u2013 S\u00e3o Bento do Sul\/SC). Coordeno igualmente o curso de Aconselhamento Pastoral Familiar &#8211; n\u00edvel assessor em parceria com a FLAM &#8211; Faculdade Latino Americana de Miss\u00e3o Integral (Aruj\u00e1\/SP) e coordenador do mesmo curso na parceria com\u00a0o CEM &#8211; Centro Evang\u00e9lico de Miss\u00f5es (Vi\u00e7osa\/MG) \u00a0Al\u00e9m disso sou professor convidado do IATES \u2013 Instituto de Aconselhamento e Terapia do Sentido do Ser (Curitiba\/PR) e do Instituto da Fam\u00edlia da Faculdade Sul Americana (Londrina\/PR). Tamb\u00e9m coordeno as atividades administrativas do Instituto Phileo de Psicologia, onde exer\u00e7o minhas atividades de terapeuta familiar.<br \/>\nFiz minha gradua\u00e7\u00e3o superior em Psicologia na UFPR. Fiz minha especializa\u00e7\u00e3o em Terapia Familiar Sist\u00eamica no Centro de la Fam\u00edlia EIRENE em Quito\/ Equador, sob a orienta\u00e7\u00e3o do Dr. Jorge Maldonado. Ingressei no Mestrado em Psicologia da Inf\u00e2ncia e da Adolesc\u00eancia na UFPR, trabalhando com a quest\u00e3o do Conflito conjugal e o uso de drogas no adolescente.e posteriormente fiz doutorado em Ling\u00fc\u00edstica Aplicada, tamb\u00e9m na UFPR.<br \/>\nTenho v\u00e1rios livros publicados, al\u00e9m de artigos cient\u00edficos em peri\u00f3dicos especializados e sou articulista da Revista Ultimato, juntamente com minha esposa.<br \/>\nTenho tamb\u00e9m como \u2018hobbie\u2019 a literatura infanto-juvenil, v\u00e1rios livros publicados e a cria\u00e7\u00e3o de personagens que receberam pr\u00eamios nesta categoria, sendo um deles a formiga \u2018Smiling\u00fcido\u2019 e outro a &#8220;Tribo Selva\u00e7\u00e3o&#8221;.<br \/>\nGosto muito tamb\u00e9m de ministrar em encontros de casais e fam\u00edlias juntamente com minha esposa.<\/p>\n<p><a href=\"http:\/\/ultimato.com.br\/sites\/casamentoefamilia\/files\/2012\/03\/0011.jpg\" class=\"lightview\" data-lightview-group=\"group-5\" data-lightview-options=\"skin: 'dark', controls: 'relative', padding: '10', shadow: { color: '#000000', opacity: 0.08, blur: 3 }\" data-lightview-title=\"001\"><img loading=\"lazy\" decoding=\"async\" class=\"alignright size-medium wp-image-107\" title=\"001\" src=\"http:\/\/ultimato.com.br\/sites\/casamentoefamilia\/files\/2012\/03\/0011-246x300.jpg\" alt=\"\" width=\"246\" height=\"300\" srcset=\"https:\/\/ultimato.com.br\/sites\/casamentoefamilia\/files\/2012\/03\/0011-246x300.jpg 246w, https:\/\/ultimato.com.br\/sites\/casamentoefamilia\/files\/2012\/03\/0011-123x150.jpg 123w, https:\/\/ultimato.com.br\/sites\/casamentoefamilia\/files\/2012\/03\/0011.jpg 768w\" sizes=\"auto, (max-width: 246px) 100vw, 246px\" \/><\/a><\/p>\n<p>&nbsp;<\/p>\n<p><strong>Dagmar Fuchs Grzybowski<\/strong><\/p>\n<p>Possuo gradua\u00e7\u00e3o em Psicologia pela Universidade Federal do Paran\u00e1 (2008), especializa\u00e7\u00e3o em Terapia Familiar Sist\u00eamica por EIRENE do Brasil e Faculdade Luterana de Teologia. Tenho uma forma\u00e7\u00e3o anterior em m\u00fasica, tendo feito parte de um conjunto de c\u00e2mara que excursionou inclusive pela Europa e atuei como professora de violoncelo por muitos anos. Fiz tamb\u00e9m uma forma\u00e7\u00e3o t\u00e9cnica em enfermagem. Atuo hoje como psic\u00f3loga no Instituto Phileo de Psicologia e participo ainda na Associa\u00e7\u00e3o Musical do M\u00e9todo Suzuki. Escrevi alguns cap\u00edtulos de livros em parceria com meu esposo e v\u00e1rios artigos, alguns em parceria com ele.<\/p>\n<p>&nbsp;<\/p>\n<p>Ambos nascemos em Curitiba\/PR e somos casados h\u00e1 33 anos e temos dois filhos: Lukas, casado com B\u00e1rbara e Sabine casada com Guilherme; e temos tr\u00eas netos: Clarice, Matias e Leopold.<\/p>\n<p>&nbsp;<\/p>\n","protected":false},"excerpt":{"rendered":"<p>Carlos &#8220;Catito&#8221; Grzybowski Sou psic\u00f3logo cl\u00ednico com especializa\u00e7\u00e3o em Terapia Familiar Sist\u00eamica, professor e coordenador dos cursos de especializa\u00e7\u00e3o em Terapia Familiar Sist\u00eamica e de Aconselhamento Pastoral Familiar da Associa\u00e7\u00e3o Brasileira de Assessoramento e Pastoral da Fam\u00edlia \u2013 EIRENE do Brasil, em parceria com a FLT (Faculdade Luterana de Teologia \u2013 S\u00e3o Bento do Sul\/SC). [&hellip;]<\/p>\n","protected":false},"author":24,"featured_media":0,"parent":0,"menu_order":0,"comment_status":"open","ping_status":"open","template":"","meta":{"ngg_post_thumbnail":0,"footnotes":""},"class_list":["post-5","page","type-page","status-publish","hentry"],"_links":{"self":[{"href":"https:\/\/ultimato.com.br\/sites\/casamentoefamilia\/wp-json\/wp\/v2\/pages\/5","targetHints":{"allow":["GET"]}}],"collection":[{"href":"https:\/\/ultimato.com.br\/sites\/casamentoefamilia\/wp-json\/wp\/v2\/pages"}],"about":[{"href":"https:\/\/ultimato.com.br\/sites\/casamentoefamilia\/wp-json\/wp\/v2\/types\/page"}],"author":[{"embeddable":true,"href":"https:\/\/ultimato.com.br\/sites\/casamentoefamilia\/wp-json\/wp\/v2\/users\/24"}],"replies":[{"embeddable":true,"href":"https:\/\/ultimato.com.br\/sites\/casamentoefamilia\/wp-json\/wp\/v2\/comments?post=5"}],"version-history":[{"count":9,"href":"https:\/\/ultimato.com.br\/sites\/casamentoefamilia\/wp-json\/wp\/v2\/pages\/5\/revisions"}],"predecessor-version":[{"id":503,"href":"https:\/\/ultimato.com.br\/sites\/casamentoefamilia\/wp-json\/wp\/v2\/pages\/5\/revisions\/503"}],"wp:attachment":[{"href":"https:\/\/ultimato.com.br\/sites\/casamentoefamilia\/wp-json\/wp\/v2\/media?parent=5"}],"curies":[{"name":"wp","href":"https:\/\/api.w.org\/{rel}","templated":true}]}}