{"id":8,"date":"2016-10-31T20:34:06","date_gmt":"2016-10-31T22:34:06","guid":{"rendered":"http:\/\/ultimato.com.br\/sites\/capelania-hospitalar\/?page_id=8"},"modified":"2016-11-01T09:14:11","modified_gmt":"2016-11-01T11:14:11","slug":"a-autora","status":"publish","type":"page","link":"https:\/\/ultimato.com.br\/sites\/capelania-hospitalar\/a-autora\/","title":{"rendered":"A autora"},"content":{"rendered":"<p><strong><img loading=\"lazy\" decoding=\"async\" class=\"alignleft size-thumbnail wp-image-37\" src=\"http:\/\/ultimato.com.br\/sites\/capelania-hospitalar\/files\/2016\/10\/autora_chec-150x150.jpg\" alt=\"autora_chec\" width=\"150\" height=\"150\" \/>Maria Luiza R\u00fcckert<\/strong> cursou teologia na Escola Superior de Teologia (EST), em S\u00e3o Leopoldo, RS, e aprofundou seus estudos em cl\u00ednica pastoral no Hospital da Universidade de Minnesota, Estados Unidos. P\u00f3s-graduada em \u00e9tica, subjetividade e cidadania, atuou como capel\u00e3 no Hospital Evang\u00e9lico de Vila Velha, ES, durante vinte anos. Preparou mais de uma centena de volunt\u00e1rios para o minist\u00e9rio de visita\u00e7\u00e3o em hospitais e capacitou agentes da Pastoral da Sa\u00fade.<\/p>\n","protected":false},"excerpt":{"rendered":"<p>Maria Luiza R\u00fcckert cursou teologia na Escola Superior de Teologia (EST), em S\u00e3o Leopoldo, RS, e aprofundou seus estudos em cl\u00ednica pastoral no Hospital da Universidade de Minnesota, Estados Unidos. P\u00f3s-graduada em \u00e9tica, subjetividade e cidadania, atuou como capel\u00e3 no Hospital Evang\u00e9lico de Vila Velha, ES, durante vinte anos. Preparou mais de uma centena de [&hellip;]<\/p>\n","protected":false},"author":24,"featured_media":0,"parent":0,"menu_order":2,"comment_status":"closed","ping_status":"closed","template":"","meta":{"footnotes":""},"class_list":["post-8","page","type-page","status-publish","hentry"],"_links":{"self":[{"href":"https:\/\/ultimato.com.br\/sites\/capelania-hospitalar\/wp-json\/wp\/v2\/pages\/8","targetHints":{"allow":["GET"]}}],"collection":[{"href":"https:\/\/ultimato.com.br\/sites\/capelania-hospitalar\/wp-json\/wp\/v2\/pages"}],"about":[{"href":"https:\/\/ultimato.com.br\/sites\/capelania-hospitalar\/wp-json\/wp\/v2\/types\/page"}],"author":[{"embeddable":true,"href":"https:\/\/ultimato.com.br\/sites\/capelania-hospitalar\/wp-json\/wp\/v2\/users\/24"}],"replies":[{"embeddable":true,"href":"https:\/\/ultimato.com.br\/sites\/capelania-hospitalar\/wp-json\/wp\/v2\/comments?post=8"}],"version-history":[{"count":3,"href":"https:\/\/ultimato.com.br\/sites\/capelania-hospitalar\/wp-json\/wp\/v2\/pages\/8\/revisions"}],"predecessor-version":[{"id":39,"href":"https:\/\/ultimato.com.br\/sites\/capelania-hospitalar\/wp-json\/wp\/v2\/pages\/8\/revisions\/39"}],"wp:attachment":[{"href":"https:\/\/ultimato.com.br\/sites\/capelania-hospitalar\/wp-json\/wp\/v2\/media?parent=8"}],"curies":[{"name":"wp","href":"https:\/\/api.w.org\/{rel}","templated":true}]}}