{"id":7,"date":"2016-10-31T20:34:02","date_gmt":"2016-10-31T22:34:02","guid":{"rendered":"http:\/\/ultimato.com.br\/sites\/capelania-hospitalar\/?page_id=7"},"modified":"2016-11-01T09:13:36","modified_gmt":"2016-11-01T11:13:36","slug":"o-que-disseram","status":"publish","type":"page","link":"https:\/\/ultimato.com.br\/sites\/capelania-hospitalar\/o-que-disseram\/","title":{"rendered":"O que disseram"},"content":{"rendered":"<blockquote><p><em>Uma das responsabilidades mais nobres da capelania hospitalar \u00e9 a da escuta dos medos e ang\u00fastias do enfermo. Isto requer uma delicada\u00a0habilidade relacional, per\u00edcia t\u00e9cnica, empatia e respeito para com a intimidade de quem sofre [&#8230;]. Capel\u00e3es constituem uma reserva humana especial para atua\u00e7\u00e3o psicossocial em apoio a socorristas e v\u00edtimas, interagindo com as for\u00e7as de seguran\u00e7a, igrejas, equipes de sa\u00fade e escolas.\u00a0E seu papel continua al\u00e9m da crise [&#8230;].\u00a0\u00a0<\/em><\/p>\n<p><strong><em>Capelania Hospitalar e \u00c9tica do Cuidado<\/em><\/strong><em>, <\/em><em>de Maria Luiza Ruckert se inscreve neste contexto e seguramente se tornar\u00e1 numa refer\u00eancia obrigat\u00f3ria para a forma\u00e7\u00e3o de gera\u00e7\u00f5es de agentes psicossociais e capel\u00e3es da sa\u00fade.\u00a0<\/em><\/p><\/blockquote>\n<p>&#8211; Ageu Heringer Lisboa<\/p>\n<p>Psic\u00f3logo cl\u00ednico, mestre em Ci\u00eancia da Relilgi\u00e3o e terapeuta familiar<\/p>\n","protected":false},"excerpt":{"rendered":"<p>Uma das responsabilidades mais nobres da capelania hospitalar \u00e9 a da escuta dos medos e ang\u00fastias do enfermo. Isto requer uma delicada\u00a0habilidade relacional, per\u00edcia t\u00e9cnica, empatia e respeito para com a intimidade de quem sofre [&#8230;]. Capel\u00e3es constituem uma reserva humana especial para atua\u00e7\u00e3o psicossocial em apoio a socorristas e v\u00edtimas, interagindo com as for\u00e7as [&hellip;]<\/p>\n","protected":false},"author":24,"featured_media":0,"parent":0,"menu_order":1,"comment_status":"closed","ping_status":"closed","template":"","meta":{"footnotes":""},"class_list":["post-7","page","type-page","status-publish","hentry"],"_links":{"self":[{"href":"https:\/\/ultimato.com.br\/sites\/capelania-hospitalar\/wp-json\/wp\/v2\/pages\/7","targetHints":{"allow":["GET"]}}],"collection":[{"href":"https:\/\/ultimato.com.br\/sites\/capelania-hospitalar\/wp-json\/wp\/v2\/pages"}],"about":[{"href":"https:\/\/ultimato.com.br\/sites\/capelania-hospitalar\/wp-json\/wp\/v2\/types\/page"}],"author":[{"embeddable":true,"href":"https:\/\/ultimato.com.br\/sites\/capelania-hospitalar\/wp-json\/wp\/v2\/users\/24"}],"replies":[{"embeddable":true,"href":"https:\/\/ultimato.com.br\/sites\/capelania-hospitalar\/wp-json\/wp\/v2\/comments?post=7"}],"version-history":[{"count":2,"href":"https:\/\/ultimato.com.br\/sites\/capelania-hospitalar\/wp-json\/wp\/v2\/pages\/7\/revisions"}],"predecessor-version":[{"id":36,"href":"https:\/\/ultimato.com.br\/sites\/capelania-hospitalar\/wp-json\/wp\/v2\/pages\/7\/revisions\/36"}],"wp:attachment":[{"href":"https:\/\/ultimato.com.br\/sites\/capelania-hospitalar\/wp-json\/wp\/v2\/media?parent=7"}],"curies":[{"name":"wp","href":"https:\/\/api.w.org\/{rel}","templated":true}]}}