{"id":6,"date":"2016-10-31T20:33:55","date_gmt":"2016-10-31T22:33:55","guid":{"rendered":"http:\/\/ultimato.com.br\/sites\/capelania-hospitalar\/?page_id=6"},"modified":"2016-11-01T09:13:09","modified_gmt":"2016-11-01T11:13:09","slug":"o-livro","status":"publish","type":"page","link":"https:\/\/ultimato.com.br\/sites\/capelania-hospitalar\/","title":{"rendered":"O Livro"},"content":{"rendered":"<p>O que acontece nos corredores e nos quartos de um hospital?<\/p>\n<p>O que se passa com a pessoa que sofreu um acidente, uma amputa\u00e7\u00e3o, ou enfrenta uma doen\u00e7a terminal?<\/p>\n<p>O que dizer da gest\u00e3o institucional, da humaniza\u00e7\u00e3o hospitalar ou da capelania como minist\u00e9rio de miseric\u00f3rdia e afirma\u00e7\u00e3o da vida e da esperan\u00e7a?<\/p>\n<p><strong>Capelania Hospitalar e \u00c9tica do Cuidado<\/strong> responde a estas e outras quest\u00f5es, apresentando o universo das rela\u00e7\u00f5es entre cuidadores, enfermos e familiares.<\/p>\n<p>Uma ferramenta valiosa para a forma\u00e7\u00e3o de l\u00edderes, cuidadores, visitadores e profissionais da \u00e1rea de sa\u00fade.<\/p>\n","protected":false},"excerpt":{"rendered":"<p>O que acontece nos corredores e nos quartos de um hospital? O que se passa com a pessoa que sofreu um acidente, uma amputa\u00e7\u00e3o, ou enfrenta uma doen\u00e7a terminal? O que dizer da gest\u00e3o institucional, da humaniza\u00e7\u00e3o hospitalar ou da capelania como minist\u00e9rio de miseric\u00f3rdia e afirma\u00e7\u00e3o da vida e da esperan\u00e7a? Capelania Hospitalar e [&hellip;]<\/p>\n","protected":false},"author":24,"featured_media":0,"parent":0,"menu_order":0,"comment_status":"closed","ping_status":"closed","template":"","meta":{"footnotes":""},"class_list":["post-6","page","type-page","status-publish","hentry"],"_links":{"self":[{"href":"https:\/\/ultimato.com.br\/sites\/capelania-hospitalar\/wp-json\/wp\/v2\/pages\/6","targetHints":{"allow":["GET"]}}],"collection":[{"href":"https:\/\/ultimato.com.br\/sites\/capelania-hospitalar\/wp-json\/wp\/v2\/pages"}],"about":[{"href":"https:\/\/ultimato.com.br\/sites\/capelania-hospitalar\/wp-json\/wp\/v2\/types\/page"}],"author":[{"embeddable":true,"href":"https:\/\/ultimato.com.br\/sites\/capelania-hospitalar\/wp-json\/wp\/v2\/users\/24"}],"replies":[{"embeddable":true,"href":"https:\/\/ultimato.com.br\/sites\/capelania-hospitalar\/wp-json\/wp\/v2\/comments?post=6"}],"version-history":[{"count":2,"href":"https:\/\/ultimato.com.br\/sites\/capelania-hospitalar\/wp-json\/wp\/v2\/pages\/6\/revisions"}],"predecessor-version":[{"id":35,"href":"https:\/\/ultimato.com.br\/sites\/capelania-hospitalar\/wp-json\/wp\/v2\/pages\/6\/revisions\/35"}],"wp:attachment":[{"href":"https:\/\/ultimato.com.br\/sites\/capelania-hospitalar\/wp-json\/wp\/v2\/media?parent=6"}],"curies":[{"name":"wp","href":"https:\/\/api.w.org\/{rel}","templated":true}]}}