{"id":32,"date":"2016-11-01T09:08:40","date_gmt":"2016-11-01T11:08:40","guid":{"rendered":"http:\/\/ultimato.com.br\/sites\/capelania-hospitalar\/?page_id=32"},"modified":"2016-11-01T09:08:40","modified_gmt":"2016-11-01T11:08:40","slug":"release","status":"publish","type":"page","link":"https:\/\/ultimato.com.br\/sites\/capelania-hospitalar\/extras\/release\/","title":{"rendered":"Release"},"content":{"rendered":"<p>Aqui est\u00e1 o press-release do livro <em>Capelania Hospitalar e a \u00c9tica do Cuidado<\/em> para voc\u00ea divulgar no seu site, blog, jornal ou outro meio de comunica\u00e7\u00e3o do seu acesso. Ajude-nos a espalhar este conte\u00fado<\/p>\n<p>\u2013 Arquivo em <a href=\"http:\/\/ultimato.com.br\/sites\/capelania-hospitalar\/files\/2016\/11\/Release-Capelania_Hospitalar.pdf\">PDF<\/a>.<\/p>\n","protected":false},"excerpt":{"rendered":"<p>Aqui est\u00e1 o press-release do livro Capelania Hospitalar e a \u00c9tica do Cuidado para voc\u00ea divulgar no seu site, blog, jornal ou outro meio de comunica\u00e7\u00e3o do seu acesso. Ajude-nos a espalhar este conte\u00fado \u2013 Arquivo em PDF.<\/p>\n","protected":false},"author":24,"featured_media":0,"parent":9,"menu_order":3,"comment_status":"closed","ping_status":"closed","template":"","meta":{"footnotes":""},"class_list":["post-32","page","type-page","status-publish","hentry"],"_links":{"self":[{"href":"https:\/\/ultimato.com.br\/sites\/capelania-hospitalar\/wp-json\/wp\/v2\/pages\/32","targetHints":{"allow":["GET"]}}],"collection":[{"href":"https:\/\/ultimato.com.br\/sites\/capelania-hospitalar\/wp-json\/wp\/v2\/pages"}],"about":[{"href":"https:\/\/ultimato.com.br\/sites\/capelania-hospitalar\/wp-json\/wp\/v2\/types\/page"}],"author":[{"embeddable":true,"href":"https:\/\/ultimato.com.br\/sites\/capelania-hospitalar\/wp-json\/wp\/v2\/users\/24"}],"replies":[{"embeddable":true,"href":"https:\/\/ultimato.com.br\/sites\/capelania-hospitalar\/wp-json\/wp\/v2\/comments?post=32"}],"version-history":[{"count":1,"href":"https:\/\/ultimato.com.br\/sites\/capelania-hospitalar\/wp-json\/wp\/v2\/pages\/32\/revisions"}],"predecessor-version":[{"id":34,"href":"https:\/\/ultimato.com.br\/sites\/capelania-hospitalar\/wp-json\/wp\/v2\/pages\/32\/revisions\/34"}],"up":[{"embeddable":true,"href":"https:\/\/ultimato.com.br\/sites\/capelania-hospitalar\/wp-json\/wp\/v2\/pages\/9"}],"wp:attachment":[{"href":"https:\/\/ultimato.com.br\/sites\/capelania-hospitalar\/wp-json\/wp\/v2\/media?parent=32"}],"curies":[{"name":"wp","href":"https:\/\/api.w.org\/{rel}","templated":true}]}}