{"id":7,"date":"2018-05-29T12:43:33","date_gmt":"2018-05-29T15:43:33","guid":{"rendered":"http:\/\/ultimato.com.br\/sites\/budismo\/?page_id=7"},"modified":"2018-06-07T11:32:36","modified_gmt":"2018-06-07T14:32:36","slug":"o-livro","status":"publish","type":"page","link":"https:\/\/ultimato.com.br\/sites\/budismo\/","title":{"rendered":"O Livro"},"content":{"rendered":"<p>COMO OS CRIST\u00c3OS PODEM RESPONDER AO BUDISMO?<\/p>\n<p>OS VALORES S\u00c3O OS MESMOS DO EVANGELHO?<\/p>\n<p>AFINAL, O QUE \u00c9 O BUDISMO? QUEM S\u00c3O OS BUDISTAS?<\/p>\n<p>&nbsp;<\/p>\n<p>&#8220;ILUMINA\u00c7\u00c3O&#8221;. Foi em torno de sua experi\u00eancia descrita como \u201cilumina\u00e7\u00e3o\u201d, que Buda criou uma filosofia simples, elegante e que alcan\u00e7a novos patamares a cada dia. E quem quiser se tornar budista no Brasil tem informa\u00e7\u00f5es de sobra. A influ\u00eancia do budismo \u2013 inclusive sobre a teologia \u2013 est\u00e1 mais pr\u00f3xima de n\u00f3s do que nunca.<\/p>\n<p>Para David Burnett, somente quando os crist\u00e3os compreenderem o fasc\u00ednio dessa religi\u00e3o singular \u00e9 que poder\u00e3o se comunicar de maneira significativa com os que seguem a tradi\u00e7\u00e3o budista.<\/p>\n<blockquote><p><span style=\"color: #808000;\"><strong>Budismo \u2013 uma abordagem crist\u00e3 sobre o pensamento budist<\/strong><strong>a<\/strong>\u00a0apresenta a origem, a expans\u00e3o e as diversas express\u00f5es do budismo ao redor do mundo. O livro se tornou um cl\u00e1ssico entre os evang\u00e9licos europeus e preenche uma lacuna importante na bibliografia mission\u00e1ria brasileira.<\/span><\/p><\/blockquote>\n","protected":false},"excerpt":{"rendered":"<p>COMO OS CRIST\u00c3OS PODEM RESPONDER AO BUDISMO? OS VALORES S\u00c3O OS MESMOS DO EVANGELHO? AFINAL, O QUE \u00c9 O BUDISMO? QUEM S\u00c3O OS BUDISTAS? &nbsp; &#8220;ILUMINA\u00c7\u00c3O&#8221;. Foi em torno de sua experi\u00eancia descrita como \u201cilumina\u00e7\u00e3o\u201d, que Buda criou uma filosofia simples, elegante e que alcan\u00e7a novos patamares a cada dia. E quem quiser se tornar [&hellip;]<\/p>\n","protected":false},"author":24,"featured_media":0,"parent":0,"menu_order":1,"comment_status":"closed","ping_status":"closed","template":"","meta":{"footnotes":""},"class_list":["post-7","page","type-page","status-publish","hentry"],"_links":{"self":[{"href":"https:\/\/ultimato.com.br\/sites\/budismo\/wp-json\/wp\/v2\/pages\/7","targetHints":{"allow":["GET"]}}],"collection":[{"href":"https:\/\/ultimato.com.br\/sites\/budismo\/wp-json\/wp\/v2\/pages"}],"about":[{"href":"https:\/\/ultimato.com.br\/sites\/budismo\/wp-json\/wp\/v2\/types\/page"}],"author":[{"embeddable":true,"href":"https:\/\/ultimato.com.br\/sites\/budismo\/wp-json\/wp\/v2\/users\/24"}],"replies":[{"embeddable":true,"href":"https:\/\/ultimato.com.br\/sites\/budismo\/wp-json\/wp\/v2\/comments?post=7"}],"version-history":[{"count":7,"href":"https:\/\/ultimato.com.br\/sites\/budismo\/wp-json\/wp\/v2\/pages\/7\/revisions"}],"predecessor-version":[{"id":57,"href":"https:\/\/ultimato.com.br\/sites\/budismo\/wp-json\/wp\/v2\/pages\/7\/revisions\/57"}],"wp:attachment":[{"href":"https:\/\/ultimato.com.br\/sites\/budismo\/wp-json\/wp\/v2\/media?parent=7"}],"curies":[{"name":"wp","href":"https:\/\/api.w.org\/{rel}","templated":true}]}}