{"id":12,"date":"2018-05-29T12:44:13","date_gmt":"2018-05-29T15:44:13","guid":{"rendered":"http:\/\/ultimato.com.br\/sites\/budismo\/?page_id=12"},"modified":"2018-05-29T20:16:47","modified_gmt":"2018-05-29T23:16:47","slug":"o-que-disseram","status":"publish","type":"page","link":"https:\/\/ultimato.com.br\/sites\/budismo\/o-que-disseram\/","title":{"rendered":"O que disseram"},"content":{"rendered":"<blockquote><p><span style=\"color: #333333;\">A filosofia budista tem penetrado nossas mentes e at\u00e9 nossa teologia. Ao mesmo tempo, milh\u00f5es de budistas no Brasil e no mundo precisam escutar, de forma contextualizada, sobre a salva\u00e7\u00e3o em Cristo Jesus.\u00a0<strong>Budismo \u2013 uma abordagem crist\u00e3 sobre o pensamento budista<\/strong>\u00a0se tornou um cl\u00e1ssico entre os evang\u00e9licos europeus e preenche uma lacuna importante na bibliografia mission\u00e1ria brasileira. David Burnett \u00e9 reconhecido mundialmente pelo seu dom\u00ednio do tema e ensinou em alguns dos principais semin\u00e1rios teol\u00f3gicos do mundo.<\/span><br \/>\n&nbsp;<br \/>\n<span style=\"color: #333333;\"><em>\u2014 Marcos Amado<\/em><\/span><\/p><\/blockquote>\n<blockquote><p><span style=\"color: #333333;\">Compreender a hist\u00f3ria e os princ\u00edpios do pensamento budista \u00e9 essencial para iniciar um di\u00e1logo nesse contexto. David Burnett apresenta esse complexo tema de forma equilibrada e mostra a perspectiva crist\u00e3 sobre o pensamento budista.<\/span><br \/>\n&nbsp;<br \/>\n<span style=\"color: #333333;\"><em>\u2014 Eliane Ho<\/em><\/span><\/p><\/blockquote>\n<blockquote><p><span style=\"color: #333333;\">Escrito a partir do ponto de vista crist\u00e3o, a obra de David Burnett \u00e9 considerada um cl\u00e1ssico sobre a hist\u00f3ria e a geografia das diferentes vertentes do budismo.<\/span><br \/>\n&nbsp;<br \/>\n<span style=\"color: #333333;\"><em>\u2014 Timothy Halls<\/em><\/span><\/p><\/blockquote>\n<blockquote><p><span style=\"color: #333333;\">Fa\u00e7o parte da segunda gera\u00e7\u00e3o de mission\u00e1rios brasileiros entre budistas. Somos a gera\u00e7\u00e3o com mais acesso \u00e0 informa\u00e7\u00e3o, mas ainda tateando o paradigma p\u00f3s-colonialista. <strong>Budismo \u2013 Uma abordagem crist\u00e3 sobre o pensamento budista<\/strong> representa uma nova fase da missiologia, no Brasil. David Burnett faz uma an\u00e1lise hist\u00f3rica do budismo, bem como uma autocr\u00edtica \u00e0s abordagens crist\u00e3s, com perguntas que estimulam o di\u00e1logo sobre as diferen\u00e7as entre o budismo e o cristianismo.\u201d<\/span><br \/>\n&nbsp;<br \/>\n<span style=\"color: #333333;\"><em>\u2014 Ludmila Gomides, do pref\u00e1cio \u00e0 edi\u00e7\u00e3o brasileira<\/em><\/span><\/p><\/blockquote>\n","protected":false},"excerpt":{"rendered":"<p>A filosofia budista tem penetrado nossas mentes e at\u00e9 nossa teologia. Ao mesmo tempo, milh\u00f5es de budistas no Brasil e no mundo precisam escutar, de forma contextualizada, sobre a salva\u00e7\u00e3o em Cristo Jesus.\u00a0Budismo \u2013 uma abordagem crist\u00e3 sobre o pensamento budista\u00a0se tornou um cl\u00e1ssico entre os evang\u00e9licos europeus e preenche uma lacuna importante na bibliografia [&hellip;]<\/p>\n","protected":false},"author":24,"featured_media":0,"parent":0,"menu_order":3,"comment_status":"closed","ping_status":"closed","template":"","meta":{"footnotes":""},"class_list":["post-12","page","type-page","status-publish","hentry"],"_links":{"self":[{"href":"https:\/\/ultimato.com.br\/sites\/budismo\/wp-json\/wp\/v2\/pages\/12","targetHints":{"allow":["GET"]}}],"collection":[{"href":"https:\/\/ultimato.com.br\/sites\/budismo\/wp-json\/wp\/v2\/pages"}],"about":[{"href":"https:\/\/ultimato.com.br\/sites\/budismo\/wp-json\/wp\/v2\/types\/page"}],"author":[{"embeddable":true,"href":"https:\/\/ultimato.com.br\/sites\/budismo\/wp-json\/wp\/v2\/users\/24"}],"replies":[{"embeddable":true,"href":"https:\/\/ultimato.com.br\/sites\/budismo\/wp-json\/wp\/v2\/comments?post=12"}],"version-history":[{"count":4,"href":"https:\/\/ultimato.com.br\/sites\/budismo\/wp-json\/wp\/v2\/pages\/12\/revisions"}],"predecessor-version":[{"id":39,"href":"https:\/\/ultimato.com.br\/sites\/budismo\/wp-json\/wp\/v2\/pages\/12\/revisions\/39"}],"wp:attachment":[{"href":"https:\/\/ultimato.com.br\/sites\/budismo\/wp-json\/wp\/v2\/media?parent=12"}],"curies":[{"name":"wp","href":"https:\/\/api.w.org\/{rel}","templated":true}]}}