{"id":10,"date":"2018-05-29T12:43:56","date_gmt":"2018-05-29T15:43:56","guid":{"rendered":"http:\/\/ultimato.com.br\/sites\/budismo\/?page_id=10"},"modified":"2018-05-29T19:31:00","modified_gmt":"2018-05-29T22:31:00","slug":"o-autor","status":"publish","type":"page","link":"https:\/\/ultimato.com.br\/sites\/budismo\/o-autor\/","title":{"rendered":"O Autor"},"content":{"rendered":"<p><strong><img loading=\"lazy\" decoding=\"async\" class=\"alignleft wp-image-26\" src=\"http:\/\/ultimato.com.br\/sites\/budismo\/files\/foto_autor_budismo.jpg\" alt=\"\" width=\"156\" height=\"200\" \/><\/strong><\/p>\n<p>&nbsp;<\/p>\n<p><strong>David Burnett\u00a0<\/strong>\u00e9 autor de\u00a0<a href=\"http:\/\/www.ultimato.com.br\/loja\/produtos\/budismo\">Budismo \u2013 uma abordagem crist\u00e3 sobre o pensamento budista<\/a>\u00a0e\u00a0foi reitor acad\u00eamico no All Nations Christian College, na Inglaterra. \u00c9 reconhecido internacionalmente pelo seu dom\u00ednio do budismo e ensinou em alguns dos principais semin\u00e1rios teol\u00f3gicos do mundo. \u00c9 autor de v\u00e1rios livros not\u00e1veis, incluindo Clash of Worlds [Colis\u00e3o de mundos], e membro do Royal Anthropological Institute.<\/p>\n","protected":false},"excerpt":{"rendered":"<p>&nbsp; David Burnett\u00a0\u00e9 autor de\u00a0Budismo \u2013 uma abordagem crist\u00e3 sobre o pensamento budista\u00a0e\u00a0foi reitor acad\u00eamico no All Nations Christian College, na Inglaterra. \u00c9 reconhecido internacionalmente pelo seu dom\u00ednio do budismo e ensinou em alguns dos principais semin\u00e1rios teol\u00f3gicos do mundo. \u00c9 autor de v\u00e1rios livros not\u00e1veis, incluindo Clash of Worlds [Colis\u00e3o de mundos], e membro [&hellip;]<\/p>\n","protected":false},"author":24,"featured_media":0,"parent":0,"menu_order":2,"comment_status":"closed","ping_status":"closed","template":"","meta":{"footnotes":""},"class_list":["post-10","page","type-page","status-publish","hentry"],"_links":{"self":[{"href":"https:\/\/ultimato.com.br\/sites\/budismo\/wp-json\/wp\/v2\/pages\/10","targetHints":{"allow":["GET"]}}],"collection":[{"href":"https:\/\/ultimato.com.br\/sites\/budismo\/wp-json\/wp\/v2\/pages"}],"about":[{"href":"https:\/\/ultimato.com.br\/sites\/budismo\/wp-json\/wp\/v2\/types\/page"}],"author":[{"embeddable":true,"href":"https:\/\/ultimato.com.br\/sites\/budismo\/wp-json\/wp\/v2\/users\/24"}],"replies":[{"embeddable":true,"href":"https:\/\/ultimato.com.br\/sites\/budismo\/wp-json\/wp\/v2\/comments?post=10"}],"version-history":[{"count":3,"href":"https:\/\/ultimato.com.br\/sites\/budismo\/wp-json\/wp\/v2\/pages\/10\/revisions"}],"predecessor-version":[{"id":38,"href":"https:\/\/ultimato.com.br\/sites\/budismo\/wp-json\/wp\/v2\/pages\/10\/revisions\/38"}],"wp:attachment":[{"href":"https:\/\/ultimato.com.br\/sites\/budismo\/wp-json\/wp\/v2\/media?parent=10"}],"curies":[{"name":"wp","href":"https:\/\/api.w.org\/{rel}","templated":true}]}}