{"id":8,"date":"2017-06-23T12:32:47","date_gmt":"2017-06-23T15:32:47","guid":{"rendered":"http:\/\/ultimato.com.br\/sites\/ate-que-tenhamos-rostos\/?page_id=8"},"modified":"2017-07-03T11:12:45","modified_gmt":"2017-07-03T14:12:45","slug":"o-que-disseram","status":"publish","type":"page","link":"https:\/\/ultimato.com.br\/sites\/ate-que-tenhamos-rostos\/o-que-disseram\/","title":{"rendered":"O que disseram"},"content":{"rendered":"<blockquote><p><strong>At\u00e9 que Tenhamos Rostos<\/strong> consegue apresentar com clareza e criatividade o que seu autor descreve em outras de suas obras, como a realidade divina, m\u00e1gica, aterrorizante e arrebatadora em que todos n\u00f3s vivemos. C. S. Lewis aprofunda para os adultos o senso de admira\u00e7\u00e3o e verdade que delicia crian\u00e7as em <em>O Le\u00e3o, a Feiticeira e o Guarda-Roupa<\/em>, <em>Pr\u00edncipe Caspian <\/em>e outras hist\u00f3rias das Cr\u00f4nicas de N\u00e1rnia.\u201d<\/p><\/blockquote>\n<p><em>\u2013 The New York Times<\/em><\/p>\n<blockquote><p>A obra mais significativa e marcante produzida por C. S. Lewis.<\/p><\/blockquote>\n<p><em>\u2013 The New York Herald Tribune Book Review<\/em><em>\u00a0<\/em><\/p>\n<blockquote><p><em>Uma das melhores leituras de fic\u00e7\u00e3o em muito tempo.<\/em><\/p><\/blockquote>\n<p><em>\u2013 <\/em><em>Yorkshire Post<\/em>\u00a0<em>\u00a0<\/em><\/p>\n<blockquote><p><em>Nas m\u00e3os sens\u00edveis de C. S. Lewis, um mito antigo mant\u00e9m o seu fasc\u00ednio e ganha novos significados, nova profundidade e novos terrores.<\/em><\/p><\/blockquote>\n<p><em>\u2013 Saturday Review<\/em><em>\u00a0<\/em><\/p>\n<blockquote><p><em>Uma recria\u00e7\u00e3o brilhante da lenda de Cupido e Psique.<\/em><\/p><\/blockquote>\n<p><em>\u2013 The Atlantic Monthly<\/em><\/p>\n<blockquote><p>C. S. Lewis, talvez mais do que qualquer outro escritor do s\u00e9culo 20, levou aqueles que o ouviram e leram suas obras a rever seus pr\u00f3prios pressupostos filos\u00f3ficos.<\/p><\/blockquote>\n<p><em>\u2013 Los Angeles Times<\/em><\/p>\n","protected":false},"excerpt":{"rendered":"<p>At\u00e9 que Tenhamos Rostos consegue apresentar com clareza e criatividade o que seu autor descreve em outras de suas obras, como a realidade divina, m\u00e1gica, aterrorizante e arrebatadora em que todos n\u00f3s vivemos. C. S. Lewis aprofunda para os adultos o senso de admira\u00e7\u00e3o e verdade que delicia crian\u00e7as em O Le\u00e3o, a Feiticeira e [&hellip;]<\/p>\n","protected":false},"author":24,"featured_media":0,"parent":0,"menu_order":2,"comment_status":"closed","ping_status":"closed","template":"","meta":{"footnotes":""},"class_list":["post-8","page","type-page","status-publish","hentry"],"_links":{"self":[{"href":"https:\/\/ultimato.com.br\/sites\/ate-que-tenhamos-rostos\/wp-json\/wp\/v2\/pages\/8","targetHints":{"allow":["GET"]}}],"collection":[{"href":"https:\/\/ultimato.com.br\/sites\/ate-que-tenhamos-rostos\/wp-json\/wp\/v2\/pages"}],"about":[{"href":"https:\/\/ultimato.com.br\/sites\/ate-que-tenhamos-rostos\/wp-json\/wp\/v2\/types\/page"}],"author":[{"embeddable":true,"href":"https:\/\/ultimato.com.br\/sites\/ate-que-tenhamos-rostos\/wp-json\/wp\/v2\/users\/24"}],"replies":[{"embeddable":true,"href":"https:\/\/ultimato.com.br\/sites\/ate-que-tenhamos-rostos\/wp-json\/wp\/v2\/comments?post=8"}],"version-history":[{"count":3,"href":"https:\/\/ultimato.com.br\/sites\/ate-que-tenhamos-rostos\/wp-json\/wp\/v2\/pages\/8\/revisions"}],"predecessor-version":[{"id":57,"href":"https:\/\/ultimato.com.br\/sites\/ate-que-tenhamos-rostos\/wp-json\/wp\/v2\/pages\/8\/revisions\/57"}],"wp:attachment":[{"href":"https:\/\/ultimato.com.br\/sites\/ate-que-tenhamos-rostos\/wp-json\/wp\/v2\/media?parent=8"}],"curies":[{"name":"wp","href":"https:\/\/api.w.org\/{rel}","templated":true}]}}