{"id":6,"date":"2017-06-23T12:32:35","date_gmt":"2017-06-23T15:32:35","guid":{"rendered":"http:\/\/ultimato.com.br\/sites\/ate-que-tenhamos-rostos\/?page_id=6"},"modified":"2017-07-03T11:08:23","modified_gmt":"2017-07-03T14:08:23","slug":"o-livro","status":"publish","type":"page","link":"https:\/\/ultimato.com.br\/sites\/ate-que-tenhamos-rostos\/","title":{"rendered":"O Livro"},"content":{"rendered":"<p>A OBRA DEFINITIVA<\/p>\n<p>Ningu\u00e9m pode apreciar completamente o pensamento de C. S. Lewis sem conhecer <strong>At\u00e9 Que Tenhamos Rostos<\/strong>.<\/p>\n<blockquote><p>A obra mais significativa e marcante produzida por C. S. Lewis.<\/p><\/blockquote>\n<p>\u2013 The New York Herald Tribune Book Review<\/p>\n<blockquote><p>Uma das melhores leituras de fic\u00e7\u00e3o em muito tempo.<\/p><\/blockquote>\n<p>\u2013 Yorkshire Post<\/p>\n<blockquote><p>C. S. Lewis aprofunda para os adultos o senso de admira\u00e7\u00e3o e verdade que delicia crian\u00e7as em O Le\u00e3o, a Feiticeira e o Guarda-Roupa, Pr\u00edncipe Caspian e outras hist\u00f3rias das Cr\u00f4nicas de N\u00e1rnia.\u201d<\/p><\/blockquote>\n<p>\u2013 The New York Times<\/p>\n<p>&nbsp;<\/p>\n<p>Apontada por muitos como a obra definitiva e mais madura de C. S. Lewis, <strong>At\u00e9 que Tenhamos Rostos<\/strong> apresenta de maneira brilhante e criativa o mito de Cupido e Psique. Um romance sobre a luta entre o amor sagrado e o amor profano, em uma an\u00e1lise fascinante da inveja, trai\u00e7\u00e3o, perda, ci\u00fame, convers\u00e3o e outros dilemas do cora\u00e7\u00e3o humano.<\/p>\n<p>Ao mesmo tempo mais humano e tamb\u00e9m mais m\u00edtico do que a \u201cTrilogia C\u00f3smica\u201d, <strong>At\u00e9 que Tenhamos Rostos<\/strong> oferece ao leitor uma hist\u00f3ria rica, com personagens que \u201cconhecemos\u201d diante de escolhas e dificuldades que tamb\u00e9m \u201creconhecemos\u201d. A \u00faltima obra de fic\u00e7\u00e3o de C. S. Lewis lembra-nos tamb\u00e9m da nossa fragilidade e da presen\u00e7a de um poder superior sobre as nossas vidas.<\/p>\n","protected":false},"excerpt":{"rendered":"<p>A OBRA DEFINITIVA Ningu\u00e9m pode apreciar completamente o pensamento de C. S. Lewis sem conhecer At\u00e9 Que Tenhamos Rostos. A obra mais significativa e marcante produzida por C. S. Lewis. \u2013 The New York Herald Tribune Book Review Uma das melhores leituras de fic\u00e7\u00e3o em muito tempo. \u2013 Yorkshire Post C. S. Lewis aprofunda para [&hellip;]<\/p>\n","protected":false},"author":24,"featured_media":0,"parent":0,"menu_order":1,"comment_status":"closed","ping_status":"closed","template":"","meta":{"footnotes":""},"class_list":["post-6","page","type-page","status-publish","hentry"],"_links":{"self":[{"href":"https:\/\/ultimato.com.br\/sites\/ate-que-tenhamos-rostos\/wp-json\/wp\/v2\/pages\/6","targetHints":{"allow":["GET"]}}],"collection":[{"href":"https:\/\/ultimato.com.br\/sites\/ate-que-tenhamos-rostos\/wp-json\/wp\/v2\/pages"}],"about":[{"href":"https:\/\/ultimato.com.br\/sites\/ate-que-tenhamos-rostos\/wp-json\/wp\/v2\/types\/page"}],"author":[{"embeddable":true,"href":"https:\/\/ultimato.com.br\/sites\/ate-que-tenhamos-rostos\/wp-json\/wp\/v2\/users\/24"}],"replies":[{"embeddable":true,"href":"https:\/\/ultimato.com.br\/sites\/ate-que-tenhamos-rostos\/wp-json\/wp\/v2\/comments?post=6"}],"version-history":[{"count":4,"href":"https:\/\/ultimato.com.br\/sites\/ate-que-tenhamos-rostos\/wp-json\/wp\/v2\/pages\/6\/revisions"}],"predecessor-version":[{"id":55,"href":"https:\/\/ultimato.com.br\/sites\/ate-que-tenhamos-rostos\/wp-json\/wp\/v2\/pages\/6\/revisions\/55"}],"wp:attachment":[{"href":"https:\/\/ultimato.com.br\/sites\/ate-que-tenhamos-rostos\/wp-json\/wp\/v2\/media?parent=6"}],"curies":[{"name":"wp","href":"https:\/\/api.w.org\/{rel}","templated":true}]}}