{"id":10,"date":"2017-06-23T12:32:58","date_gmt":"2017-06-23T15:32:58","guid":{"rendered":"http:\/\/ultimato.com.br\/sites\/ate-que-tenhamos-rostos\/?page_id=10"},"modified":"2018-05-29T19:29:23","modified_gmt":"2018-05-29T22:29:23","slug":"o-autor","status":"publish","type":"page","link":"https:\/\/ultimato.com.br\/sites\/ate-que-tenhamos-rostos\/o-autor\/","title":{"rendered":"O Autor"},"content":{"rendered":"<p><strong><img loading=\"lazy\" decoding=\"async\" class=\"wp-image-27 alignleft\" src=\"http:\/\/ultimato.com.br\/sites\/ate-que-tenhamos-rostos\/files\/2017\/06\/autor_aqtr-150x150.jpg\" alt=\"\" width=\"190\" height=\"190\" srcset=\"https:\/\/ultimato.com.br\/sites\/ate-que-tenhamos-rostos\/files\/2017\/06\/autor_aqtr-150x150.jpg 150w, https:\/\/ultimato.com.br\/sites\/ate-que-tenhamos-rostos\/files\/2017\/06\/autor_aqtr.jpg 250w\" sizes=\"auto, (max-width: 190px) 100vw, 190px\" \/>C. S. Lewis<\/strong> (1898-1963) foi um dos gigantes intelectuais do s\u00e9culo vinte e, quem sabe, o mais influente escritor crist\u00e3o de sua \u00e9poca. Foi professor de literatura inglesa da Universidade de Oxford at\u00e9 1954, quando foi eleito, por unanimidade, para ocupar a cadeira de ingl\u00eas medieval e renascentista da Universidade de Cambridge, cargo que ocupou at\u00e9 se aposentar. Suas valiosas contribui\u00e7\u00f5es nos campos da cr\u00edtica liter\u00e1ria, literatura infantil, literatura fant\u00e1stica e teologia popular lhe tornaram aclamado e reconhecido no mundo inteiro. Escreveu mais de trinta livros, que continuam a atrair milhares de novos leitores todos os anos. Entre as suas obras mais conhecidas e apreciadas est\u00e3o a s\u00e9rie <em>As Cr\u00f4nicas de N\u00e1rnia<\/em>, <em>Cristianismo Puro e Simples<\/em>, <em>Um Ano com C. S. Lewis<\/em> e <em>Surpreendido pela Alegria<\/em> \u2013 os dois \u00faltimos publicados pela Editora Ultimato.<\/p>\n","protected":false},"excerpt":{"rendered":"<p>C. S. Lewis (1898-1963) foi um dos gigantes intelectuais do s\u00e9culo vinte e, quem sabe, o mais influente escritor crist\u00e3o de sua \u00e9poca. Foi professor de literatura inglesa da Universidade de Oxford at\u00e9 1954, quando foi eleito, por unanimidade, para ocupar a cadeira de ingl\u00eas medieval e renascentista da Universidade de Cambridge, cargo que ocupou [&hellip;]<\/p>\n","protected":false},"author":24,"featured_media":0,"parent":0,"menu_order":3,"comment_status":"closed","ping_status":"closed","template":"","meta":{"footnotes":""},"class_list":["post-10","page","type-page","status-publish","hentry"],"_links":{"self":[{"href":"https:\/\/ultimato.com.br\/sites\/ate-que-tenhamos-rostos\/wp-json\/wp\/v2\/pages\/10","targetHints":{"allow":["GET"]}}],"collection":[{"href":"https:\/\/ultimato.com.br\/sites\/ate-que-tenhamos-rostos\/wp-json\/wp\/v2\/pages"}],"about":[{"href":"https:\/\/ultimato.com.br\/sites\/ate-que-tenhamos-rostos\/wp-json\/wp\/v2\/types\/page"}],"author":[{"embeddable":true,"href":"https:\/\/ultimato.com.br\/sites\/ate-que-tenhamos-rostos\/wp-json\/wp\/v2\/users\/24"}],"replies":[{"embeddable":true,"href":"https:\/\/ultimato.com.br\/sites\/ate-que-tenhamos-rostos\/wp-json\/wp\/v2\/comments?post=10"}],"version-history":[{"count":5,"href":"https:\/\/ultimato.com.br\/sites\/ate-que-tenhamos-rostos\/wp-json\/wp\/v2\/pages\/10\/revisions"}],"predecessor-version":[{"id":75,"href":"https:\/\/ultimato.com.br\/sites\/ate-que-tenhamos-rostos\/wp-json\/wp\/v2\/pages\/10\/revisions\/75"}],"wp:attachment":[{"href":"https:\/\/ultimato.com.br\/sites\/ate-que-tenhamos-rostos\/wp-json\/wp\/v2\/media?parent=10"}],"curies":[{"name":"wp","href":"https:\/\/api.w.org\/{rel}","templated":true}]}}