{"id":35,"date":"2011-09-09T09:32:03","date_gmt":"2011-09-09T12:32:03","guid":{"rendered":"http:\/\/ultimato.com.br\/sites\/assim-na-terra\/?page_id=35"},"modified":"2011-09-09T09:32:23","modified_gmt":"2011-09-09T12:32:23","slug":"o-que-disseram","status":"publish","type":"page","link":"https:\/\/ultimato.com.br\/sites\/assim-na-terra\/o-que-disseram\/","title":{"rendered":"O que disseram"},"content":{"rendered":"<blockquote>\n<p>\u201cQuantos projetos excelentes, &#8220;m\u00e9dios&#8221; e n\u00e3o t\u00e3o bons pude conhecer e que transformam a teoria em pr\u00e1tica viva! Assim \u00e9 o valor de <em>Assim na Terra como no C\u00e9u<\/em>. Ao longo dos \u00faltimos anos a igreja evang\u00e9lica come\u00e7a a tomar conhecimento, mesmo timidamente, do seu papel socioambiental, um papel de resgate da cria\u00e7\u00e3o de Deus, um papel b\u00edblico e gritante que n\u00e3o podemos ignorar mais. Por\u00e9m o <em>que <\/em>fazer? <em>Como <\/em>faz\u00ea-lo? E <em>qual <\/em>deve ser o nosso v\u00ednculo com outros \u00f3rg\u00e3os da sociedade? Finalmente temos em m\u00e3o um livro que d\u00e1 pistas concretas, modelos j\u00e1 vividos e ainda em a\u00e7\u00e3o. S\u00e3o modelos para nos inspirar e orientar como igrejas que queiram impactar, com a gra\u00e7a de Deus, as suas comunidades e o seu ambiente.\u201d<\/p>\n<\/blockquote>\n<p style=\"text-align: right;\"><em>\u2014 Tim\u00f3teo Carriker, missi\u00f3logo e escritor<\/em><\/p>\n<p>&nbsp;<\/p>\n<blockquote>\n<p>\u201c<em>Assim na Terra como no C\u00e9u<\/em> \u00e9 leitura obrigat\u00f3ria para quem deseja conhecer um pouco mais sobre o que alguns grupos evang\u00e9licos organizados realizam pela sustentabilidade ambiental, desenvolvimento comunit\u00e1rio e defesa de direitos. As experi\u00eancias s\u00e3o registradas neste livro como uma provocativa mensagem: os evang\u00e9licos participam desse novo momento hist\u00f3rico no qual a natureza passa a ser vista como um sujeito ativo do processo pol\u00edtico humano. Parece que vivemos um momento de reconhecer que para crescer e se desenvolver a humanidade precisa pensar em mecanismos de sustentabilidade; afinal, nossos recursos naturais s\u00e3o finitos e limitados. Em Assim na terra como no c\u00e9u, a Igreja \u00e9 protagonista em agir e reagir em defesa do meio ambiente. Dentro e fora da Igreja, agora a sociedade brasileira tem nesta obra um ponto de partida no conhecimento do que fazem os evang\u00e9licos nessa tem\u00e1tica ambiental no Brasil hoje.\u201d<\/p>\n<\/blockquote>\n<p style=\"text-align: right;\"><em><em>\u2014 <\/em>Daniela Sanches Frozi, professora e pesquisadora, membro do Conselho Nacional de Seguran\u00e7a Alimentar e Nutricional<\/em><\/p>\n<p>&nbsp;<\/p>\n<blockquote>\n<p>O arco estendido nas nuvens \u00e9 sinal da determina\u00e7\u00e3o graciosa de Deus de n\u00e3o permitir a destrui\u00e7\u00e3o da terra por causa da maldade humana (Gn 9.13). Afinal, a cria\u00e7\u00e3o e as criaturas existem para louvar a Deus (Sl 104; Mt 21.16), o imponder\u00e1vel Senhor do c\u00e9u, da terra e da hist\u00f3ria, n\u00e3o uma divindade dom\u00e9stica qualquer moldada para assegurar fertilidade, relacionamentos e bons neg\u00f3cios. Por isso observar no c\u00e9u o que \u00e9 relevante para a terra significa restabelecer a intimidade das criaturas com o Criador, t\u00e3o deturpada at\u00e9 mesmo no seio de igrejas crist\u00e3s. Rogar, com palavras ensinadas por Jesus, pelo cumprimento da vontade de Deus na terra tal como j\u00e1 vigora no c\u00e9u \u00e9 engajar-se no cuidado desse jardim-reino que cresce por si (Mc 4.26s), para que n\u00e3o fiquemos fora dele (Lutero).<\/p>\n<p>Por isso o presente livro \u00e9 testemunho. Relata como grupos crist\u00e3os se deixaram mover. Das mais diversas formas, por demanda de fora ou indigna\u00e7\u00e3o das entranhas, compreenderam que podem e precisam escolher entre olhar pela janela para um parque florido ou um esgoto fedido, entre ter sobre a mesa comida saud\u00e1vel ou veneno empacotado, entre acumular para si com desperd\u00edcio e partilhar generosamente com parcim\u00f4nia, favorecendo a exuberante gratuidade da vida e n\u00e3o a voracidade da morte. Essa escolha implicou em a\u00e7\u00f5es pessoais e medidas organizativas que levaram a solu\u00e7\u00f5es que falam por si e atestam que o Esp\u00edrito Santo capacita e energiza na caminhada. Nessa educa\u00e7\u00e3o ambiental, valores n\u00e3o se ensinam, mas se cultivam.<\/p>\n<p>Agradecendo aos que se engajaram na cadeia produtiva deste valioso document\u00e1rio, espero desde j\u00e1 que o pr\u00f3ximo livro possa transbordar com a rea\u00e7\u00e3o em cadeia que este causou.<\/p>\n<\/blockquote>\n<p style=\"text-align: right;\"><em><em>\u2014 <\/em>Werner Fuchs, pastor da IECLB, representante da Rede Ecovida de Agroecologia no Conselho Estadual de Desenvolvimento Rural e Agricultura Familiar (CEDRAF) do Paran\u00e1 e representante suplente da RENAS no CONSEA nacional<\/em><\/p>\n<blockquote>\n<p><em>Assim na Terra como no C\u00e9u<\/em> p\u00f5e em evid\u00eancia o despertar da consci\u00eancia social que hoje est\u00e1 acontecendo no movimento evang\u00e9lico ao redor do mundo. Desta perspectiva, o prop\u00f3sito de Deus engloba a totalidade da cria\u00e7\u00e3o e cada aspecto da vida humana, e o evangelho \u00e9 a boa not\u00edcia de que, por meio de Jesus Cristo, Deus se prop\u00f4s a \u201c[reconciliar] consigo mesmo todas as coisas, quer sobre a terra, quer nos c\u00e9us\u201d (Cl 1.20). Este livro oferece ao leitor v\u00e1rias experi\u00eancias de projetos socioambientais, que mostram maneiras concretas como o reino de Deus se manifesta na terra e ilustram o alcance da obra de reconcilia\u00e7\u00e3o em Cristo. Recomendo esta leitura como um valioso desafio ao compromisso com a miss\u00e3o de Deus, que \u00e9 uma miss\u00e3o integral.<\/p>\n<\/blockquote>\n<p style=\"text-align: right;\"><em><em>\u2014 <\/em>Ren\u00e9 Padilla, te\u00f3logo e escritor<\/em><\/p>\n<blockquote>\n<p>\u201c<em>Assim na Terra como no C\u00e9u <\/em>chega feito um mutir\u00e3o, um trabalho em conjunto, uma mistura de vozes, de gente trabalhando pelos quatro cantos do Brasil. O livro vem como um vento que anuncia que a primavera vai chegar, que os tempos v\u00e3o mudar. H\u00e1 que se ter esperan\u00e7a, h\u00e1 que se ter paci\u00eancia, h\u00e1 que se ter const\u00e2ncia. <em>Assim na Terra como no C\u00e9u<\/em> \u00e9 um peda\u00e7o de ora\u00e7\u00e3o \u00e0 espera da completude que vir\u00e1 pelo querer de Deus.\u201d<\/p>\n<\/blockquote>\n<p style=\"text-align: right;\"><em><em>\u2014 <\/em>Gladir Cabral, m\u00fasico, pastor e professor<\/em><\/p>\n<blockquote>\n<p>\u201c<em>Assim na Terra como no C\u00e9u<\/em> \u00e9 o pedido por excel\u00eancia do crist\u00e3o\u00a0e o desejo evangel\u00edstico por defini\u00e7\u00e3o.\u00a0Evangelizar, mais que elaborar e dizer um discurso, \u00e9 dar amostra da possibilidade de um novo mundo. No novo c\u00e9u e nova terra \u2014 vontade de Deus para o mundo \u2014, como diz o poeta, &#8220;o homem e a natureza vivem sempre em comunh\u00e3o&#8221;. O que chamamos, pela palavra pag\u00e3, de natureza, \u00e9 cria\u00e7\u00e3o de Deus. Viver em harmonia com a cria\u00e7\u00e3o \u00e9 a vontade de Deus. Essa harmonia \u00e9 poss\u00edvel aqui e agora; os testemunhos registrados nessa obra o confirmam.\u201d<\/p>\n<\/blockquote>\n<p style=\"text-align: right;\"><em><em>\u2014 <\/em>Ariovaldo Ramos<\/em><\/p>\n<p>&nbsp;<\/p>\n","protected":false},"excerpt":{"rendered":"<p>\u201cQuantos projetos excelentes, &#8220;m\u00e9dios&#8221; e n\u00e3o t\u00e3o bons pude conhecer e que transformam a teoria em pr\u00e1tica viva! Assim \u00e9 o valor de Assim na Terra como no C\u00e9u. Ao longo dos \u00faltimos anos a igreja evang\u00e9lica come\u00e7a a tomar conhecimento, mesmo timidamente, do seu papel socioambiental, um papel de resgate da cria\u00e7\u00e3o de Deus, [&hellip;]<\/p>\n","protected":false},"author":8,"featured_media":0,"parent":0,"menu_order":3,"comment_status":"open","ping_status":"open","template":"","meta":{"footnotes":""},"class_list":["post-35","page","type-page","status-publish","hentry"],"_links":{"self":[{"href":"https:\/\/ultimato.com.br\/sites\/assim-na-terra\/wp-json\/wp\/v2\/pages\/35","targetHints":{"allow":["GET"]}}],"collection":[{"href":"https:\/\/ultimato.com.br\/sites\/assim-na-terra\/wp-json\/wp\/v2\/pages"}],"about":[{"href":"https:\/\/ultimato.com.br\/sites\/assim-na-terra\/wp-json\/wp\/v2\/types\/page"}],"author":[{"embeddable":true,"href":"https:\/\/ultimato.com.br\/sites\/assim-na-terra\/wp-json\/wp\/v2\/users\/8"}],"replies":[{"embeddable":true,"href":"https:\/\/ultimato.com.br\/sites\/assim-na-terra\/wp-json\/wp\/v2\/comments?post=35"}],"version-history":[{"count":2,"href":"https:\/\/ultimato.com.br\/sites\/assim-na-terra\/wp-json\/wp\/v2\/pages\/35\/revisions"}],"predecessor-version":[{"id":40,"href":"https:\/\/ultimato.com.br\/sites\/assim-na-terra\/wp-json\/wp\/v2\/pages\/35\/revisions\/40"}],"wp:attachment":[{"href":"https:\/\/ultimato.com.br\/sites\/assim-na-terra\/wp-json\/wp\/v2\/media?parent=35"}],"curies":[{"name":"wp","href":"https:\/\/api.w.org\/{rel}","templated":true}]}}