{"id":11,"date":"2011-09-06T15:42:50","date_gmt":"2011-09-06T18:42:50","guid":{"rendered":"http:\/\/ultimato.com.br\/sites\/assim-na-terra\/?page_id=11"},"modified":"2011-09-09T14:25:00","modified_gmt":"2011-09-09T17:25:00","slug":"a-organizadora","status":"publish","type":"page","link":"https:\/\/ultimato.com.br\/sites\/assim-na-terra\/a-organizadora\/","title":{"rendered":"A organizadora"},"content":{"rendered":"<p><a href=\"http:\/\/ultimato.com.br\/sites\/assim-na-terra\/files\/2011\/09\/ginia_assim_terra_web.jpg\" class=\"lightview\" data-lightview-group=\"group-11\" data-lightview-options=\"skin: 'dark', controls: 'relative', padding: '10', shadow: { color: '#000000', opacity: 0.08, blur: 3 }\" data-lightview-title=\"ginia_assim_terra_web\"><img loading=\"lazy\" decoding=\"async\" class=\"alignleft size-medium wp-image-45\" title=\"ginia_assim_terra_web\" src=\"http:\/\/ultimato.com.br\/sites\/assim-na-terra\/files\/2011\/09\/ginia_assim_terra_web-209x300.jpg\" alt=\"\" width=\"117\" height=\"168\" srcset=\"https:\/\/ultimato.com.br\/sites\/assim-na-terra\/files\/2011\/09\/ginia_assim_terra_web-209x300.jpg 209w, https:\/\/ultimato.com.br\/sites\/assim-na-terra\/files\/2011\/09\/ginia_assim_terra_web.jpg 400w\" sizes=\"auto, (max-width: 117px) 100vw, 117px\" \/><\/a><br \/>\nG\u00ednia C\u00e9sar Bontempo \u00e9 casada com Marcos e m\u00e3e de Andr\u00e9 e Clara. \u00c9 bi\u00f3loga, doutora em meio ambiente e conserva\u00e7\u00e3o da natureza e consultora volunt\u00e1ria d\u2019A Rocha Brasil. \u00c9 organizadora de <strong>Assim na Terra Como no C\u00e9u<\/strong> &#8211; experi\u00eancias socioambientais na igreja local.<\/p>\n","protected":false},"excerpt":{"rendered":"<p>G\u00ednia C\u00e9sar Bontempo \u00e9 casada com Marcos e m\u00e3e de Andr\u00e9 e Clara. \u00c9 bi\u00f3loga, doutora em meio ambiente e conserva\u00e7\u00e3o da natureza e consultora volunt\u00e1ria d\u2019A Rocha Brasil. \u00c9 organizadora de Assim na Terra Como no C\u00e9u &#8211; experi\u00eancias socioambientais na igreja local.<\/p>\n","protected":false},"author":8,"featured_media":0,"parent":0,"menu_order":2,"comment_status":"open","ping_status":"open","template":"","meta":{"footnotes":""},"class_list":["post-11","page","type-page","status-publish","hentry"],"_links":{"self":[{"href":"https:\/\/ultimato.com.br\/sites\/assim-na-terra\/wp-json\/wp\/v2\/pages\/11","targetHints":{"allow":["GET"]}}],"collection":[{"href":"https:\/\/ultimato.com.br\/sites\/assim-na-terra\/wp-json\/wp\/v2\/pages"}],"about":[{"href":"https:\/\/ultimato.com.br\/sites\/assim-na-terra\/wp-json\/wp\/v2\/types\/page"}],"author":[{"embeddable":true,"href":"https:\/\/ultimato.com.br\/sites\/assim-na-terra\/wp-json\/wp\/v2\/users\/8"}],"replies":[{"embeddable":true,"href":"https:\/\/ultimato.com.br\/sites\/assim-na-terra\/wp-json\/wp\/v2\/comments?post=11"}],"version-history":[{"count":4,"href":"https:\/\/ultimato.com.br\/sites\/assim-na-terra\/wp-json\/wp\/v2\/pages\/11\/revisions"}],"predecessor-version":[{"id":47,"href":"https:\/\/ultimato.com.br\/sites\/assim-na-terra\/wp-json\/wp\/v2\/pages\/11\/revisions\/47"}],"wp:attachment":[{"href":"https:\/\/ultimato.com.br\/sites\/assim-na-terra\/wp-json\/wp\/v2\/media?parent=11"}],"curies":[{"name":"wp","href":"https:\/\/api.w.org\/{rel}","templated":true}]}}