{"id":7,"date":"2010-11-08T09:41:35","date_gmt":"2010-11-08T12:41:35","guid":{"rendered":"http:\/\/ultimato.com.br\/sites\/arte-nao-precisa-justificativa\/"},"modified":"2010-11-10T10:37:27","modified_gmt":"2010-11-10T13:37:27","slug":"o-autor","status":"publish","type":"page","link":"https:\/\/ultimato.com.br\/sites\/arte-nao-precisa-justificativa\/o-autor\/","title":{"rendered":"O autor"},"content":{"rendered":"<p><a href=\"http:\/\/ultimato.com.br\/sites\/arte-nao-precisa-justificativa\/files\/2010\/11\/ultimato_hans_rookmaaker.jpg\" class=\"lightview\" data-lightview-group=\"group-7\" data-lightview-options=\"skin: 'dark', controls: 'relative', padding: '10', shadow: { color: '#000000', opacity: 0.08, blur: 3 }\" data-lightview-title=\"Hans Rookmaaker\"><img loading=\"lazy\" decoding=\"async\" class=\"alignleft size-full wp-image-22\" title=\"Hans Rookmaaker\" src=\"http:\/\/ultimato.com.br\/sites\/arte-nao-precisa-justificativa\/files\/2010\/11\/ultimato_hans_rookmaaker.jpg\" alt=\"\" width=\"109\" height=\"144\" srcset=\"https:\/\/ultimato.com.br\/sites\/arte-nao-precisa-justificativa\/files\/2010\/11\/ultimato_hans_rookmaaker.jpg 301w, https:\/\/ultimato.com.br\/sites\/arte-nao-precisa-justificativa\/files\/2010\/11\/ultimato_hans_rookmaaker-225x300.jpg 225w\" sizes=\"auto, (max-width: 109px) 100vw, 109px\" \/><\/a>Hans R. Rookmaaker (1922-1977) foi fundador e professor do departamento de hist\u00f3ria da arte da Universidade Livre de Amsterd\u00e3 e, talvez, o principal historiador e cr\u00edtico cultural protestante do s\u00e9culo 20. Deixou dezenas de livros publicados, abordando as rela\u00e7\u00f5es entre a cultura e o cristianismo, centenas de artigos, como tamb\u00e9m departamentos de arte estruturados tanto na Europa como nos Estados Unidos.<\/p>\n<p>Para saber mais sobre o autor, leia tamb\u00e9m &#8220;O senhorio de Cristo e a reden\u00e7\u00e3o das artes: um olhar sobre a vida, obra e pensamento&#8221; de Hans Rookmaaker, ensaio publicado em <a href=\"http:\/\/www.ultimato.com.br\/loja\/produtos\/fe-crista-e-cultura-contemporanea\" target=\"_blank\">F\u00e9 Crist\u00e3 e Cultura Contempor\u00e2nea<\/a>, por Rodolfo Amorim Carlos de Souza, um dos organizadores da obra.<\/p>\n","protected":false},"excerpt":{"rendered":"<p>Hans R. Rookmaaker (1922-1977) foi fundador e professor do departamento de hist\u00f3ria da arte da Universidade Livre de Amsterd\u00e3 e, talvez, o principal historiador e cr\u00edtico cultural protestante do s\u00e9culo 20. Deixou dezenas de livros publicados, abordando as rela\u00e7\u00f5es entre a cultura e o cristianismo, centenas de artigos, como tamb\u00e9m departamentos de arte estruturados tanto [&hellip;]<\/p>\n","protected":false},"author":4,"featured_media":0,"parent":0,"menu_order":2,"comment_status":"open","ping_status":"open","template":"","meta":{"footnotes":""},"class_list":["post-7","page","type-page","status-publish","hentry"],"_links":{"self":[{"href":"https:\/\/ultimato.com.br\/sites\/arte-nao-precisa-justificativa\/wp-json\/wp\/v2\/pages\/7","targetHints":{"allow":["GET"]}}],"collection":[{"href":"https:\/\/ultimato.com.br\/sites\/arte-nao-precisa-justificativa\/wp-json\/wp\/v2\/pages"}],"about":[{"href":"https:\/\/ultimato.com.br\/sites\/arte-nao-precisa-justificativa\/wp-json\/wp\/v2\/types\/page"}],"author":[{"embeddable":true,"href":"https:\/\/ultimato.com.br\/sites\/arte-nao-precisa-justificativa\/wp-json\/wp\/v2\/users\/4"}],"replies":[{"embeddable":true,"href":"https:\/\/ultimato.com.br\/sites\/arte-nao-precisa-justificativa\/wp-json\/wp\/v2\/comments?post=7"}],"version-history":[{"count":5,"href":"https:\/\/ultimato.com.br\/sites\/arte-nao-precisa-justificativa\/wp-json\/wp\/v2\/pages\/7\/revisions"}],"predecessor-version":[{"id":23,"href":"https:\/\/ultimato.com.br\/sites\/arte-nao-precisa-justificativa\/wp-json\/wp\/v2\/pages\/7\/revisions\/23"}],"wp:attachment":[{"href":"https:\/\/ultimato.com.br\/sites\/arte-nao-precisa-justificativa\/wp-json\/wp\/v2\/media?parent=7"}],"curies":[{"name":"wp","href":"https:\/\/api.w.org\/{rel}","templated":true}]}}