{"id":2,"date":"2010-11-05T11:09:22","date_gmt":"2010-11-05T11:09:22","guid":{"rendered":"http:\/\/ultimato.com.br\/sites\/arte-nao-precisa-justificativa\/?page_id=2"},"modified":"2010-11-08T09:41:05","modified_gmt":"2010-11-08T12:41:05","slug":"sobre","status":"publish","type":"page","link":"https:\/\/ultimato.com.br\/sites\/arte-nao-precisa-justificativa\/","title":{"rendered":"O livro"},"content":{"rendered":"<p><strong>A Arte N\u00e3o Precisa de Justificativa<\/strong> \u00e9 uma leitura para todos os crist\u00e3os que desejam usar seus talentos para a gl\u00f3ria daquele que os presenteou.<\/p>\n<p>Para o autor, qualquer discuss\u00e3o sobre o papel da arte deve ser precedida por uma afirma\u00e7\u00e3o b\u00e1sica: a arte n\u00e3o precisa de justificativa \u2014 nem por motivos religiosos ou prop\u00f3sitos evangel\u00edsticos, nem por fins econ\u00f4micos ou pol\u00edticos.<\/p>\n<p><strong>A Arte N\u00e3o Precisa de Justificativa<\/strong> \u00e9 um chamado aos artistas, artes\u00e3os e m\u00fasicos crist\u00e3os para que chorem, orem, pensem e trabalhem.<\/p>\n","protected":false},"excerpt":{"rendered":"<p>A Arte N\u00e3o Precisa de Justificativa \u00e9 uma leitura para todos os crist\u00e3os que desejam usar seus talentos para a gl\u00f3ria daquele que os presenteou. Para o autor, qualquer discuss\u00e3o sobre o papel da arte deve ser precedida por uma afirma\u00e7\u00e3o b\u00e1sica: a arte n\u00e3o precisa de justificativa \u2014 nem por motivos religiosos ou prop\u00f3sitos [&hellip;]<\/p>\n","protected":false},"author":4,"featured_media":0,"parent":0,"menu_order":1,"comment_status":"open","ping_status":"open","template":"","meta":{"footnotes":""},"class_list":["post-2","page","type-page","status-publish","hentry"],"_links":{"self":[{"href":"https:\/\/ultimato.com.br\/sites\/arte-nao-precisa-justificativa\/wp-json\/wp\/v2\/pages\/2","targetHints":{"allow":["GET"]}}],"collection":[{"href":"https:\/\/ultimato.com.br\/sites\/arte-nao-precisa-justificativa\/wp-json\/wp\/v2\/pages"}],"about":[{"href":"https:\/\/ultimato.com.br\/sites\/arte-nao-precisa-justificativa\/wp-json\/wp\/v2\/types\/page"}],"author":[{"embeddable":true,"href":"https:\/\/ultimato.com.br\/sites\/arte-nao-precisa-justificativa\/wp-json\/wp\/v2\/users\/4"}],"replies":[{"embeddable":true,"href":"https:\/\/ultimato.com.br\/sites\/arte-nao-precisa-justificativa\/wp-json\/wp\/v2\/comments?post=2"}],"version-history":[{"count":2,"href":"https:\/\/ultimato.com.br\/sites\/arte-nao-precisa-justificativa\/wp-json\/wp\/v2\/pages\/2\/revisions"}],"predecessor-version":[{"id":6,"href":"https:\/\/ultimato.com.br\/sites\/arte-nao-precisa-justificativa\/wp-json\/wp\/v2\/pages\/2\/revisions\/6"}],"wp:attachment":[{"href":"https:\/\/ultimato.com.br\/sites\/arte-nao-precisa-justificativa\/wp-json\/wp\/v2\/media?parent=2"}],"curies":[{"name":"wp","href":"https:\/\/api.w.org\/{rel}","templated":true}]}}