{"id":10,"date":"2010-11-08T09:42:57","date_gmt":"2010-11-08T12:42:57","guid":{"rendered":"http:\/\/ultimato.com.br\/sites\/arte-nao-precisa-justificativa\/"},"modified":"2010-11-08T09:42:57","modified_gmt":"2010-11-08T12:42:57","slug":"forum","status":"publish","type":"page","link":"https:\/\/ultimato.com.br\/sites\/arte-nao-precisa-justificativa\/forum\/","title":{"rendered":"F\u00f3rum"},"content":{"rendered":"<p>Quase sempre, vemos os artistas como sumos sacerdotes da cultura \u2014 nossos gurus \u2014 ou como celebridades e bobos da corte. Ao mesmo tempo, esperamos que eles criem coisas de valor quase eterno. No entanto, se os artistas quiserem alcan\u00e7ar sucesso, \u00e9 preciso aderir \u00e0 moda e ter apelo comercial.<\/p>\n<p>Ultimato quer saber. Para vender \u00e9 preciso abrir m\u00e3o da qualidade e fazer concess\u00f5es ao mercado? Arte combina com popularidade?<\/p>\n","protected":false},"excerpt":{"rendered":"<p>Quase sempre, vemos os artistas como sumos sacerdotes da cultura \u2014 nossos gurus \u2014 ou como celebridades e bobos da corte. Ao mesmo tempo, esperamos que eles criem coisas de valor quase eterno. No entanto, se os artistas quiserem alcan\u00e7ar sucesso, \u00e9 preciso aderir \u00e0 moda e ter apelo comercial. Ultimato quer saber. Para vender [&hellip;]<\/p>\n","protected":false},"author":4,"featured_media":0,"parent":0,"menu_order":3,"comment_status":"open","ping_status":"open","template":"","meta":{"footnotes":""},"class_list":["post-10","page","type-page","status-publish","hentry"],"_links":{"self":[{"href":"https:\/\/ultimato.com.br\/sites\/arte-nao-precisa-justificativa\/wp-json\/wp\/v2\/pages\/10","targetHints":{"allow":["GET"]}}],"collection":[{"href":"https:\/\/ultimato.com.br\/sites\/arte-nao-precisa-justificativa\/wp-json\/wp\/v2\/pages"}],"about":[{"href":"https:\/\/ultimato.com.br\/sites\/arte-nao-precisa-justificativa\/wp-json\/wp\/v2\/types\/page"}],"author":[{"embeddable":true,"href":"https:\/\/ultimato.com.br\/sites\/arte-nao-precisa-justificativa\/wp-json\/wp\/v2\/users\/4"}],"replies":[{"embeddable":true,"href":"https:\/\/ultimato.com.br\/sites\/arte-nao-precisa-justificativa\/wp-json\/wp\/v2\/comments?post=10"}],"version-history":[{"count":2,"href":"https:\/\/ultimato.com.br\/sites\/arte-nao-precisa-justificativa\/wp-json\/wp\/v2\/pages\/10\/revisions"}],"predecessor-version":[{"id":12,"href":"https:\/\/ultimato.com.br\/sites\/arte-nao-precisa-justificativa\/wp-json\/wp\/v2\/pages\/10\/revisions\/12"}],"wp:attachment":[{"href":"https:\/\/ultimato.com.br\/sites\/arte-nao-precisa-justificativa\/wp-json\/wp\/v2\/media?parent=10"}],"curies":[{"name":"wp","href":"https:\/\/api.w.org\/{rel}","templated":true}]}}