{"id":7,"date":"2015-01-27T22:57:11","date_gmt":"2015-01-27T22:57:11","guid":{"rendered":"http:\/\/ultimato.com.br\/sites\/arte-moderna-morte-cultura\/?page_id=7"},"modified":"2015-01-27T23:17:07","modified_gmt":"2015-01-27T23:17:07","slug":"o-livro","status":"publish","type":"page","link":"https:\/\/ultimato.com.br\/sites\/arte-moderna-morte-cultura\/","title":{"rendered":"O livro"},"content":{"rendered":"<div>Hans R. Rookmaaker \u00e9, talvez, o principal historiador e cr\u00edtico cultural protestante do s\u00e9culo 20.\u00a0Em\u00a0<strong>A Arte Moderna e a Morte de uma Cultura,<\/strong>\u00a0ele apresenta de forma brilhante os movimentos e a turbul\u00eancia cultural dos anos sessenta, bem como o seu impacto hoje, especialmente sobre o mundo das artes.Para Rookmaaker, o que est\u00e1 em jogo n\u00e3o s\u00e3o apenas os movimentos culturais e as tend\u00eancias, mas tamb\u00e9m as quest\u00f5es espirituais e como relacionar a f\u00e9 crist\u00e3 com os diferentes campos da cultura.<br \/>\n<strong><br \/>\nA Arte Moderna e a Morte de Uma Cultura<\/strong>\u00a0\u00e9 um marco na compreens\u00e3o crist\u00e3 das artes. Uma obra essencial para aqueles que se encantam com a produ\u00e7\u00e3o musical, a arte perform\u00e1tica, as artes visuais ou o cinema contempor\u00e2neo. Importante tanto para o leigo quanto para o profissional e o estudante de artes, ela aponta o abandono de cren\u00e7as fundamentais e suas implica\u00e7\u00f5es para a nossa caminhada crist\u00e3.<\/div>\n<p>&nbsp;<\/p>\n<p><iframe loading=\"lazy\" width=\"610\" height=\"343\" src=\"\/\/www.youtube.com\/embed\/AOw2rzRlyPw\" frameborder=\"0\" allowfullscreen><\/iframe><\/p>\n","protected":false},"excerpt":{"rendered":"<p>Hans R. Rookmaaker \u00e9, talvez, o principal historiador e cr\u00edtico cultural protestante do s\u00e9culo 20.\u00a0Em\u00a0A Arte Moderna e a Morte de uma Cultura,\u00a0ele apresenta de forma brilhante os movimentos e a turbul\u00eancia cultural dos anos sessenta, bem como o seu impacto hoje, especialmente sobre o mundo das artes.Para Rookmaaker, o que est\u00e1 em jogo n\u00e3o [&hellip;]<\/p>\n","protected":false},"author":24,"featured_media":0,"parent":0,"menu_order":0,"comment_status":"closed","ping_status":"open","template":"","meta":{"footnotes":""},"class_list":["post-7","page","type-page","status-publish","hentry"],"_links":{"self":[{"href":"https:\/\/ultimato.com.br\/sites\/arte-moderna-morte-cultura\/wp-json\/wp\/v2\/pages\/7","targetHints":{"allow":["GET"]}}],"collection":[{"href":"https:\/\/ultimato.com.br\/sites\/arte-moderna-morte-cultura\/wp-json\/wp\/v2\/pages"}],"about":[{"href":"https:\/\/ultimato.com.br\/sites\/arte-moderna-morte-cultura\/wp-json\/wp\/v2\/types\/page"}],"author":[{"embeddable":true,"href":"https:\/\/ultimato.com.br\/sites\/arte-moderna-morte-cultura\/wp-json\/wp\/v2\/users\/24"}],"replies":[{"embeddable":true,"href":"https:\/\/ultimato.com.br\/sites\/arte-moderna-morte-cultura\/wp-json\/wp\/v2\/comments?post=7"}],"version-history":[{"count":4,"href":"https:\/\/ultimato.com.br\/sites\/arte-moderna-morte-cultura\/wp-json\/wp\/v2\/pages\/7\/revisions"}],"predecessor-version":[{"id":44,"href":"https:\/\/ultimato.com.br\/sites\/arte-moderna-morte-cultura\/wp-json\/wp\/v2\/pages\/7\/revisions\/44"}],"wp:attachment":[{"href":"https:\/\/ultimato.com.br\/sites\/arte-moderna-morte-cultura\/wp-json\/wp\/v2\/media?parent=7"}],"curies":[{"name":"wp","href":"https:\/\/api.w.org\/{rel}","templated":true}]}}