{"id":27,"date":"2015-01-27T23:04:23","date_gmt":"2015-01-27T23:04:23","guid":{"rendered":"http:\/\/ultimato.com.br\/sites\/arte-moderna-morte-cultura\/?page_id=27"},"modified":"2015-02-02T03:54:49","modified_gmt":"2015-02-02T03:54:49","slug":"banners","status":"publish","type":"page","link":"https:\/\/ultimato.com.br\/sites\/arte-moderna-morte-cultura\/extras\/banners\/","title":{"rendered":"Banners"},"content":{"rendered":"<p><strong>Banner 120&#215;60<\/strong><\/p>\n<table border=\"0\" width=\"100%\" cellspacing=\"0\" cellpadding=\"0\">\n<tbody>\n<tr>\n<td>\u00a0<a href=\"http:\/\/ultimato.com.br\/sites\/arte-moderna-morte-cultura\/files\/2015\/01\/bannerE_aam.gif\"><img loading=\"lazy\" decoding=\"async\" class=\"size-full wp-image-36 aligncenter\" src=\"http:\/\/ultimato.com.br\/sites\/arte-moderna-morte-cultura\/files\/2015\/01\/bannerE_aam.gif\" alt=\"bannerD_aam\" width=\"120\" height=\"60\" \/><\/a><\/td>\n<\/tr>\n<tr>\n<td><a href=\"http:\/\/ultimato.com.br\/sites\/arte-moderna-morte-cultura\/files\/2015\/01\/bannerE_aam.gif\" target=\"_blank\">[120&#215;60]<\/a><\/td>\n<\/tr>\n<\/tbody>\n<\/table>\n<p><em>C\u00f3digo de incorpora\u00e7\u00e3o:<\/em><br \/>\n&lt;a title=&#8221;A Arte Moderna e a Morte de Uma Cultura&#8221; href=&#8221;http:\/\/ultimato.com.br\/sites\/arte-moderna-morte-cultura\/&#8221; target=&#8221;_blank&#8221;&gt;&lt;img style=&#8221;border: 0px initial initial;&#8221; title=&#8221;Banner 120\u00d760&#8243; alt=&#8221;&#8221; src=&#8221;http:\/\/ultimato.com.br\/sites\/arte-moderna-morte-cultura\/files\/2015\/01\/bannerE_aam.gif&#8221; width=&#8221;120&#8243; height=&#8221;60&#8243; \/&gt;&lt;\/a&gt;<\/p>\n<p><strong>Banner 120&#215;240<\/strong><\/p>\n<table border=\"0\" width=\"100%\" cellspacing=\"0\" cellpadding=\"0\">\n<tbody>\n<tr>\n<td><a href=\"http:\/\/ultimato.com.br\/sites\/arte-moderna-morte-cultura\/files\/2015\/01\/bannerD_aam.gif\"><img loading=\"lazy\" decoding=\"async\" class=\"size-full wp-image-39 aligncenter\" src=\"http:\/\/ultimato.com.br\/sites\/arte-moderna-morte-cultura\/files\/2015\/01\/bannerD_aam.gif\" alt=\"bannerD_aam\" width=\"120\" height=\"240\" \/><\/a><\/td>\n<\/tr>\n<tr>\n<td><a href=\"http:\/\/ultimato.com.br\/sites\/arte-moderna-morte-cultura\/files\/2015\/01\/bannerD_aam.gif\" target=\"_blank\">[120&#215;240]<\/a><\/td>\n<\/tr>\n<\/tbody>\n<\/table>\n<p><em>C\u00f3digo de incorpora\u00e7\u00e3o:<\/em><br \/>\n&lt;a title=&#8221;A Arte Moderna e a Morte de Uma Cultura&#8221; href=&#8221;http:\/\/ultimato.com.br\/sites\/arte-moderna-morte-cultura\/&#8221; target=&#8221;_blank&#8221;&gt;&lt;img style=&#8221;border: 0px initial initial;&#8221; title=&#8221;Banner 120\u00d7240&#8243; alt=&#8221;&#8221; src=&#8221;http:\/\/ultimato.com.br\/sites\/arte-moderna-morte-cultura\/files\/2015\/01\/bannerD_aam.gif&#8221; width=&#8221;120&#8243; height=&#8221;240&#8243; \/&gt;&lt;\/a&gt;<\/p>\n","protected":false},"excerpt":{"rendered":"<p>Banner 120&#215;60 \u00a0 [120&#215;60] C\u00f3digo de incorpora\u00e7\u00e3o: &lt;a title=&#8221;A Arte Moderna e a Morte de Uma Cultura&#8221; href=&#8221;http:\/\/ultimato.com.br\/sites\/arte-moderna-morte-cultura\/&#8221; target=&#8221;_blank&#8221;&gt;&lt;img style=&#8221;border: 0px initial initial;&#8221; title=&#8221;Banner 120\u00d760&#8243; alt=&#8221;&#8221; src=&#8221;http:\/\/ultimato.com.br\/sites\/arte-moderna-morte-cultura\/files\/2015\/01\/bannerE_aam.gif&#8221; width=&#8221;120&#8243; height=&#8221;60&#8243; \/&gt;&lt;\/a&gt; Banner 120&#215;240 [120&#215;240] C\u00f3digo de incorpora\u00e7\u00e3o: &lt;a title=&#8221;A Arte Moderna e a Morte de Uma Cultura&#8221; href=&#8221;http:\/\/ultimato.com.br\/sites\/arte-moderna-morte-cultura\/&#8221; target=&#8221;_blank&#8221;&gt;&lt;img style=&#8221;border: 0px initial initial;&#8221; title=&#8221;Banner 120\u00d7240&#8243; alt=&#8221;&#8221; [&hellip;]<\/p>\n","protected":false},"author":24,"featured_media":0,"parent":19,"menu_order":2,"comment_status":"closed","ping_status":"open","template":"","meta":{"footnotes":""},"class_list":["post-27","page","type-page","status-publish","hentry"],"_links":{"self":[{"href":"https:\/\/ultimato.com.br\/sites\/arte-moderna-morte-cultura\/wp-json\/wp\/v2\/pages\/27","targetHints":{"allow":["GET"]}}],"collection":[{"href":"https:\/\/ultimato.com.br\/sites\/arte-moderna-morte-cultura\/wp-json\/wp\/v2\/pages"}],"about":[{"href":"https:\/\/ultimato.com.br\/sites\/arte-moderna-morte-cultura\/wp-json\/wp\/v2\/types\/page"}],"author":[{"embeddable":true,"href":"https:\/\/ultimato.com.br\/sites\/arte-moderna-morte-cultura\/wp-json\/wp\/v2\/users\/24"}],"replies":[{"embeddable":true,"href":"https:\/\/ultimato.com.br\/sites\/arte-moderna-morte-cultura\/wp-json\/wp\/v2\/comments?post=27"}],"version-history":[{"count":5,"href":"https:\/\/ultimato.com.br\/sites\/arte-moderna-morte-cultura\/wp-json\/wp\/v2\/pages\/27\/revisions"}],"predecessor-version":[{"id":48,"href":"https:\/\/ultimato.com.br\/sites\/arte-moderna-morte-cultura\/wp-json\/wp\/v2\/pages\/27\/revisions\/48"}],"up":[{"embeddable":true,"href":"https:\/\/ultimato.com.br\/sites\/arte-moderna-morte-cultura\/wp-json\/wp\/v2\/pages\/19"}],"wp:attachment":[{"href":"https:\/\/ultimato.com.br\/sites\/arte-moderna-morte-cultura\/wp-json\/wp\/v2\/media?parent=27"}],"curies":[{"name":"wp","href":"https:\/\/api.w.org\/{rel}","templated":true}]}}