{"id":15,"date":"2015-01-27T23:01:43","date_gmt":"2015-01-27T23:01:43","guid":{"rendered":"http:\/\/ultimato.com.br\/sites\/arte-moderna-morte-cultura\/?page_id=15"},"modified":"2015-01-27T23:01:43","modified_gmt":"2015-01-27T23:01:43","slug":"o-que-disseram","status":"publish","type":"page","link":"https:\/\/ultimato.com.br\/sites\/arte-moderna-morte-cultura\/o-que-disseram\/","title":{"rendered":"O que disseram"},"content":{"rendered":"<blockquote><p>Alguns livros marcam a hist\u00f3ria devido \u00e0 ousadia da tese defendida e \u00e0 for\u00e7a dos argumentos apresentados, modi\u00adficando de forma definitiva a compreens\u00e3o de determinada realidade e o di\u00e1logo sobre determinado tema. Ap\u00f3s mais de quarenta anos de sua publica\u00e7\u00e3o, pode-se dizer que\u00a0<strong>A Arte Moderna e a Morte de Uma Cultura\u00a0<\/strong>realizou esta proeza na compreens\u00e3o crist\u00e3 das artes em sua express\u00e3o ocidental contempor\u00e2nea.<\/p><\/blockquote>\n<p><em>\u2013 Rodolfo Amorim C. de Souza, obreiro de L\u2019Abri Brasil<\/em><\/p>\n","protected":false},"excerpt":{"rendered":"<p>Alguns livros marcam a hist\u00f3ria devido \u00e0 ousadia da tese defendida e \u00e0 for\u00e7a dos argumentos apresentados, modi\u00adficando de forma definitiva a compreens\u00e3o de determinada realidade e o di\u00e1logo sobre determinado tema. Ap\u00f3s mais de quarenta anos de sua publica\u00e7\u00e3o, pode-se dizer que\u00a0A Arte Moderna e a Morte de Uma Cultura\u00a0realizou esta proeza na compreens\u00e3o [&hellip;]<\/p>\n","protected":false},"author":24,"featured_media":0,"parent":0,"menu_order":2,"comment_status":"closed","ping_status":"open","template":"","meta":{"footnotes":""},"class_list":["post-15","page","type-page","status-publish","hentry"],"_links":{"self":[{"href":"https:\/\/ultimato.com.br\/sites\/arte-moderna-morte-cultura\/wp-json\/wp\/v2\/pages\/15","targetHints":{"allow":["GET"]}}],"collection":[{"href":"https:\/\/ultimato.com.br\/sites\/arte-moderna-morte-cultura\/wp-json\/wp\/v2\/pages"}],"about":[{"href":"https:\/\/ultimato.com.br\/sites\/arte-moderna-morte-cultura\/wp-json\/wp\/v2\/types\/page"}],"author":[{"embeddable":true,"href":"https:\/\/ultimato.com.br\/sites\/arte-moderna-morte-cultura\/wp-json\/wp\/v2\/users\/24"}],"replies":[{"embeddable":true,"href":"https:\/\/ultimato.com.br\/sites\/arte-moderna-morte-cultura\/wp-json\/wp\/v2\/comments?post=15"}],"version-history":[{"count":1,"href":"https:\/\/ultimato.com.br\/sites\/arte-moderna-morte-cultura\/wp-json\/wp\/v2\/pages\/15\/revisions"}],"predecessor-version":[{"id":17,"href":"https:\/\/ultimato.com.br\/sites\/arte-moderna-morte-cultura\/wp-json\/wp\/v2\/pages\/15\/revisions\/17"}],"wp:attachment":[{"href":"https:\/\/ultimato.com.br\/sites\/arte-moderna-morte-cultura\/wp-json\/wp\/v2\/media?parent=15"}],"curies":[{"name":"wp","href":"https:\/\/api.w.org\/{rel}","templated":true}]}}