{"id":10,"date":"2015-01-27T22:58:11","date_gmt":"2015-01-27T22:58:11","guid":{"rendered":"http:\/\/ultimato.com.br\/sites\/arte-moderna-morte-cultura\/?page_id=10"},"modified":"2015-01-27T23:02:15","modified_gmt":"2015-01-27T23:02:15","slug":"o-autor","status":"publish","type":"page","link":"https:\/\/ultimato.com.br\/sites\/arte-moderna-morte-cultura\/o-autor\/","title":{"rendered":"O autor"},"content":{"rendered":"<p><b><a href=\"http:\/\/ultimato.com.br\/sites\/arte-moderna-morte-cultura\/files\/2015\/01\/foto_hs_rook.jpg\"><img loading=\"lazy\" decoding=\"async\" class=\"alignleft size-thumbnail wp-image-11\" src=\"http:\/\/ultimato.com.br\/sites\/arte-moderna-morte-cultura\/files\/2015\/01\/foto_hs_rook-150x150.jpg\" alt=\"foto_hs_rook\" width=\"150\" height=\"150\" \/><\/a>H. R. Rookmaaker <\/b>(1922\u20131977) cresceu nas \u00cdndias Orientais Holandesas. Quando jovem, durante a guerra na Holanda, foi preso por distribuir folhetos antinazistas e tornou-se crist\u00e3o durante esse per\u00edodo. Em 1948, come\u00e7ou uma amizade com Francis Schaeffer que durou toda a vida. Em 1959, publicou sua tese de doutorado sobre o artista Gauguin e, em 1965, foi convidado a ocupar a c\u00e1tedra de hist\u00f3ria da arte na Universidade Livre de Amsterd\u00e3. Deixou departamentos de arte estruturados tanto na Europa como nos Estados Unidos, e foi tamb\u00e9m um cr\u00edtico de <i>jazz<\/i> muito respeitado. \u00c9 autor de <i>A Arte N\u00e3o Precisa de Justificativa<\/i>.<\/p>\n","protected":false},"excerpt":{"rendered":"<p>H. R. Rookmaaker (1922\u20131977) cresceu nas \u00cdndias Orientais Holandesas. Quando jovem, durante a guerra na Holanda, foi preso por distribuir folhetos antinazistas e tornou-se crist\u00e3o durante esse per\u00edodo. Em 1948, come\u00e7ou uma amizade com Francis Schaeffer que durou toda a vida. Em 1959, publicou sua tese de doutorado sobre o artista Gauguin e, em 1965, [&hellip;]<\/p>\n","protected":false},"author":24,"featured_media":0,"parent":0,"menu_order":1,"comment_status":"closed","ping_status":"open","template":"","meta":{"footnotes":""},"class_list":["post-10","page","type-page","status-publish","hentry"],"_links":{"self":[{"href":"https:\/\/ultimato.com.br\/sites\/arte-moderna-morte-cultura\/wp-json\/wp\/v2\/pages\/10","targetHints":{"allow":["GET"]}}],"collection":[{"href":"https:\/\/ultimato.com.br\/sites\/arte-moderna-morte-cultura\/wp-json\/wp\/v2\/pages"}],"about":[{"href":"https:\/\/ultimato.com.br\/sites\/arte-moderna-morte-cultura\/wp-json\/wp\/v2\/types\/page"}],"author":[{"embeddable":true,"href":"https:\/\/ultimato.com.br\/sites\/arte-moderna-morte-cultura\/wp-json\/wp\/v2\/users\/24"}],"replies":[{"embeddable":true,"href":"https:\/\/ultimato.com.br\/sites\/arte-moderna-morte-cultura\/wp-json\/wp\/v2\/comments?post=10"}],"version-history":[{"count":3,"href":"https:\/\/ultimato.com.br\/sites\/arte-moderna-morte-cultura\/wp-json\/wp\/v2\/pages\/10\/revisions"}],"predecessor-version":[{"id":14,"href":"https:\/\/ultimato.com.br\/sites\/arte-moderna-morte-cultura\/wp-json\/wp\/v2\/pages\/10\/revisions\/14"}],"wp:attachment":[{"href":"https:\/\/ultimato.com.br\/sites\/arte-moderna-morte-cultura\/wp-json\/wp\/v2\/media?parent=10"}],"curies":[{"name":"wp","href":"https:\/\/api.w.org\/{rel}","templated":true}]}}