{"id":73,"date":"2010-03-23T10:54:09","date_gmt":"2010-03-23T13:54:09","guid":{"rendered":"http:\/\/ultimato.com.br\/blogs\/arte-biblia\/espaco-arte\/links-interessantes\/"},"modified":"2010-03-25T11:06:02","modified_gmt":"2010-03-25T14:06:02","slug":"links-interessantes","status":"publish","type":"page","link":"https:\/\/ultimato.com.br\/sites\/arte-biblia\/espaco-arte\/links-interessantes\/","title":{"rendered":"links interessantes"},"content":{"rendered":"<p><strong>Artes gerais<\/strong><br \/>\n<a href=\"http:\/\/www.cristianismocriativo.com.br\/\" target=\"_blank\">Cristianismo Criativo<\/a><br \/>\n<a href=\"http:\/\/teologiaearte.blogspot.com\/\" target=\"_blank\"> Teologia e arte<\/a><br \/>\n<a href=\"http:\/\/www.mpc.org.br\/site2009\/\" target=\"_blank\">Mocidade para Cristo<\/a><br \/>\n<a href=\"http:\/\/www.cristianismocriativo.com.br\/index.php?option=com_content&amp;task=view&amp;id=335&amp;Itemid=36\" target=\"_blank\"> Manifesto do artista crist\u00e3o<\/a><br \/>\n<a href=\"http:\/\/www.labri.org\/\" target=\"_blank\"> L&#8217;ABRI<\/a><\/p>\n<p><strong>M\u00fasica<\/strong><br \/>\n<a href=\"http:\/\/plataforma.art.br\/\" target=\"_blank\"> Plataforma<\/a><br \/>\n<a href=\"http:\/\/www.nelsonbomilcar.com.br\/\" target=\"_blank\"> Nelson Bomilcar<\/a><br \/>\n<a href=\"http:\/\/www.vpc.com.br\/website\/\" target=\"_blank\"> Vencedores por Cristo<\/a><br \/>\n<a href=\"http:\/\/www.jorgecamargo.com.br\/\" target=\"_blank\"> Jorge Camargo<\/a><\/p>\n<p><strong>Cinema<\/strong><br \/>\n<a href=\"http:\/\/petraconi.blogspot.com\/\" target=\"_blank\"> Cinema e Cosmovis\u00e3o<\/a><br \/>\n<a href=\"http:\/\/cinegospel.wordpress.com\/\" target=\"_blank\"> CINEGospel<\/a><\/p>\n","protected":false},"excerpt":{"rendered":"<p>Artes gerais Cristianismo Criativo Teologia e arte Mocidade para Cristo Manifesto do artista crist\u00e3o L&#8217;ABRI M\u00fasica Plataforma Nelson Bomilcar Vencedores por Cristo Jorge Camargo Cinema Cinema e Cosmovis\u00e3o CINEGospel<\/p>\n","protected":false},"author":4,"featured_media":0,"parent":6,"menu_order":1,"comment_status":"open","ping_status":"open","template":"","meta":{"footnotes":""},"class_list":["post-73","page","type-page","status-publish","hentry"],"_links":{"self":[{"href":"https:\/\/ultimato.com.br\/sites\/arte-biblia\/wp-json\/wp\/v2\/pages\/73","targetHints":{"allow":["GET"]}}],"collection":[{"href":"https:\/\/ultimato.com.br\/sites\/arte-biblia\/wp-json\/wp\/v2\/pages"}],"about":[{"href":"https:\/\/ultimato.com.br\/sites\/arte-biblia\/wp-json\/wp\/v2\/types\/page"}],"author":[{"embeddable":true,"href":"https:\/\/ultimato.com.br\/sites\/arte-biblia\/wp-json\/wp\/v2\/users\/4"}],"replies":[{"embeddable":true,"href":"https:\/\/ultimato.com.br\/sites\/arte-biblia\/wp-json\/wp\/v2\/comments?post=73"}],"version-history":[{"count":10,"href":"https:\/\/ultimato.com.br\/sites\/arte-biblia\/wp-json\/wp\/v2\/pages\/73\/revisions"}],"predecessor-version":[{"id":123,"href":"https:\/\/ultimato.com.br\/sites\/arte-biblia\/wp-json\/wp\/v2\/pages\/73\/revisions\/123"}],"up":[{"embeddable":true,"href":"https:\/\/ultimato.com.br\/sites\/arte-biblia\/wp-json\/wp\/v2\/pages\/6"}],"wp:attachment":[{"href":"https:\/\/ultimato.com.br\/sites\/arte-biblia\/wp-json\/wp\/v2\/media?parent=73"}],"curies":[{"name":"wp","href":"https:\/\/api.w.org\/{rel}","templated":true}]}}