{"id":68,"date":"2010-03-19T12:18:09","date_gmt":"2010-03-19T15:18:09","guid":{"rendered":"http:\/\/ultimato.com.br\/blogs\/arte-biblia\/?page_id=68"},"modified":"2010-04-20T12:19:36","modified_gmt":"2010-04-20T15:19:36","slug":"promocao","status":"publish","type":"page","link":"https:\/\/ultimato.com.br\/sites\/arte-biblia\/espaco-arte\/promocao\/","title":{"rendered":"promo\u00e7\u00e3o &#8220;voc\u00ea artista&#8221;"},"content":{"rendered":"<p>Para quem n\u00e3o tem <a href=\"http:\/\/twitter.com\/ultimato\" target=\"_blank\">Twitter<\/a> ou ainda n\u00e3o nos segue, divulgamos aqui a promo\u00e7\u00e3o &#8220;Voc\u00ea artista&#8221;.<\/p>\n<p><a href=\"mailto:ultimatoonline@ultimato.com.br\">Envie para n\u00f3s<\/a> alguma &#8220;obra de arte&#8221; sua (seja um desenho, uma pintura, uma m\u00fasica &#8211; v\u00eddeo ou letra etc). Os tr\u00eas mais votados pela equipe Ultimato receber\u00e3o:<br \/>\n\u2022 1\u00ba lugar: 1 livro <strong>A Arte e a B\u00edblia<\/strong><br \/>\n\u2022 2\u00ba lugar: 1 livro &#8220;Vida de Artista&#8221; (lan\u00e7amento da editora W4)<br \/>\n\u2022 3\u00ba lugar: 1 DVD Som do C\u00e9u<\/p>\n<p><strong>Aten\u00e7\u00e3o:<\/strong> O prazo para o envio de &#8220;artes&#8221; se encerra no dia <strong>12 de abril<\/strong>.<\/p>\n<p><em>Resultado dia 13 de abril.*<\/em><\/p>\n<p><span style=\"color: #ff0000\">* Alterado para o dia 20 de abril.<\/span><\/p>\n<h3><span style=\"color: #ff0000\"><strong>Resultado:<\/strong><\/span><\/h3>\n<h3><span style=\"color: #ff0000\"> <\/span><\/h3>\n<p><span style=\"color: #ff0000\"> <\/span>\u2022 1\u00ba lugar: <strong>Jacqueline Lyra<\/strong>, 1 livro <strong>A Arte e a B\u00edblia<\/strong><br \/>\nJacqueline Lyra Barreira tem 53 anos e mora em Fortaleza, CE. Ela faz em patchwork pe\u00e7as \u00fanicas, cada uma de acordo com o futuro dono, pensando em alegrar e tornar o ambiente exclusivo. Conhe\u00e7a umas das fotos do trabalho dela <a href=\"http:\/\/ultimato.com.br\/blogs\/arte-biblia\/files\/2010\/03\/jacqueline.jpg\" class=\"lightview\" data-lightview-group=\"group-68\" data-lightview-options=\"skin: 'dark', controls: 'relative', padding: '10', shadow: { color: '#000000', opacity: 0.08, blur: 3 }\" target=\"_blank\">aqui<\/a>.<\/p>\n<p>\u2022 2\u00ba lugar: <strong>Andr\u00e9a de J. Pires<\/strong>, 1 livro &#8220;Vida de Artista&#8221; (lan\u00e7amento da editora W4)<br \/>\nA foto n\u00e3o passou por nenhum tipo de edi\u00e7\u00e3o. Andr\u00e9a \u00e9 fot\u00f3grafa e usa as lentes para registrar a grandiosidade e a beleza da cria\u00e7\u00e3o de Deus.\u00a0 Conhe\u00e7a <a href=\"http:\/\/ultimato.com.br\/blogs\/arte-biblia\/files\/2010\/03\/andrea.jpg\" class=\"lightview\" data-lightview-group=\"group-68\" data-lightview-options=\"skin: 'dark', controls: 'relative', padding: '10', shadow: { color: '#000000', opacity: 0.08, blur: 3 }\" target=\"_blank\">aqui<\/a>.\u00a0 Saiba mais sobre a foto:<br \/>\nO que foi fotografado: Aves Grou  Coroado \/ Local onde a foto foi tirada: Fazenda Vale Verde (Rod. MG 50,  km 39 &#8211; Bairro Vian\u00f3polis &#8211; Betim\/MG) \/ Data: Novembro\/2009.<\/p>\n<p>\u2022 3\u00ba lugar: <strong>Renato de Carvalho<\/strong>, 1 DVD Som do C\u00e9u<br \/>\nDesenho: Sepultamento de Cristo \/ T\u00e9cnica: L\u00e1spis aquarel\u00e1vel sobre  papel. Conhe\u00e7a <a href=\"http:\/\/ultimato.com.br\/blogs\/arte-biblia\/files\/2010\/03\/renato.jpg\" class=\"lightview\" data-lightview-group=\"group-68\" data-lightview-options=\"skin: 'dark', controls: 'relative', padding: '10', shadow: { color: '#000000', opacity: 0.08, blur: 3 }\" target=\"_blank\">aqui<\/a>.<\/p>\n<p>\u2022 <strong>M\u00fasicas<\/strong> (premiadas com 1 livro A Arte e a B\u00edblia)<br \/>\n<a href=\"http:\/\/www.youtube.com\/watch?v=16vWw5F7mww\" target=\"_blank\"><em>Azimute<\/em><\/a>, de Filipe Flexa, sobre o livro <a href=\"http:\/\/www.ultimato.com.br\/?pg=show_livros&amp;util=1&amp;registro=467\" target=\"_blank\">Cristo e a Criatividade<\/a>.<br \/>\nConhe\u00e7a a hist\u00f3ria da m\u00fasica <a href=\"http:\/\/filipeflexa.wordpress.com\/\" target=\"_blank\">aqui<\/a>.<\/p>\n<p><em>Deixe sua luz brilhar<\/em>, de Vit\u00f3ria Scritori<br \/>\nVit\u00f3ria fez a letra e seu namorado (que \u00e9 quem est\u00e1 cantando) fez a melodia. Eles compuseam a m\u00fasica para o C\u00edrculo de Ora\u00e7\u00e3o da igreja deles que vai completar 15 anos m\u00eas que vem e tava precisando de um tema. <a href=\"http:\/\/ultimato.com.br\/blogs\/arte-biblia\/files\/2010\/03\/deixe_sua_luz-brilhar_cifra.pdf\" target=\"_blank\">Veja a letra<\/a>.<\/p>\n<p><em>O teu amor me constrange<\/em>, de Gabriel Rocha Carvalho.<br \/>\nGabriel \u00e9 do Rio de Janeiro, RJ. Composta h\u00e1 uns 6 anos, esta m\u00fasica foi gravada em 2008 no CD da Igreja Crist\u00e3 Nova Vida da Freguesia. <a href=\"http:\/\/ultimato.com.br\/blogs\/arte-biblia\/files\/2010\/03\/o_teu_amor_me_constrange.pdf\" target=\"_blank\">Veja a letra.<\/a><\/p>\n<p><em>Sacrif\u00edcio vivo<\/em>, de Joede M. Cruciti.<br \/>\nFaz parte do CD que ele est\u00e1 produzindo. <a href=\"http:\/\/ultimato.com.br\/blogs\/arte-biblia\/files\/2010\/03\/sacrificio_vivo.pdf\" target=\"_blank\">Veja a letra<\/a>.<\/p>\n<p>Obs.: Todos os m\u00fasicos enviaram o mp3 de suas composi\u00e7\u00f5es.<\/p>\n","protected":false},"excerpt":{"rendered":"<p>Para quem n\u00e3o tem Twitter ou ainda n\u00e3o nos segue, divulgamos aqui a promo\u00e7\u00e3o &#8220;Voc\u00ea artista&#8221;. Envie para n\u00f3s alguma &#8220;obra de arte&#8221; sua (seja um desenho, uma pintura, uma m\u00fasica &#8211; v\u00eddeo ou letra etc). Os tr\u00eas mais votados pela equipe Ultimato receber\u00e3o: \u2022 1\u00ba lugar: 1 livro A Arte e a B\u00edblia \u2022 [&hellip;]<\/p>\n","protected":false},"author":4,"featured_media":0,"parent":6,"menu_order":3,"comment_status":"open","ping_status":"open","template":"","meta":{"footnotes":""},"class_list":["post-68","page","type-page","status-publish","hentry"],"_links":{"self":[{"href":"https:\/\/ultimato.com.br\/sites\/arte-biblia\/wp-json\/wp\/v2\/pages\/68","targetHints":{"allow":["GET"]}}],"collection":[{"href":"https:\/\/ultimato.com.br\/sites\/arte-biblia\/wp-json\/wp\/v2\/pages"}],"about":[{"href":"https:\/\/ultimato.com.br\/sites\/arte-biblia\/wp-json\/wp\/v2\/types\/page"}],"author":[{"embeddable":true,"href":"https:\/\/ultimato.com.br\/sites\/arte-biblia\/wp-json\/wp\/v2\/users\/4"}],"replies":[{"embeddable":true,"href":"https:\/\/ultimato.com.br\/sites\/arte-biblia\/wp-json\/wp\/v2\/comments?post=68"}],"version-history":[{"count":45,"href":"https:\/\/ultimato.com.br\/sites\/arte-biblia\/wp-json\/wp\/v2\/pages\/68\/revisions"}],"predecessor-version":[{"id":87,"href":"https:\/\/ultimato.com.br\/sites\/arte-biblia\/wp-json\/wp\/v2\/pages\/68\/revisions\/87"}],"up":[{"embeddable":true,"href":"https:\/\/ultimato.com.br\/sites\/arte-biblia\/wp-json\/wp\/v2\/pages\/6"}],"wp:attachment":[{"href":"https:\/\/ultimato.com.br\/sites\/arte-biblia\/wp-json\/wp\/v2\/media?parent=68"}],"curies":[{"name":"wp","href":"https:\/\/api.w.org\/{rel}","templated":true}]}}