{"id":64,"date":"2010-03-19T12:16:57","date_gmt":"2010-03-19T15:16:57","guid":{"rendered":"http:\/\/ultimato.com.br\/blogs\/arte-biblia\/?page_id=64"},"modified":"2010-03-31T11:56:57","modified_gmt":"2010-03-31T14:56:57","slug":"papeis-de-parede","status":"publish","type":"page","link":"https:\/\/ultimato.com.br\/sites\/arte-biblia\/espaco-arte\/papeis-de-parede\/","title":{"rendered":"pap\u00e9is de parede"},"content":{"rendered":"<p>Disponiblizamos abaixo duas op\u00e7\u00f5es de pap\u00e9is de parede para o seu micro. Escolha e baixe:<\/p>\n<table border=\"0\" cellspacing=\"0\" cellpadding=\"0\" width=\"100%\">\n<tbody>\n<tr>\n<td style=\"text-align: center\"><a href=\"http:\/\/ultimato.com.br\/blogs\/arte-biblia\/files\/2010\/03\/papeldeparede_ab_a02w.jpg\" class=\"lightview\" data-lightview-group=\"group-64\" data-lightview-options=\"skin: 'dark', controls: 'relative', padding: '10', shadow: { color: '#000000', opacity: 0.08, blur: 3 }\" target=\"_blank\" data-lightview-title=\"Papel de parede 1\"><img loading=\"lazy\" decoding=\"async\" class=\"alignnone size-thumbnail wp-image-130\" style=\"border: 0px initial initial\" title=\"Papel de parede 1\" src=\"http:\/\/ultimato.com.br\/blogs\/arte-biblia\/files\/2010\/03\/papeldeparede_ab_a02w-150x150.jpg\" alt=\"\" width=\"200\" height=\"150\" srcset=\"https:\/\/ultimato.com.br\/sites\/arte-biblia\/files\/2010\/03\/papeldeparede_ab_a02w-300x225.jpg 300w, https:\/\/ultimato.com.br\/sites\/arte-biblia\/files\/2010\/03\/papeldeparede_ab_a02w-1024x768.jpg 1024w, https:\/\/ultimato.com.br\/sites\/arte-biblia\/files\/2010\/03\/papeldeparede_ab_a02w.jpg 1280w\" sizes=\"auto, (max-width: 200px) 100vw, 200px\" \/><\/a><\/td>\n<td style=\"text-align: center\"><a href=\"http:\/\/ultimato.com.br\/blogs\/arte-biblia\/files\/2010\/03\/papeldeparede_ab_b01w.jpg\" class=\"lightview\" data-lightview-group=\"group-64\" data-lightview-options=\"skin: 'dark', controls: 'relative', padding: '10', shadow: { color: '#000000', opacity: 0.08, blur: 3 }\" target=\"_blank\" data-lightview-title=\"Papel de parede 2\"><img loading=\"lazy\" decoding=\"async\" class=\"alignnone size-thumbnail wp-image-129\" title=\"Papel de parede 2\" src=\"http:\/\/ultimato.com.br\/blogs\/arte-biblia\/files\/2010\/03\/papeldeparede_ab_b01w-150x150.jpg\" alt=\"\" width=\"200\" height=\"150\" srcset=\"https:\/\/ultimato.com.br\/sites\/arte-biblia\/files\/2010\/03\/papeldeparede_ab_b01w-300x225.jpg 300w, https:\/\/ultimato.com.br\/sites\/arte-biblia\/files\/2010\/03\/papeldeparede_ab_b01w-1024x768.jpg 1024w, https:\/\/ultimato.com.br\/sites\/arte-biblia\/files\/2010\/03\/papeldeparede_ab_b01w.jpg 1280w\" sizes=\"auto, (max-width: 200px) 100vw, 200px\" \/><\/a><\/td>\n<\/tr>\n<tr>\n<td style=\"text-align: center\"><a href=\"http:\/\/ultimato.com.br\/blogs\/arte-biblia\/files\/2010\/03\/papeldeparede_ab_a02w.jpg\" class=\"lightview\" data-lightview-group=\"group-64\" data-lightview-options=\"skin: 'dark', controls: 'relative', padding: '10', shadow: { color: '#000000', opacity: 0.08, blur: 3 }\" target=\"_blank\">[1280&#215;960]<\/a><\/td>\n<td style=\"text-align: center\"><a href=\"http:\/\/ultimato.com.br\/blogs\/arte-biblia\/files\/2010\/03\/papeldeparede_ab_b01w.jpg\" class=\"lightview\" data-lightview-group=\"group-64\" data-lightview-options=\"skin: 'dark', controls: 'relative', padding: '10', shadow: { color: '#000000', opacity: 0.08, blur: 3 }\" target=\"_blank\">[1280&#215;960]<\/a><\/td>\n<\/tr>\n<\/tbody>\n<\/table>\n","protected":false},"excerpt":{"rendered":"<p>Disponiblizamos abaixo duas op\u00e7\u00f5es de pap\u00e9is de parede para o seu micro. Escolha e baixe: [1280&#215;960] [1280&#215;960]<\/p>\n","protected":false},"author":4,"featured_media":0,"parent":6,"menu_order":2,"comment_status":"open","ping_status":"open","template":"","meta":{"footnotes":""},"class_list":["post-64","page","type-page","status-publish","hentry"],"_links":{"self":[{"href":"https:\/\/ultimato.com.br\/sites\/arte-biblia\/wp-json\/wp\/v2\/pages\/64","targetHints":{"allow":["GET"]}}],"collection":[{"href":"https:\/\/ultimato.com.br\/sites\/arte-biblia\/wp-json\/wp\/v2\/pages"}],"about":[{"href":"https:\/\/ultimato.com.br\/sites\/arte-biblia\/wp-json\/wp\/v2\/types\/page"}],"author":[{"embeddable":true,"href":"https:\/\/ultimato.com.br\/sites\/arte-biblia\/wp-json\/wp\/v2\/users\/4"}],"replies":[{"embeddable":true,"href":"https:\/\/ultimato.com.br\/sites\/arte-biblia\/wp-json\/wp\/v2\/comments?post=64"}],"version-history":[{"count":10,"href":"https:\/\/ultimato.com.br\/sites\/arte-biblia\/wp-json\/wp\/v2\/pages\/64\/revisions"}],"predecessor-version":[{"id":128,"href":"https:\/\/ultimato.com.br\/sites\/arte-biblia\/wp-json\/wp\/v2\/pages\/64\/revisions\/128"}],"up":[{"embeddable":true,"href":"https:\/\/ultimato.com.br\/sites\/arte-biblia\/wp-json\/wp\/v2\/pages\/6"}],"wp:attachment":[{"href":"https:\/\/ultimato.com.br\/sites\/arte-biblia\/wp-json\/wp\/v2\/media?parent=64"}],"curies":[{"name":"wp","href":"https:\/\/api.w.org\/{rel}","templated":true}]}}