{"id":6,"date":"2010-03-18T15:52:53","date_gmt":"2010-03-18T15:52:53","guid":{"rendered":"http:\/\/ultimato.com.br\/blogs\/arte-biblia\/?page_id=6"},"modified":"2010-03-25T09:11:50","modified_gmt":"2010-03-25T12:11:50","slug":"espaco-arte","status":"publish","type":"page","link":"https:\/\/ultimato.com.br\/sites\/arte-biblia\/espaco-arte\/","title":{"rendered":"espa\u00e7o arte"},"content":{"rendered":"<p><a href=\"http:\/\/ultimato.com.br\/blogs\/arte-biblia\/espaco-arte\/dizem-por-ai\/\">dizem por a\u00ed<\/a><br \/>\n<a href=\"http:\/\/ultimato.com.br\/blogs\/arte-biblia\/espaco-arte\/links-interessantes\/\">links interessantes<\/a><br \/>\n<a href=\"http:\/\/ultimato.com.br\/blogs\/arte-biblia\/espaco-arte\/papeis-de-parede\/\">pap\u00e9is de parede<\/a><br \/>\n<a href=\"http:\/\/ultimato.com.br\/blogs\/arte-biblia\/espaco-arte\/promocao\/\"> promo\u00e7\u00e3o &#8220;voc\u00ea artista&#8221;<\/a><\/p>\n","protected":false},"excerpt":{"rendered":"<p>dizem por a\u00ed links interessantes pap\u00e9is de parede promo\u00e7\u00e3o &#8220;voc\u00ea artista&#8221;<\/p>\n","protected":false},"author":8,"featured_media":0,"parent":0,"menu_order":3,"comment_status":"open","ping_status":"open","template":"","meta":{"footnotes":""},"class_list":["post-6","page","type-page","status-publish","hentry"],"_links":{"self":[{"href":"https:\/\/ultimato.com.br\/sites\/arte-biblia\/wp-json\/wp\/v2\/pages\/6","targetHints":{"allow":["GET"]}}],"collection":[{"href":"https:\/\/ultimato.com.br\/sites\/arte-biblia\/wp-json\/wp\/v2\/pages"}],"about":[{"href":"https:\/\/ultimato.com.br\/sites\/arte-biblia\/wp-json\/wp\/v2\/types\/page"}],"author":[{"embeddable":true,"href":"https:\/\/ultimato.com.br\/sites\/arte-biblia\/wp-json\/wp\/v2\/users\/8"}],"replies":[{"embeddable":true,"href":"https:\/\/ultimato.com.br\/sites\/arte-biblia\/wp-json\/wp\/v2\/comments?post=6"}],"version-history":[{"count":6,"href":"https:\/\/ultimato.com.br\/sites\/arte-biblia\/wp-json\/wp\/v2\/pages\/6\/revisions"}],"predecessor-version":[{"id":104,"href":"https:\/\/ultimato.com.br\/sites\/arte-biblia\/wp-json\/wp\/v2\/pages\/6\/revisions\/104"}],"wp:attachment":[{"href":"https:\/\/ultimato.com.br\/sites\/arte-biblia\/wp-json\/wp\/v2\/media?parent=6"}],"curies":[{"name":"wp","href":"https:\/\/api.w.org\/{rel}","templated":true}]}}