{"id":205,"date":"2010-05-12T11:52:51","date_gmt":"2010-05-12T14:52:51","guid":{"rendered":"http:\/\/ultimato.com.br\/blogs\/arte-biblia\/?page_id=205"},"modified":"2010-05-13T11:41:28","modified_gmt":"2010-05-13T14:41:28","slug":"lancamento","status":"publish","type":"page","link":"https:\/\/ultimato.com.br\/sites\/arte-biblia\/lancamento\/","title":{"rendered":"lan\u00e7amento"},"content":{"rendered":"<p>Voc\u00ea tamb\u00e9m pode fazer o lan\u00e7amento do livro\u00a0<strong>A Arte e a B\u00edblia<\/strong> na sua cidade! Saiba como <a href=\"http:\/\/ultimato.com.br\/blogs\/arte-biblia\/lancamento\/manual\/\" target=\"_self\">aqui<\/a>.<\/p>\n<p>Veja a <strong>agenda<\/strong> de lan\u00e7amentos deste livro <a href=\"http:\/\/ultimato.com.br\/blogs\/arte-biblia\/lancamento\/agenda\/\" target=\"_self\">aqui<\/a>.<\/p>\n","protected":false},"excerpt":{"rendered":"<p>Voc\u00ea tamb\u00e9m pode fazer o lan\u00e7amento do livro\u00a0A Arte e a B\u00edblia na sua cidade! Saiba como aqui. Veja a agenda de lan\u00e7amentos deste livro aqui.<\/p>\n","protected":false},"author":4,"featured_media":0,"parent":0,"menu_order":5,"comment_status":"open","ping_status":"open","template":"","meta":{"footnotes":""},"class_list":["post-205","page","type-page","status-publish","hentry"],"_links":{"self":[{"href":"https:\/\/ultimato.com.br\/sites\/arte-biblia\/wp-json\/wp\/v2\/pages\/205","targetHints":{"allow":["GET"]}}],"collection":[{"href":"https:\/\/ultimato.com.br\/sites\/arte-biblia\/wp-json\/wp\/v2\/pages"}],"about":[{"href":"https:\/\/ultimato.com.br\/sites\/arte-biblia\/wp-json\/wp\/v2\/types\/page"}],"author":[{"embeddable":true,"href":"https:\/\/ultimato.com.br\/sites\/arte-biblia\/wp-json\/wp\/v2\/users\/4"}],"replies":[{"embeddable":true,"href":"https:\/\/ultimato.com.br\/sites\/arte-biblia\/wp-json\/wp\/v2\/comments?post=205"}],"version-history":[{"count":17,"href":"https:\/\/ultimato.com.br\/sites\/arte-biblia\/wp-json\/wp\/v2\/pages\/205\/revisions"}],"predecessor-version":[{"id":241,"href":"https:\/\/ultimato.com.br\/sites\/arte-biblia\/wp-json\/wp\/v2\/pages\/205\/revisions\/241"}],"wp:attachment":[{"href":"https:\/\/ultimato.com.br\/sites\/arte-biblia\/wp-json\/wp\/v2\/media?parent=205"}],"curies":[{"name":"wp","href":"https:\/\/api.w.org\/{rel}","templated":true}]}}