{"id":2,"date":"2010-03-18T15:14:01","date_gmt":"2010-03-18T18:14:01","guid":{"rendered":""},"modified":"2011-03-22T19:40:36","modified_gmt":"2011-03-22T22:40:36","slug":"o-livro","status":"publish","type":"page","link":"https:\/\/ultimato.com.br\/sites\/arte-biblia\/","title":{"rendered":"o livro"},"content":{"rendered":"<p>&#8220;O SENHORIO DE CRISTO DEVE INCLUIR O INTERESSE PELAS ARTES.&#8221;<\/p>\n<p>Para Francis Schaeffer, o crist\u00e3o deve usar as artes para glorificar a Deus, n\u00e3o simplesmente como propaganda evangel\u00edstica, mas como algo belo para a gl\u00f3ria de Deus.<\/p>\n<p><strong>A Arte e a B\u00edblia<\/strong> \u00e9 uma obra fundamental para crist\u00e3os atuantes no mundo das artes. Neste cl\u00e1ssico, Schaeffer examina o registro escritural da utiliza\u00e7\u00e3o de v\u00e1rias formas art\u00edsticas e estabelece uma perspectiva crist\u00e3 sobre a arte. Com clareza e vigor, ele explica por que &#8220;o crist\u00e3o \u00e9 algu\u00e9m cuja imagina\u00e7\u00e3o deve voar al\u00e9m das estrelas&#8221;.<\/p>\n<h3 style=\"text-align: right;\"><span style=\"color: #ff0000;\">Dizem por a\u00ed&#8230;<\/span><\/h3>\n<div style=\"text-align: right;\">\n<p>\u201cExcelente\u2026 Tanto para artistas quanto n\u00e3o-artistas.\u201d<em><br \/>\nChristianity Today<\/em><\/p>\n<p style=\"text-align: right;\">\u201c<strong>A Arte e a B\u00edblia<\/strong> \u00e9 um manual sobre criatividade  b\u00edblica e pode falar a uma gera\u00e7\u00e3o completamente nova.\u201d<br \/>\n<em>Michael Card<\/em>, cantor e compositor, autor de <a href=\"http:\/\/www.ultimato.com.br\/?pg=show_livros&amp;util=1&amp;registro=467\" target=\"_blank\">Cristo e a Criatividade<\/a><\/p>\n<\/div>\n","protected":false},"excerpt":{"rendered":"<p>&#8220;O SENHORIO DE CRISTO DEVE INCLUIR O INTERESSE PELAS ARTES.&#8221; Para Francis Schaeffer, o crist\u00e3o deve usar as artes para glorificar a Deus, n\u00e3o simplesmente como propaganda evangel\u00edstica, mas como algo belo para a gl\u00f3ria de Deus. A Arte e a B\u00edblia \u00e9 uma obra fundamental para crist\u00e3os atuantes no mundo das artes. Neste cl\u00e1ssico, [&hellip;]<\/p>\n","protected":false},"author":4,"featured_media":0,"parent":0,"menu_order":1,"comment_status":"open","ping_status":"closed","template":"","meta":{"footnotes":""},"class_list":["post-2","page","type-page","status-publish","hentry"],"_links":{"self":[{"href":"https:\/\/ultimato.com.br\/sites\/arte-biblia\/wp-json\/wp\/v2\/pages\/2","targetHints":{"allow":["GET"]}}],"collection":[{"href":"https:\/\/ultimato.com.br\/sites\/arte-biblia\/wp-json\/wp\/v2\/pages"}],"about":[{"href":"https:\/\/ultimato.com.br\/sites\/arte-biblia\/wp-json\/wp\/v2\/types\/page"}],"author":[{"embeddable":true,"href":"https:\/\/ultimato.com.br\/sites\/arte-biblia\/wp-json\/wp\/v2\/users\/4"}],"replies":[{"embeddable":true,"href":"https:\/\/ultimato.com.br\/sites\/arte-biblia\/wp-json\/wp\/v2\/comments?post=2"}],"version-history":[{"count":11,"href":"https:\/\/ultimato.com.br\/sites\/arte-biblia\/wp-json\/wp\/v2\/pages\/2\/revisions"}],"predecessor-version":[{"id":280,"href":"https:\/\/ultimato.com.br\/sites\/arte-biblia\/wp-json\/wp\/v2\/pages\/2\/revisions\/280"}],"wp:attachment":[{"href":"https:\/\/ultimato.com.br\/sites\/arte-biblia\/wp-json\/wp\/v2\/media?parent=2"}],"curies":[{"name":"wp","href":"https:\/\/api.w.org\/{rel}","templated":true}]}}