{"id":176,"date":"2010-05-04T23:24:28","date_gmt":"2010-05-05T02:24:28","guid":{"rendered":"http:\/\/ultimato.com.br\/blogs\/arte-biblia\/?page_id=176"},"modified":"2010-05-13T11:04:36","modified_gmt":"2010-05-13T14:04:36","slug":"manual","status":"publish","type":"page","link":"https:\/\/ultimato.com.br\/sites\/arte-biblia\/lancamento\/manual\/","title":{"rendered":"fa\u00e7a voc\u00ea mesmo"},"content":{"rendered":"<p>Voc\u00ea tamb\u00e9m pode fazer o lan\u00e7amento do livro <strong>A Arte e a B\u00edblia<\/strong> na sua cidade!<\/p>\n<p>A Editora Ultimato preparou dois roteiros especiais para o lan\u00e7amento do livro. Confira as orienta\u00e7\u00f5es e os recursos \u00e0 sua disposi\u00e7\u00e3o para a realiza\u00e7\u00e3o de um encontro r\u00e1pido ou um evento maior que pode marcar a sua comunidade.<\/p>\n<p>No primeiro, o lan\u00e7amento \u00e9 acompanhado de uma s\u00e9rie de atividades ao longo do dia ligadas ao tema e pode ser adequado \u00e0 realidade e ao contexto dos organizadores do evento. <a href=\"http:\/\/ultimato.com.br\/blogs\/arte-biblia\/files\/2010\/05\/roteiro_ab_I.pdf\" target=\"_blank\">Clique aqui<\/a> e veja o <em>roteiro I<\/em>.<\/p>\n<p>No segundo, mais breve, o lan\u00e7amento do livro \u00e9 a sua apresenta\u00e7\u00e3o e exposi\u00e7\u00e3o ao p\u00fablico, com uma palavra dos organizadores (ou de um convidado especial) sobre o tema, que pode ser acompanhada de um momento de perguntas e respostas. <a href=\"http:\/\/ultimato.com.br\/blogs\/arte-biblia\/files\/2010\/05\/roteiro_ab_II.pdf\" target=\"_blank\">Clique aqui<\/a> e veja o <em>roteiro II<\/em>.<\/p>\n<p>Compartilhe o seu evento conosco! <a href=\"http:\/\/ultimato.com.br\/blogs\/arte-biblia\/files\/2010\/05\/Formulario.pdf\" target=\"_blank\">Clique aqui<\/a>.<\/p>\n<p>Clique nos links e baixe as sugest\u00f5es de arte para divulga\u00e7\u00e3o do Lan\u00e7amento:<\/p>\n<p><a href=\"http:\/\/www.ultimato.com.br\/boletim\/2010\/lancamento\/arte_biblia\/banner_lona.zip\" target=\"_blank\">Banner lona<br \/>\n<\/a><a href=\"http:\/\/www.ultimato.com.br\/boletim\/2010\/lancamento\/arte_biblia\/cartaz_a2.zip\" target=\"_blank\">Cartaz tamanho A2<br \/>\n<\/a><a href=\"http:\/\/www.ultimato.com.br\/boletim\/2010\/lancamento\/arte_biblia\/cartaz_a3.zip\" target=\"_blank\">Cartaz tamanho A3<br \/>\n<\/a><a href=\"http:\/\/www.ultimato.com.br\/boletim\/2010\/lancamento\/arte_biblia\/flyer.zip\" target=\"_blank\">Flyer de divulga\u00e7\u00e3o<\/a><\/p>\n<p><em>Mais informa\u00e7\u00f5es:<br \/>\n<span style=\"font-style: normal\">Lucas Rolim Menezes &#8211; Auxiliar de Marketing<br \/>\ne-mail: lucas@ultimato.com.br<br \/>\ntelefone: (31) 3611-8500<br \/>\nEditora Ultimato<br \/>\n<a href=\"http:\/\/www.ultimato.com.br\" target=\"_blank\">www.ultimato.com.br<\/a><\/span><\/em><\/p>\n","protected":false},"excerpt":{"rendered":"<p>Voc\u00ea tamb\u00e9m pode fazer o lan\u00e7amento do livro A Arte e a B\u00edblia na sua cidade! A Editora Ultimato preparou dois roteiros especiais para o lan\u00e7amento do livro. Confira as orienta\u00e7\u00f5es e os recursos \u00e0 sua disposi\u00e7\u00e3o para a realiza\u00e7\u00e3o de um encontro r\u00e1pido ou um evento maior que pode marcar a sua comunidade. No [&hellip;]<\/p>\n","protected":false},"author":4,"featured_media":0,"parent":205,"menu_order":1,"comment_status":"open","ping_status":"open","template":"","meta":{"footnotes":""},"class_list":["post-176","page","type-page","status-publish","hentry"],"_links":{"self":[{"href":"https:\/\/ultimato.com.br\/sites\/arte-biblia\/wp-json\/wp\/v2\/pages\/176","targetHints":{"allow":["GET"]}}],"collection":[{"href":"https:\/\/ultimato.com.br\/sites\/arte-biblia\/wp-json\/wp\/v2\/pages"}],"about":[{"href":"https:\/\/ultimato.com.br\/sites\/arte-biblia\/wp-json\/wp\/v2\/types\/page"}],"author":[{"embeddable":true,"href":"https:\/\/ultimato.com.br\/sites\/arte-biblia\/wp-json\/wp\/v2\/users\/4"}],"replies":[{"embeddable":true,"href":"https:\/\/ultimato.com.br\/sites\/arte-biblia\/wp-json\/wp\/v2\/comments?post=176"}],"version-history":[{"count":24,"href":"https:\/\/ultimato.com.br\/sites\/arte-biblia\/wp-json\/wp\/v2\/pages\/176\/revisions"}],"predecessor-version":[{"id":221,"href":"https:\/\/ultimato.com.br\/sites\/arte-biblia\/wp-json\/wp\/v2\/pages\/176\/revisions\/221"}],"up":[{"embeddable":true,"href":"https:\/\/ultimato.com.br\/sites\/arte-biblia\/wp-json\/wp\/v2\/pages\/205"}],"wp:attachment":[{"href":"https:\/\/ultimato.com.br\/sites\/arte-biblia\/wp-json\/wp\/v2\/media?parent=176"}],"curies":[{"name":"wp","href":"https:\/\/api.w.org\/{rel}","templated":true}]}}