{"id":7,"date":"2013-12-20T12:06:24","date_gmt":"2013-12-20T12:06:24","guid":{"rendered":"http:\/\/ultimato.com.br\/sites\/antologia-de-poetas-evangelicos\/?page_id=7"},"modified":"2013-12-20T13:12:22","modified_gmt":"2013-12-20T13:12:22","slug":"o-autor","status":"publish","type":"page","link":"https:\/\/ultimato.com.br\/sites\/antologia-de-poetas-evangelicos\/o-autor\/","title":{"rendered":"O autor"},"content":{"rendered":"<p><a href=\"http:\/\/ultimato.com.br\/sites\/antologia-de-poetas-evangelicos\/files\/2013\/12\/foto_hs_antologia.jpg\"><img loading=\"lazy\" decoding=\"async\" class=\"alignleft size-thumbnail wp-image-45\" alt=\"foto_hs_antologia\" src=\"http:\/\/ultimato.com.br\/sites\/antologia-de-poetas-evangelicos\/files\/2013\/12\/foto_hs_antologia-150x150.jpg\" width=\"150\" height=\"150\" \/><\/a>O pastor <b>Eben\u00e9zer Soares Ferreira<\/b> \u00e9 mestre em teologia e doutor em divindade. \u00c9 bacharel em direito, licenciado em l\u00ednguas neolatinas e mestre em psicopedagogia. Foi reitor do Semin\u00e1rio Teol\u00f3gico Batista do Sul do Brasil por mais de uma d\u00e9cada e j\u00e1 viajou, pregando, pelos cinco continentes. Escreveu quase quarenta obras e \u00e9 membro de v\u00e1rias entidades liter\u00e1rias. \u00c9 presidente em\u00e9rito da Conven\u00e7\u00e3o Batista Brasileira e diretor do Semin\u00e1rio Teol\u00f3gico Batista de Niter\u00f3i.<\/p>\n","protected":false},"excerpt":{"rendered":"<p>O pastor Eben\u00e9zer Soares Ferreira \u00e9 mestre em teologia e doutor em divindade. \u00c9 bacharel em direito, licenciado em l\u00ednguas neolatinas e mestre em psicopedagogia. Foi reitor do Semin\u00e1rio Teol\u00f3gico Batista do Sul do Brasil por mais de uma d\u00e9cada e j\u00e1 viajou, pregando, pelos cinco continentes. Escreveu quase quarenta obras e \u00e9 membro de [&hellip;]<\/p>\n","protected":false},"author":24,"featured_media":0,"parent":0,"menu_order":1,"comment_status":"open","ping_status":"open","template":"","meta":{"footnotes":""},"class_list":["post-7","page","type-page","status-publish","hentry"],"_links":{"self":[{"href":"https:\/\/ultimato.com.br\/sites\/antologia-de-poetas-evangelicos\/wp-json\/wp\/v2\/pages\/7","targetHints":{"allow":["GET"]}}],"collection":[{"href":"https:\/\/ultimato.com.br\/sites\/antologia-de-poetas-evangelicos\/wp-json\/wp\/v2\/pages"}],"about":[{"href":"https:\/\/ultimato.com.br\/sites\/antologia-de-poetas-evangelicos\/wp-json\/wp\/v2\/types\/page"}],"author":[{"embeddable":true,"href":"https:\/\/ultimato.com.br\/sites\/antologia-de-poetas-evangelicos\/wp-json\/wp\/v2\/users\/24"}],"replies":[{"embeddable":true,"href":"https:\/\/ultimato.com.br\/sites\/antologia-de-poetas-evangelicos\/wp-json\/wp\/v2\/comments?post=7"}],"version-history":[{"count":3,"href":"https:\/\/ultimato.com.br\/sites\/antologia-de-poetas-evangelicos\/wp-json\/wp\/v2\/pages\/7\/revisions"}],"predecessor-version":[{"id":47,"href":"https:\/\/ultimato.com.br\/sites\/antologia-de-poetas-evangelicos\/wp-json\/wp\/v2\/pages\/7\/revisions\/47"}],"wp:attachment":[{"href":"https:\/\/ultimato.com.br\/sites\/antologia-de-poetas-evangelicos\/wp-json\/wp\/v2\/media?parent=7"}],"curies":[{"name":"wp","href":"https:\/\/api.w.org\/{rel}","templated":true}]}}