{"id":5,"date":"2013-12-20T12:06:03","date_gmt":"2013-12-20T12:06:03","guid":{"rendered":"http:\/\/ultimato.com.br\/sites\/antologia-de-poetas-evangelicos\/?page_id=5"},"modified":"2013-12-28T02:51:27","modified_gmt":"2013-12-28T02:51:27","slug":"o-livro","status":"publish","type":"page","link":"https:\/\/ultimato.com.br\/sites\/antologia-de-poetas-evangelicos\/","title":{"rendered":"O livro"},"content":{"rendered":"<p><b>Antologia de Poetas Evang\u00e9licos<\/b> \u00e9 uma obra \u00fanica.<\/p>\n<p>Trata-se de uma colet\u00e2nea de poemas de poetas evang\u00e9licos. S\u00e3o mais de cem poetas brasileiros reunidos, de diferentes denomina\u00e7\u00f5es, idades e \u00e9pocas.<\/p>\n<p><b>Antologia de Poetas Evang\u00e9licos<\/b> re\u00fane dos fil\u00f3logos aos membros de academias liter\u00e1rias; dos escritores laureados e declamadores aos iniciantes da nova gera\u00e7\u00e3o de poetas. Organizada durante os \u00faltimos 30 anos, pelo conhecido pastor Eben\u00e9zer Soares Ferreira, reitor do Semin\u00e1rio Teol\u00f3gico Batista do Sul do Brasil por mais de uma d\u00e9cada e presidente em\u00e9rito da Conven\u00e7\u00e3o Batista Brasileira, a obra \u00e9 uma amostra da alma dos poetas evang\u00e9licos nacionais.<\/p>\n<p>Confira a leitura de algumas poesias:<\/p>\n<p><iframe loading=\"lazy\" width=\"560\" height=\"315\" src=\"\/\/www.youtube.com\/embed\/UX3r8SzqYS0\" frameborder=\"0\" allowfullscreen><\/iframe><\/p>\n<p><iframe loading=\"lazy\" width=\"560\" height=\"315\" src=\"\/\/www.youtube.com\/embed\/HC-VP1zGWro\" frameborder=\"0\" allowfullscreen><\/iframe><\/p>\n<p><iframe loading=\"lazy\" width=\"560\" height=\"315\" src=\"\/\/www.youtube.com\/embed\/fLZHZ529PAM\" frameborder=\"0\" allowfullscreen><\/iframe><\/p>\n","protected":false},"excerpt":{"rendered":"<p>Antologia de Poetas Evang\u00e9licos \u00e9 uma obra \u00fanica. Trata-se de uma colet\u00e2nea de poemas de poetas evang\u00e9licos. S\u00e3o mais de cem poetas brasileiros reunidos, de diferentes denomina\u00e7\u00f5es, idades e \u00e9pocas. Antologia de Poetas Evang\u00e9licos re\u00fane dos fil\u00f3logos aos membros de academias liter\u00e1rias; dos escritores laureados e declamadores aos iniciantes da nova gera\u00e7\u00e3o de poetas. Organizada [&hellip;]<\/p>\n","protected":false},"author":24,"featured_media":0,"parent":0,"menu_order":0,"comment_status":"open","ping_status":"open","template":"","meta":{"footnotes":""},"class_list":["post-5","page","type-page","status-publish","hentry"],"_links":{"self":[{"href":"https:\/\/ultimato.com.br\/sites\/antologia-de-poetas-evangelicos\/wp-json\/wp\/v2\/pages\/5","targetHints":{"allow":["GET"]}}],"collection":[{"href":"https:\/\/ultimato.com.br\/sites\/antologia-de-poetas-evangelicos\/wp-json\/wp\/v2\/pages"}],"about":[{"href":"https:\/\/ultimato.com.br\/sites\/antologia-de-poetas-evangelicos\/wp-json\/wp\/v2\/types\/page"}],"author":[{"embeddable":true,"href":"https:\/\/ultimato.com.br\/sites\/antologia-de-poetas-evangelicos\/wp-json\/wp\/v2\/users\/24"}],"replies":[{"embeddable":true,"href":"https:\/\/ultimato.com.br\/sites\/antologia-de-poetas-evangelicos\/wp-json\/wp\/v2\/comments?post=5"}],"version-history":[{"count":3,"href":"https:\/\/ultimato.com.br\/sites\/antologia-de-poetas-evangelicos\/wp-json\/wp\/v2\/pages\/5\/revisions"}],"predecessor-version":[{"id":59,"href":"https:\/\/ultimato.com.br\/sites\/antologia-de-poetas-evangelicos\/wp-json\/wp\/v2\/pages\/5\/revisions\/59"}],"wp:attachment":[{"href":"https:\/\/ultimato.com.br\/sites\/antologia-de-poetas-evangelicos\/wp-json\/wp\/v2\/media?parent=5"}],"curies":[{"name":"wp","href":"https:\/\/api.w.org\/{rel}","templated":true}]}}