{"id":29,"date":"2014-04-24T02:37:41","date_gmt":"2014-04-24T02:37:41","guid":{"rendered":"http:\/\/ultimato.com.br\/sites\/antes-de-casar\/?page_id=29"},"modified":"2014-04-29T01:47:37","modified_gmt":"2014-04-29T01:47:37","slug":"release","status":"publish","type":"page","link":"https:\/\/ultimato.com.br\/sites\/antes-de-casar\/extras\/release\/","title":{"rendered":"Release"},"content":{"rendered":"<p>Aqui est\u00e1 o press-release do livro <strong><em>Antes de Casar<\/em><\/strong> para voc\u00ea divulgar no seu site, blog, jornal ou outro meio de comunica\u00e7\u00e3o do seu acesso. Ajude-nos a espalhar este conte\u00fado.<\/p>\n<p>&#8211; Arquivo em <a href=\"http:\/\/ultimato.com.br\/sites\/antes-de-casar\/files\/2014\/04\/Release_Antes_de_Casar_Abril_2014.pdf\">PDF<\/a>.<\/p>\n","protected":false},"excerpt":{"rendered":"<p>Aqui est\u00e1 o press-release do livro Antes de Casar para voc\u00ea divulgar no seu site, blog, jornal ou outro meio de comunica\u00e7\u00e3o do seu acesso. Ajude-nos a espalhar este conte\u00fado. &#8211; Arquivo em PDF.<\/p>\n","protected":false},"author":24,"featured_media":0,"parent":16,"menu_order":4,"comment_status":"open","ping_status":"open","template":"","meta":{"footnotes":""},"class_list":["post-29","page","type-page","status-publish","hentry"],"_links":{"self":[{"href":"https:\/\/ultimato.com.br\/sites\/antes-de-casar\/wp-json\/wp\/v2\/pages\/29","targetHints":{"allow":["GET"]}}],"collection":[{"href":"https:\/\/ultimato.com.br\/sites\/antes-de-casar\/wp-json\/wp\/v2\/pages"}],"about":[{"href":"https:\/\/ultimato.com.br\/sites\/antes-de-casar\/wp-json\/wp\/v2\/types\/page"}],"author":[{"embeddable":true,"href":"https:\/\/ultimato.com.br\/sites\/antes-de-casar\/wp-json\/wp\/v2\/users\/24"}],"replies":[{"embeddable":true,"href":"https:\/\/ultimato.com.br\/sites\/antes-de-casar\/wp-json\/wp\/v2\/comments?post=29"}],"version-history":[{"count":3,"href":"https:\/\/ultimato.com.br\/sites\/antes-de-casar\/wp-json\/wp\/v2\/pages\/29\/revisions"}],"predecessor-version":[{"id":51,"href":"https:\/\/ultimato.com.br\/sites\/antes-de-casar\/wp-json\/wp\/v2\/pages\/29\/revisions\/51"}],"up":[{"embeddable":true,"href":"https:\/\/ultimato.com.br\/sites\/antes-de-casar\/wp-json\/wp\/v2\/pages\/16"}],"wp:attachment":[{"href":"https:\/\/ultimato.com.br\/sites\/antes-de-casar\/wp-json\/wp\/v2\/media?parent=29"}],"curies":[{"name":"wp","href":"https:\/\/api.w.org\/{rel}","templated":true}]}}