{"id":13,"date":"2014-04-24T02:35:07","date_gmt":"2014-04-24T02:35:07","guid":{"rendered":"http:\/\/ultimato.com.br\/sites\/antes-de-casar\/?page_id=13"},"modified":"2014-04-24T02:41:50","modified_gmt":"2014-04-24T02:41:50","slug":"a-autora","status":"publish","type":"page","link":"https:\/\/ultimato.com.br\/sites\/antes-de-casar\/a-autora\/","title":{"rendered":"A autora"},"content":{"rendered":"<p><a href=\"http:\/\/ultimato.com.br\/sites\/antes-de-casar\/files\/2014\/04\/foto_hs_adc.jpg\"><img loading=\"lazy\" decoding=\"async\" class=\"alignleft size-thumbnail wp-image-7\" alt=\"foto_hs_adc\" src=\"http:\/\/ultimato.com.br\/sites\/antes-de-casar\/files\/2014\/04\/foto_hs_adc-150x150.jpg\" width=\"150\" height=\"150\" \/><\/a>Leonora Ciribelli \u00e9 casada e tem dois filhos. \u00c9 psic\u00f3loga cl\u00ednica especialista em fam\u00edlia e vice-presidente de EIRENE do Brasil, uma associa\u00e7\u00e3o de profissionais crist\u00e3os que trabalham em favor do desenvolvimento, fortalecimento e defesa da sa\u00fade integral da fam\u00edlia. Junto com o marido, o pastor F\u00e1bio Ciribelli, idealizou o curso de noivos \u201cAntes de Casar, Vamos Conversar?\u201d. Ambos ministram cursos e palestras na \u00e1rea de fam\u00edlia por todo o Brasil.<\/p>\n","protected":false},"excerpt":{"rendered":"<p>Leonora Ciribelli \u00e9 casada e tem dois filhos. \u00c9 psic\u00f3loga cl\u00ednica especialista em fam\u00edlia e vice-presidente de EIRENE do Brasil, uma associa\u00e7\u00e3o de profissionais crist\u00e3os que trabalham em favor do desenvolvimento, fortalecimento e defesa da sa\u00fade integral da fam\u00edlia. Junto com o marido, o pastor F\u00e1bio Ciribelli, idealizou o curso de noivos \u201cAntes de Casar, [&hellip;]<\/p>\n","protected":false},"author":24,"featured_media":0,"parent":0,"menu_order":2,"comment_status":"open","ping_status":"open","template":"","meta":{"footnotes":""},"class_list":["post-13","page","type-page","status-publish","hentry"],"_links":{"self":[{"href":"https:\/\/ultimato.com.br\/sites\/antes-de-casar\/wp-json\/wp\/v2\/pages\/13","targetHints":{"allow":["GET"]}}],"collection":[{"href":"https:\/\/ultimato.com.br\/sites\/antes-de-casar\/wp-json\/wp\/v2\/pages"}],"about":[{"href":"https:\/\/ultimato.com.br\/sites\/antes-de-casar\/wp-json\/wp\/v2\/types\/page"}],"author":[{"embeddable":true,"href":"https:\/\/ultimato.com.br\/sites\/antes-de-casar\/wp-json\/wp\/v2\/users\/24"}],"replies":[{"embeddable":true,"href":"https:\/\/ultimato.com.br\/sites\/antes-de-casar\/wp-json\/wp\/v2\/comments?post=13"}],"version-history":[{"count":2,"href":"https:\/\/ultimato.com.br\/sites\/antes-de-casar\/wp-json\/wp\/v2\/pages\/13\/revisions"}],"predecessor-version":[{"id":33,"href":"https:\/\/ultimato.com.br\/sites\/antes-de-casar\/wp-json\/wp\/v2\/pages\/13\/revisions\/33"}],"wp:attachment":[{"href":"https:\/\/ultimato.com.br\/sites\/antes-de-casar\/wp-json\/wp\/v2\/media?parent=13"}],"curies":[{"name":"wp","href":"https:\/\/api.w.org\/{rel}","templated":true}]}}