{"id":68,"date":"2010-08-23T13:07:51","date_gmt":"2010-08-23T13:07:51","guid":{"rendered":"http:\/\/ultimato.com.br\/sites\/amorese\/"},"modified":"2010-11-19T07:30:03","modified_gmt":"2010-11-19T10:30:03","slug":"fotos","status":"publish","type":"page","link":"https:\/\/ultimato.com.br\/sites\/amorese\/fotos\/","title":{"rendered":"Fotos"},"content":{"rendered":"<p><a href=\"http:\/\/ultimato.com.br\/sites\/amorese\/files\/2010\/08\/Fotos.jpg\"><img loading=\"lazy\" decoding=\"async\" src=\"http:\/\/ultimato.com.br\/sites\/amorese\/files\/2010\/08\/Fotos.jpg\" alt=\"\" title=\"Fotos\" width=\"284\" height=\"215\" class=\"alignleft size-full wp-image-636\" srcset=\"https:\/\/ultimato.com.br\/sites\/amorese\/files\/2010\/08\/Fotos.jpg 284w, https:\/\/ultimato.com.br\/sites\/amorese\/files\/2010\/08\/Fotos-150x113.jpg 150w\" sizes=\"auto, (max-width: 284px) 100vw, 284px\" \/><\/a>Conhe\u00e7a minha cole\u00e7\u00e3o de papeis de parede para computador. Tamb\u00e9m servem como descanso de tela. As<a href=\"http:\/\/www.amorese.com.br\/Fotos.html\"> <strong>fotografias<\/strong><\/a> s\u00e3o de minha autoria, feitas com uma Nikon D90, lente 50mm com um anel de aproxima\u00e7\u00e3o (macro) de 10 vezes. Adicionei a algumas uma textura de photoshop. No mais, \u00e9 clicar na foto escolhida, clicar em &#8216;transferir&#8217;, clicar com o bot\u00e3o direito do mouse e selecionar a op\u00e7\u00e3o papel de parede.<\/p>\n","protected":false},"excerpt":{"rendered":"<p>Conhe\u00e7a minha cole\u00e7\u00e3o de papeis de parede para computador. Tamb\u00e9m servem como descanso de tela. As fotografias s\u00e3o de minha autoria, feitas com uma Nikon D90, lente 50mm com um anel de aproxima\u00e7\u00e3o (macro) de 10 vezes. Adicionei a algumas uma textura de photoshop. No mais, \u00e9 clicar na foto escolhida, clicar em &#8216;transferir&#8217;, clicar [&#8230;]<\/p>\n","protected":false},"author":7,"featured_media":636,"parent":0,"menu_order":0,"comment_status":"open","ping_status":"open","template":"","meta":{"footnotes":""},"class_list":["post-68","page","type-page","status-publish","has-post-thumbnail","hentry"],"_links":{"self":[{"href":"https:\/\/ultimato.com.br\/sites\/amorese\/wp-json\/wp\/v2\/pages\/68","targetHints":{"allow":["GET"]}}],"collection":[{"href":"https:\/\/ultimato.com.br\/sites\/amorese\/wp-json\/wp\/v2\/pages"}],"about":[{"href":"https:\/\/ultimato.com.br\/sites\/amorese\/wp-json\/wp\/v2\/types\/page"}],"author":[{"embeddable":true,"href":"https:\/\/ultimato.com.br\/sites\/amorese\/wp-json\/wp\/v2\/users\/7"}],"replies":[{"embeddable":true,"href":"https:\/\/ultimato.com.br\/sites\/amorese\/wp-json\/wp\/v2\/comments?post=68"}],"version-history":[{"count":4,"href":"https:\/\/ultimato.com.br\/sites\/amorese\/wp-json\/wp\/v2\/pages\/68\/revisions"}],"predecessor-version":[{"id":644,"href":"https:\/\/ultimato.com.br\/sites\/amorese\/wp-json\/wp\/v2\/pages\/68\/revisions\/644"}],"wp:featuredmedia":[{"embeddable":true,"href":"https:\/\/ultimato.com.br\/sites\/amorese\/wp-json\/wp\/v2\/media\/636"}],"wp:attachment":[{"href":"https:\/\/ultimato.com.br\/sites\/amorese\/wp-json\/wp\/v2\/media?parent=68"}],"curies":[{"name":"wp","href":"https:\/\/api.w.org\/{rel}","templated":true}]}}