{"id":9,"date":"2011-03-31T15:08:39","date_gmt":"2011-03-31T18:08:39","guid":{"rendered":"http:\/\/ultimato.com.br\/sites\/amar-outra-vez\/"},"modified":"2011-05-05T16:11:13","modified_gmt":"2011-05-05T19:11:13","slug":"concurso","status":"publish","type":"page","link":"https:\/\/ultimato.com.br\/sites\/amar-outra-vez\/concurso\/","title":{"rendered":"Concurso"},"content":{"rendered":"<p><strong><span style=\"color: #ff0000;\">RESULTADO<\/span><\/strong><\/p>\n<p>A resposta vencedora \u00e9:<\/p>\n<p>&#8220;Porque Deus \u00e9 amor. E no amor de Deus h\u00e1 reconcilia\u00e7\u00e3o. Deus \u00e9 a prova de que vale a pena amar outra vez, amando-nos quando pecamos.&#8221;<\/p>\n<p>Parab\u00e9ns Hugo Galv\u00e3o!<\/p>\n<p>&#8212;<\/p>\n<p>Responda \u00e0 pergunta &#8220;Por que vale a pena amar outra vez?&#8221; no campo de coment\u00e1rios e concorra ao livro <strong>Amar Outra Vez<\/strong>, de Rinaldo Berbert.<\/p>\n<p>PER\u00cdODO DE PARTICIPA\u00c7\u00c3O ENCERRADO.<\/p>\n<p>A sele\u00e7\u00e3o da melhor justificativa \u00e0 pergunta proposta ser\u00e1 feita por parte da equipe da Editora Ultimato, composta por pessoas dos departamentos de comunica\u00e7\u00e3o e marketing, editorial e reda\u00e7\u00e3o da revista.<\/p>\n<p>AVISO: Adiamos a data da divulga\u00e7\u00e3o do resultado para o dia 05\/05\/2011 (quinta-feira).<\/p>\n<p><span style=\"color: #ff0000;\"><strong><br \/>\n<\/strong><\/span><\/p>\n","protected":false},"excerpt":{"rendered":"<p>RESULTADO A resposta vencedora \u00e9: &#8220;Porque Deus \u00e9 amor. E no amor de Deus h\u00e1 reconcilia\u00e7\u00e3o. Deus \u00e9 a prova de que vale a pena amar outra vez, amando-nos quando pecamos.&#8221; Parab\u00e9ns Hugo Galv\u00e3o! &#8212; Responda \u00e0 pergunta &#8220;Por que vale a pena amar outra vez?&#8221; no campo de coment\u00e1rios e concorra ao livro Amar [&hellip;]<\/p>\n","protected":false},"author":8,"featured_media":0,"parent":0,"menu_order":4,"comment_status":"open","ping_status":"open","template":"","meta":{"footnotes":""},"class_list":["post-9","page","type-page","status-publish","hentry"],"_links":{"self":[{"href":"https:\/\/ultimato.com.br\/sites\/amar-outra-vez\/wp-json\/wp\/v2\/pages\/9","targetHints":{"allow":["GET"]}}],"collection":[{"href":"https:\/\/ultimato.com.br\/sites\/amar-outra-vez\/wp-json\/wp\/v2\/pages"}],"about":[{"href":"https:\/\/ultimato.com.br\/sites\/amar-outra-vez\/wp-json\/wp\/v2\/types\/page"}],"author":[{"embeddable":true,"href":"https:\/\/ultimato.com.br\/sites\/amar-outra-vez\/wp-json\/wp\/v2\/users\/8"}],"replies":[{"embeddable":true,"href":"https:\/\/ultimato.com.br\/sites\/amar-outra-vez\/wp-json\/wp\/v2\/comments?post=9"}],"version-history":[{"count":12,"href":"https:\/\/ultimato.com.br\/sites\/amar-outra-vez\/wp-json\/wp\/v2\/pages\/9\/revisions"}],"predecessor-version":[{"id":53,"href":"https:\/\/ultimato.com.br\/sites\/amar-outra-vez\/wp-json\/wp\/v2\/pages\/9\/revisions\/53"}],"wp:attachment":[{"href":"https:\/\/ultimato.com.br\/sites\/amar-outra-vez\/wp-json\/wp\/v2\/media?parent=9"}],"curies":[{"name":"wp","href":"https:\/\/api.w.org\/{rel}","templated":true}]}}