{"id":7,"date":"2011-03-31T15:08:11","date_gmt":"2011-03-31T18:08:11","guid":{"rendered":"http:\/\/ultimato.com.br\/sites\/amar-outra-vez\/"},"modified":"2011-04-04T15:25:24","modified_gmt":"2011-04-04T18:25:24","slug":"o-que-disseram","status":"publish","type":"page","link":"https:\/\/ultimato.com.br\/sites\/amar-outra-vez\/o-que-disseram\/","title":{"rendered":"O que disseram"},"content":{"rendered":"<p><em>\u201cAmar Outra Vez<\/em> \u00e9 uma das obras mais claras e oportunas sobre casamento que j\u00e1 li. Um livro terap\u00eautico, pastoral e rem\u00e9dio de Deus para trazer cura a muitos casais. Rinaldo Berbert nos lembra que o amor \u00e9 mais poderoso do que a for\u00e7a da m\u00e1goa e que o perd\u00e3o \u00e9 a cura das mem\u00f3rias amargas. Uma leitura imperativa para pastores e para todos os crentes.\u201d<\/p>\n<p>\u2014 Hernandes Dias Lopes<\/p>\n","protected":false},"excerpt":{"rendered":"<p>\u201cAmar Outra Vez \u00e9 uma das obras mais claras e oportunas sobre casamento que j\u00e1 li. Um livro terap\u00eautico, pastoral e rem\u00e9dio de Deus para trazer cura a muitos casais. Rinaldo Berbert nos lembra que o amor \u00e9 mais poderoso do que a for\u00e7a da m\u00e1goa e que o perd\u00e3o \u00e9 a cura das mem\u00f3rias [&hellip;]<\/p>\n","protected":false},"author":8,"featured_media":0,"parent":0,"menu_order":3,"comment_status":"open","ping_status":"open","template":"","meta":{"footnotes":""},"class_list":["post-7","page","type-page","status-publish","hentry"],"_links":{"self":[{"href":"https:\/\/ultimato.com.br\/sites\/amar-outra-vez\/wp-json\/wp\/v2\/pages\/7","targetHints":{"allow":["GET"]}}],"collection":[{"href":"https:\/\/ultimato.com.br\/sites\/amar-outra-vez\/wp-json\/wp\/v2\/pages"}],"about":[{"href":"https:\/\/ultimato.com.br\/sites\/amar-outra-vez\/wp-json\/wp\/v2\/types\/page"}],"author":[{"embeddable":true,"href":"https:\/\/ultimato.com.br\/sites\/amar-outra-vez\/wp-json\/wp\/v2\/users\/8"}],"replies":[{"embeddable":true,"href":"https:\/\/ultimato.com.br\/sites\/amar-outra-vez\/wp-json\/wp\/v2\/comments?post=7"}],"version-history":[{"count":2,"href":"https:\/\/ultimato.com.br\/sites\/amar-outra-vez\/wp-json\/wp\/v2\/pages\/7\/revisions"}],"predecessor-version":[{"id":29,"href":"https:\/\/ultimato.com.br\/sites\/amar-outra-vez\/wp-json\/wp\/v2\/pages\/7\/revisions\/29"}],"wp:attachment":[{"href":"https:\/\/ultimato.com.br\/sites\/amar-outra-vez\/wp-json\/wp\/v2\/media?parent=7"}],"curies":[{"name":"wp","href":"https:\/\/api.w.org\/{rel}","templated":true}]}}