{"id":2,"date":"2011-03-31T16:53:31","date_gmt":"2011-03-31T16:53:31","guid":{"rendered":"http:\/\/ultimato.com.br\/sites\/amar-outra-vez\/?page_id=2"},"modified":"2011-04-04T15:24:49","modified_gmt":"2011-04-04T18:24:49","slug":"livro","status":"publish","type":"page","link":"https:\/\/ultimato.com.br\/sites\/amar-outra-vez\/","title":{"rendered":"O livro"},"content":{"rendered":"<p><em>Amar Outra Vez<\/em> fala dos encontros e desencontros conjugais que acontecem nas melhores fam\u00edlias. Para o autor, \u00e9 poss\u00edvel trazer de volta o que foi perdido.<\/p>\n<p>Nas palavras do conhecido pastor e escritor Hernandes Dias Lopes, <em>\u201cAmar Outra Vez<\/em> \u00e9 uma das obras mais claras e oportunas sobre casamento. Um livro terap\u00eautico, pastoral e rem\u00e9dio de Deus para trazer cura a muitos casais\u201d.<\/p>\n<p>Numa rela\u00e7\u00e3o sempre h\u00e1 erros e acertos dos dois lados. Rinaldo Berbert sabe disso. Sabe tamb\u00e9m que ouvir \u00e9 diferente de ser manipulado. E, por isso mesmo, <em>Amar Outra Vez<\/em> \u00e9 uma luz na intrigante e maravilhosa retomada do casamento. Aponta a possibilidade do <em>outra vez<\/em> quando parece n\u00e3o haver mais possibilidade. E, uma boa not\u00edcia: para o autor, na caminhada conjugal, <em>hoje<\/em> \u00e9 o tempo em que tudo pode ser melhor.<\/p>\n","protected":false},"excerpt":{"rendered":"<p>Amar Outra Vez fala dos encontros e desencontros conjugais que acontecem nas melhores fam\u00edlias. Para o autor, \u00e9 poss\u00edvel trazer de volta o que foi perdido. Nas palavras do conhecido pastor e escritor Hernandes Dias Lopes, \u201cAmar Outra Vez \u00e9 uma das obras mais claras e oportunas sobre casamento. Um livro terap\u00eautico, pastoral e rem\u00e9dio [&hellip;]<\/p>\n","protected":false},"author":4,"featured_media":0,"parent":0,"menu_order":1,"comment_status":"open","ping_status":"open","template":"","meta":{"footnotes":""},"class_list":["post-2","page","type-page","status-publish","hentry"],"_links":{"self":[{"href":"https:\/\/ultimato.com.br\/sites\/amar-outra-vez\/wp-json\/wp\/v2\/pages\/2","targetHints":{"allow":["GET"]}}],"collection":[{"href":"https:\/\/ultimato.com.br\/sites\/amar-outra-vez\/wp-json\/wp\/v2\/pages"}],"about":[{"href":"https:\/\/ultimato.com.br\/sites\/amar-outra-vez\/wp-json\/wp\/v2\/types\/page"}],"author":[{"embeddable":true,"href":"https:\/\/ultimato.com.br\/sites\/amar-outra-vez\/wp-json\/wp\/v2\/users\/4"}],"replies":[{"embeddable":true,"href":"https:\/\/ultimato.com.br\/sites\/amar-outra-vez\/wp-json\/wp\/v2\/comments?post=2"}],"version-history":[{"count":2,"href":"https:\/\/ultimato.com.br\/sites\/amar-outra-vez\/wp-json\/wp\/v2\/pages\/2\/revisions"}],"predecessor-version":[{"id":4,"href":"https:\/\/ultimato.com.br\/sites\/amar-outra-vez\/wp-json\/wp\/v2\/pages\/2\/revisions\/4"}],"wp:attachment":[{"href":"https:\/\/ultimato.com.br\/sites\/amar-outra-vez\/wp-json\/wp\/v2\/media?parent=2"}],"curies":[{"name":"wp","href":"https:\/\/api.w.org\/{rel}","templated":true}]}}