{"id":6,"date":"2017-03-29T16:03:06","date_gmt":"2017-03-29T19:03:06","guid":{"rendered":"http:\/\/ultimato.com.br\/sites\/acontece-melhores-familias\/?page_id=6"},"modified":"2017-04-03T16:06:22","modified_gmt":"2017-04-03T19:06:22","slug":"o-livro","status":"publish","type":"page","link":"https:\/\/ultimato.com.br\/sites\/acontece-melhores-familias\/","title":{"rendered":"O Livro"},"content":{"rendered":"<blockquote><p>As descri\u00e7\u00f5es das fam\u00edlias b\u00edblicas n\u00e3o s\u00e3o como as dos nossos her\u00f3is, que mencionam apenas suas realiza\u00e7\u00f5es e vit\u00f3rias. Na B\u00edblia, as fam\u00edlias s\u00e3o retratadas com virtudes e defeitos, sucessos e fracassos.<\/p><\/blockquote>\n<p>&#8211; Jorge E. Maldonado<\/p>\n<p>Casais em crise, trai\u00e7\u00f5es, trocas de acusa\u00e7\u00f5es; irm\u00e3os que brigam pela aten\u00e7\u00e3o dos pais e dividem a fam\u00edlia; filho que quer sair de casa e \u201caproveitar a vida\u201d; perdas, manipula\u00e7\u00e3o e sofrimento que parece n\u00e3o ter fim. Ingredientes que parecem alimentar o roteiro de s\u00e9ries ou filmes mais recentes s\u00e3o, na verdade, amostras das din\u00e2micas familiares presentes nos relatos b\u00edblicos.<\/p>\n<p><strong>Acontece nas Melhores Fam\u00edlias<\/strong> mostra a a\u00e7\u00e3o de Deus em meio \u00e0s virtudes e fragilidades das fam\u00edlias da B\u00edblia \u2013 fam\u00edlias reais, como as nossas fam\u00edlias.<\/p>\n<p>Olhar a narrativa b\u00edblica a partir do ponto de vista da terapia familiar \u00e9 compreender que, mesmo imperfeitas, Deus usou aquelas fam\u00edlias para a constru\u00e7\u00e3o do seu reino e que, por mais estranho que pare\u00e7a, pode usar tamb\u00e9m os nossos filhos, as nossas casas, para mudar a nossa hist\u00f3ria e cumprir o seu prop\u00f3sito.<\/p>\n","protected":false},"excerpt":{"rendered":"<p>As descri\u00e7\u00f5es das fam\u00edlias b\u00edblicas n\u00e3o s\u00e3o como as dos nossos her\u00f3is, que mencionam apenas suas realiza\u00e7\u00f5es e vit\u00f3rias. Na B\u00edblia, as fam\u00edlias s\u00e3o retratadas com virtudes e defeitos, sucessos e fracassos. &#8211; Jorge E. Maldonado Casais em crise, trai\u00e7\u00f5es, trocas de acusa\u00e7\u00f5es; irm\u00e3os que brigam pela aten\u00e7\u00e3o dos pais e dividem a fam\u00edlia; filho [&hellip;]<\/p>\n","protected":false},"author":24,"featured_media":0,"parent":0,"menu_order":1,"comment_status":"closed","ping_status":"closed","template":"","meta":{"footnotes":""},"class_list":["post-6","page","type-page","status-publish","hentry"],"_links":{"self":[{"href":"https:\/\/ultimato.com.br\/sites\/acontece-melhores-familias\/wp-json\/wp\/v2\/pages\/6","targetHints":{"allow":["GET"]}}],"collection":[{"href":"https:\/\/ultimato.com.br\/sites\/acontece-melhores-familias\/wp-json\/wp\/v2\/pages"}],"about":[{"href":"https:\/\/ultimato.com.br\/sites\/acontece-melhores-familias\/wp-json\/wp\/v2\/types\/page"}],"author":[{"embeddable":true,"href":"https:\/\/ultimato.com.br\/sites\/acontece-melhores-familias\/wp-json\/wp\/v2\/users\/24"}],"replies":[{"embeddable":true,"href":"https:\/\/ultimato.com.br\/sites\/acontece-melhores-familias\/wp-json\/wp\/v2\/comments?post=6"}],"version-history":[{"count":3,"href":"https:\/\/ultimato.com.br\/sites\/acontece-melhores-familias\/wp-json\/wp\/v2\/pages\/6\/revisions"}],"predecessor-version":[{"id":32,"href":"https:\/\/ultimato.com.br\/sites\/acontece-melhores-familias\/wp-json\/wp\/v2\/pages\/6\/revisions\/32"}],"wp:attachment":[{"href":"https:\/\/ultimato.com.br\/sites\/acontece-melhores-familias\/wp-json\/wp\/v2\/media?parent=6"}],"curies":[{"name":"wp","href":"https:\/\/api.w.org\/{rel}","templated":true}]}}