{"id":24,"date":"2017-03-29T16:10:50","date_gmt":"2017-03-29T19:10:50","guid":{"rendered":"http:\/\/ultimato.com.br\/sites\/acontece-melhores-familias\/?page_id=24"},"modified":"2017-06-08T16:59:55","modified_gmt":"2017-06-08T19:59:55","slug":"release","status":"publish","type":"page","link":"https:\/\/ultimato.com.br\/sites\/acontece-melhores-familias\/extras\/release\/","title":{"rendered":"Release"},"content":{"rendered":"<p>Aqui est\u00e1 o press-release do livro <em>Acontece nas Melhores Fam\u00edlias<\/em>\u00a0para voc\u00ea divulgar no seu site, blog, jornal ou outro meio de comunica\u00e7\u00e3o do seu acesso. Ajude-nos a espalhar este conte\u00fado!<\/p>\n<p>\u2013 Arquivo em <a href=\"http:\/\/ultimato.com.br\/sites\/acontece-melhores-familias\/files\/2017\/03\/Release-Acontece-nas-melhores-fami\u0301lias.pdf\">PDF<\/a>.<\/p>\n","protected":false},"excerpt":{"rendered":"<p>Aqui est\u00e1 o press-release do livro Acontece nas Melhores Fam\u00edlias\u00a0para voc\u00ea divulgar no seu site, blog, jornal ou outro meio de comunica\u00e7\u00e3o do seu acesso. Ajude-nos a espalhar este conte\u00fado! \u2013 Arquivo em PDF.<\/p>\n","protected":false},"author":24,"featured_media":0,"parent":12,"menu_order":3,"comment_status":"closed","ping_status":"closed","template":"","meta":{"footnotes":""},"class_list":["post-24","page","type-page","status-publish","hentry"],"_links":{"self":[{"href":"https:\/\/ultimato.com.br\/sites\/acontece-melhores-familias\/wp-json\/wp\/v2\/pages\/24","targetHints":{"allow":["GET"]}}],"collection":[{"href":"https:\/\/ultimato.com.br\/sites\/acontece-melhores-familias\/wp-json\/wp\/v2\/pages"}],"about":[{"href":"https:\/\/ultimato.com.br\/sites\/acontece-melhores-familias\/wp-json\/wp\/v2\/types\/page"}],"author":[{"embeddable":true,"href":"https:\/\/ultimato.com.br\/sites\/acontece-melhores-familias\/wp-json\/wp\/v2\/users\/24"}],"replies":[{"embeddable":true,"href":"https:\/\/ultimato.com.br\/sites\/acontece-melhores-familias\/wp-json\/wp\/v2\/comments?post=24"}],"version-history":[{"count":3,"href":"https:\/\/ultimato.com.br\/sites\/acontece-melhores-familias\/wp-json\/wp\/v2\/pages\/24\/revisions"}],"predecessor-version":[{"id":58,"href":"https:\/\/ultimato.com.br\/sites\/acontece-melhores-familias\/wp-json\/wp\/v2\/pages\/24\/revisions\/58"}],"up":[{"embeddable":true,"href":"https:\/\/ultimato.com.br\/sites\/acontece-melhores-familias\/wp-json\/wp\/v2\/pages\/12"}],"wp:attachment":[{"href":"https:\/\/ultimato.com.br\/sites\/acontece-melhores-familias\/wp-json\/wp\/v2\/media?parent=24"}],"curies":[{"name":"wp","href":"https:\/\/api.w.org\/{rel}","templated":true}]}}