{"id":10,"date":"2017-03-29T16:09:40","date_gmt":"2017-03-29T19:09:40","guid":{"rendered":"http:\/\/ultimato.com.br\/sites\/acontece-melhores-familias\/?page_id=10"},"modified":"2017-04-03T16:07:47","modified_gmt":"2017-04-03T19:07:47","slug":"o-que-disseram","status":"publish","type":"page","link":"https:\/\/ultimato.com.br\/sites\/acontece-melhores-familias\/o-que-disseram\/","title":{"rendered":"O que disseram"},"content":{"rendered":"<blockquote><p>As fam\u00edlias da B\u00edblia apresentam muitas formas e cores, assim como as atuais. Encontramos fam\u00edlias pequenas e extensas, completas e incompletas, intactas e reconstru\u00eddas, com homens e com mulheres como \u201ccabe\u00e7a do lar\u201d, unigeracionais e multigeracionais, tementes a Deus e pag\u00e3s, monog\u00e2micas e polig\u00e2micas, saud\u00e1veis e enfermas.<\/p>\n<p>Acredito que Deus guiou os escritores para inclu\u00edrem em sua Palavra tal variedade de fam\u00edlias por duas raz\u00f5es: primeiro, porque a ra\u00e7a humana \u00e9 assim; segundo, para nos mostrar e documentar que, se Deus trabalhou nessas fam\u00edlias e atuou na hist\u00f3ria por meio delas, ent\u00e3o pode tamb\u00e9m atuar em nossas fam\u00edlias e atrav\u00e9s delas. Deus redime e restaura; transforma e salva; escreve certo por linhas tortas.<\/p><\/blockquote>\n<p><em>\u2013 Jorge E. Maldonado<\/em><\/p>\n","protected":false},"excerpt":{"rendered":"<p>As fam\u00edlias da B\u00edblia apresentam muitas formas e cores, assim como as atuais. Encontramos fam\u00edlias pequenas e extensas, completas e incompletas, intactas e reconstru\u00eddas, com homens e com mulheres como \u201ccabe\u00e7a do lar\u201d, unigeracionais e multigeracionais, tementes a Deus e pag\u00e3s, monog\u00e2micas e polig\u00e2micas, saud\u00e1veis e enfermas. Acredito que Deus guiou os escritores para inclu\u00edrem [&hellip;]<\/p>\n","protected":false},"author":24,"featured_media":0,"parent":0,"menu_order":2,"comment_status":"closed","ping_status":"closed","template":"","meta":{"footnotes":""},"class_list":["post-10","page","type-page","status-publish","hentry"],"_links":{"self":[{"href":"https:\/\/ultimato.com.br\/sites\/acontece-melhores-familias\/wp-json\/wp\/v2\/pages\/10","targetHints":{"allow":["GET"]}}],"collection":[{"href":"https:\/\/ultimato.com.br\/sites\/acontece-melhores-familias\/wp-json\/wp\/v2\/pages"}],"about":[{"href":"https:\/\/ultimato.com.br\/sites\/acontece-melhores-familias\/wp-json\/wp\/v2\/types\/page"}],"author":[{"embeddable":true,"href":"https:\/\/ultimato.com.br\/sites\/acontece-melhores-familias\/wp-json\/wp\/v2\/users\/24"}],"replies":[{"embeddable":true,"href":"https:\/\/ultimato.com.br\/sites\/acontece-melhores-familias\/wp-json\/wp\/v2\/comments?post=10"}],"version-history":[{"count":2,"href":"https:\/\/ultimato.com.br\/sites\/acontece-melhores-familias\/wp-json\/wp\/v2\/pages\/10\/revisions"}],"predecessor-version":[{"id":33,"href":"https:\/\/ultimato.com.br\/sites\/acontece-melhores-familias\/wp-json\/wp\/v2\/pages\/10\/revisions\/33"}],"wp:attachment":[{"href":"https:\/\/ultimato.com.br\/sites\/acontece-melhores-familias\/wp-json\/wp\/v2\/media?parent=10"}],"curies":[{"name":"wp","href":"https:\/\/api.w.org\/{rel}","templated":true}]}}