{"id":26,"date":"2017-07-05T08:29:18","date_gmt":"2017-07-05T11:29:18","guid":{"rendered":"http:\/\/ultimato.com.br\/sites\/a-reforma\/?page_id=26"},"modified":"2017-07-06T16:58:59","modified_gmt":"2017-07-06T19:58:59","slug":"release","status":"publish","type":"page","link":"https:\/\/ultimato.com.br\/sites\/a-reforma\/extras\/release\/","title":{"rendered":"Release"},"content":{"rendered":"<p>Aqui est\u00e1 o press-release do livro <em>A Reforma<\/em>\u00a0para voc\u00ea divulgar no seu site, blog, jornal ou outro meio de comunica\u00e7\u00e3o do seu acesso. Ajude-nos a espalhar este conte\u00fado!<\/p>\n<p>\u2013 Arquivo em <a href=\"http:\/\/ultimato.com.br\/sites\/a-reforma\/files\/2017\/07\/Release-A-Reforma.pdf\">PDF<\/a>.<\/p>\n","protected":false},"excerpt":{"rendered":"<p>Aqui est\u00e1 o press-release do livro A Reforma\u00a0para voc\u00ea divulgar no seu site, blog, jornal ou outro meio de comunica\u00e7\u00e3o do seu acesso. Ajude-nos a espalhar este conte\u00fado! \u2013 Arquivo em PDF.<\/p>\n","protected":false},"author":24,"featured_media":0,"parent":16,"menu_order":3,"comment_status":"closed","ping_status":"closed","template":"","meta":{"footnotes":""},"class_list":["post-26","page","type-page","status-publish","hentry"],"_links":{"self":[{"href":"https:\/\/ultimato.com.br\/sites\/a-reforma\/wp-json\/wp\/v2\/pages\/26","targetHints":{"allow":["GET"]}}],"collection":[{"href":"https:\/\/ultimato.com.br\/sites\/a-reforma\/wp-json\/wp\/v2\/pages"}],"about":[{"href":"https:\/\/ultimato.com.br\/sites\/a-reforma\/wp-json\/wp\/v2\/types\/page"}],"author":[{"embeddable":true,"href":"https:\/\/ultimato.com.br\/sites\/a-reforma\/wp-json\/wp\/v2\/users\/24"}],"replies":[{"embeddable":true,"href":"https:\/\/ultimato.com.br\/sites\/a-reforma\/wp-json\/wp\/v2\/comments?post=26"}],"version-history":[{"count":5,"href":"https:\/\/ultimato.com.br\/sites\/a-reforma\/wp-json\/wp\/v2\/pages\/26\/revisions"}],"predecessor-version":[{"id":55,"href":"https:\/\/ultimato.com.br\/sites\/a-reforma\/wp-json\/wp\/v2\/pages\/26\/revisions\/55"}],"up":[{"embeddable":true,"href":"https:\/\/ultimato.com.br\/sites\/a-reforma\/wp-json\/wp\/v2\/pages\/16"}],"wp:attachment":[{"href":"https:\/\/ultimato.com.br\/sites\/a-reforma\/wp-json\/wp\/v2\/media?parent=26"}],"curies":[{"name":"wp","href":"https:\/\/api.w.org\/{rel}","templated":true}]}}