{"id":14,"date":"2017-07-05T08:27:57","date_gmt":"2017-07-05T11:27:57","guid":{"rendered":"http:\/\/ultimato.com.br\/sites\/a-reforma\/?page_id=14"},"modified":"2017-07-06T16:30:33","modified_gmt":"2017-07-06T19:30:33","slug":"os-autores","status":"publish","type":"page","link":"https:\/\/ultimato.com.br\/sites\/a-reforma\/os-autores\/","title":{"rendered":"Os Autores"},"content":{"rendered":"<p><strong><img loading=\"lazy\" decoding=\"async\" class=\"alignleft wp-image-4 size-thumbnail\" src=\"http:\/\/ultimato.com.br\/sites\/a-reforma\/files\/2017\/07\/stott_ar-150x150.jpg\" alt=\"\" width=\"150\" height=\"150\" \/>John Stott<\/strong> \u00e9 conhecido no mundo inteiro como te\u00f3logo, escritor e evangelista. \u00c9 autor de mais de quarenta livros, incluindo\u00a0<em>A Miss\u00e3o Crist\u00e3 no Mundo Moderno<\/em>,\u00a0<em>A B\u00edblia Toda, o Ano Todo<\/em>,\u00a0<em>Por Que Sou Crist\u00e3o<\/em>,\u00a0<em>Cristianismo B\u00e1sico<\/em>,\u00a0<em>Os Crist\u00e3os e os Desafios Contempor\u00e2neos<\/em>,\u00a0<em>Para Entender a B\u00edblia<\/em>,\u00a0<em>As Controv\u00e9rsias de Jesus<\/em>,\u00a0<em>Como Ser Crist\u00e3o<\/em>,\u00a0<em>Desafios da Lideran\u00e7a Crist\u00e3<\/em>,\u00a0<em>Cristianismo Equilibrado<\/em>, a s\u00e9rie\u00a0\u201cA B\u00edblia Fala Hoje\u201d e o campe\u00e3o de vendas\u00a0<em>O Disc\u00edpulo Radical<\/em>. Stott foi pastor em\u00e9rito da All Souls Church, em Londres, e fundador do London Institute for Contemporary Christianity. Foi indicado pela revista <em>Time<\/em> como uma das cem personalidades mais influentes do mundo.<\/p>\n<p><strong><img loading=\"lazy\" decoding=\"async\" class=\"alignleft wp-image-7 size-thumbnail\" src=\"http:\/\/ultimato.com.br\/sites\/a-reforma\/files\/2017\/07\/reeves_ar-150x150.jpg\" alt=\"\" width=\"150\" height=\"150\" \/><\/strong><\/p>\n<p>&nbsp;<\/p>\n<p><strong>Michael Reeves<\/strong> \u00e9 te\u00f3logo e historiador, professor da Union School of Theology, no Reino Unido. Serviu como conselheiro teol\u00f3gico da Associa\u00e7\u00e3o das Universidades e Col\u00e9gios Crist\u00e3os no Reino Unido e como pastor associado na All Souls Church, Langham Place, em Londres. \u00c9 autor de, entre outros, <em>Deleitando-se na Trindade<\/em><em>, <\/em><em>A Chama Inextingu\u00edvel \u2013 Descobrindo o cerne da Reforma<\/em><em>,<\/em><em> The Breeze of the Centuries<\/em><em>,<\/em><em> On Giants\u2019 Shoulders<\/em> e\u00a0<em>The Good God.<\/em><\/p>\n","protected":false},"excerpt":{"rendered":"<p>John Stott \u00e9 conhecido no mundo inteiro como te\u00f3logo, escritor e evangelista. \u00c9 autor de mais de quarenta livros, incluindo\u00a0A Miss\u00e3o Crist\u00e3 no Mundo Moderno,\u00a0A B\u00edblia Toda, o Ano Todo,\u00a0Por Que Sou Crist\u00e3o,\u00a0Cristianismo B\u00e1sico,\u00a0Os Crist\u00e3os e os Desafios Contempor\u00e2neos,\u00a0Para Entender a B\u00edblia,\u00a0As Controv\u00e9rsias de Jesus,\u00a0Como Ser Crist\u00e3o,\u00a0Desafios da Lideran\u00e7a Crist\u00e3,\u00a0Cristianismo Equilibrado, a s\u00e9rie\u00a0\u201cA B\u00edblia Fala [&hellip;]<\/p>\n","protected":false},"author":24,"featured_media":0,"parent":0,"menu_order":3,"comment_status":"closed","ping_status":"closed","template":"","meta":{"footnotes":""},"class_list":["post-14","page","type-page","status-publish","hentry"],"_links":{"self":[{"href":"https:\/\/ultimato.com.br\/sites\/a-reforma\/wp-json\/wp\/v2\/pages\/14","targetHints":{"allow":["GET"]}}],"collection":[{"href":"https:\/\/ultimato.com.br\/sites\/a-reforma\/wp-json\/wp\/v2\/pages"}],"about":[{"href":"https:\/\/ultimato.com.br\/sites\/a-reforma\/wp-json\/wp\/v2\/types\/page"}],"author":[{"embeddable":true,"href":"https:\/\/ultimato.com.br\/sites\/a-reforma\/wp-json\/wp\/v2\/users\/24"}],"replies":[{"embeddable":true,"href":"https:\/\/ultimato.com.br\/sites\/a-reforma\/wp-json\/wp\/v2\/comments?post=14"}],"version-history":[{"count":4,"href":"https:\/\/ultimato.com.br\/sites\/a-reforma\/wp-json\/wp\/v2\/pages\/14\/revisions"}],"predecessor-version":[{"id":51,"href":"https:\/\/ultimato.com.br\/sites\/a-reforma\/wp-json\/wp\/v2\/pages\/14\/revisions\/51"}],"wp:attachment":[{"href":"https:\/\/ultimato.com.br\/sites\/a-reforma\/wp-json\/wp\/v2\/media?parent=14"}],"curies":[{"name":"wp","href":"https:\/\/api.w.org\/{rel}","templated":true}]}}