{"id":12,"date":"2017-07-05T08:27:41","date_gmt":"2017-07-05T11:27:41","guid":{"rendered":"http:\/\/ultimato.com.br\/sites\/a-reforma\/?page_id=12"},"modified":"2017-07-06T16:28:33","modified_gmt":"2017-07-06T19:28:33","slug":"o-que-disseram","status":"publish","type":"page","link":"https:\/\/ultimato.com.br\/sites\/a-reforma\/o-que-disseram\/","title":{"rendered":"O que disseram"},"content":{"rendered":"<blockquote><p>John Stott nos oferece uma excelente exposi\u00e7\u00e3o sobre o legado dos reformadores e sobre o que significa, para n\u00f3s, estar na mesma tradi\u00e7\u00e3o apost\u00f3lica.<\/p>\n<p>A centralidade da gra\u00e7a era importante n\u00e3o apenas para os reformadores; podemos encontr\u00e1-la tamb\u00e9m nos escritos de Agostinho, Wesley e C. S. Lewis. Uma compreens\u00e3o firme da gra\u00e7a \u00e9 o fundamento para uma confian\u00e7a profunda. Mais do que isso, \u00e9 a fonte da experi\u00eancia da alegria, que \u00e9 t\u00e3o procurada, mas t\u00e3o raramente encontrada. Lutero escreveu a respeito dessa verdade: \u201cSe soubesse do que foi salvo, morreria de medo, mas se soubesse para qu\u00ea foi salvo, morreria de alegria\u201d.<\/p><\/blockquote>\n<p><em>&#8211; Lindsay Brown<\/em><\/p>\n<blockquote><p>Qual a rela\u00e7\u00e3o entre unidade e miss\u00e3o? Em tudo aquilo por que Jesus intercede, o prop\u00f3sito desse tipo de unidade \u00e9 missiol\u00f3gico, \u201c<em>para que o mundo creia\u201d <\/em>(v. 21, 23). Elas sempre estar\u00e3o intimamente relacionadas, pois o evangelismo \u00e9 central para o chamado de toda a igreja.<\/p>\n<p>Conclu\u00edmos com a s\u00edntese de John Stott: \u201cPortanto, verdade, santidade, unidade e miss\u00e3o est\u00e3o interligadas e n\u00e3o podem ser separadas\u201d.<\/p><\/blockquote>\n<p><em>&#8211; Alan Purser<\/em><\/p>\n","protected":false},"excerpt":{"rendered":"<p>John Stott nos oferece uma excelente exposi\u00e7\u00e3o sobre o legado dos reformadores e sobre o que significa, para n\u00f3s, estar na mesma tradi\u00e7\u00e3o apost\u00f3lica. A centralidade da gra\u00e7a era importante n\u00e3o apenas para os reformadores; podemos encontr\u00e1-la tamb\u00e9m nos escritos de Agostinho, Wesley e C. S. Lewis. Uma compreens\u00e3o firme da gra\u00e7a \u00e9 o fundamento [&hellip;]<\/p>\n","protected":false},"author":24,"featured_media":0,"parent":0,"menu_order":2,"comment_status":"closed","ping_status":"closed","template":"","meta":{"footnotes":""},"class_list":["post-12","page","type-page","status-publish","hentry"],"_links":{"self":[{"href":"https:\/\/ultimato.com.br\/sites\/a-reforma\/wp-json\/wp\/v2\/pages\/12","targetHints":{"allow":["GET"]}}],"collection":[{"href":"https:\/\/ultimato.com.br\/sites\/a-reforma\/wp-json\/wp\/v2\/pages"}],"about":[{"href":"https:\/\/ultimato.com.br\/sites\/a-reforma\/wp-json\/wp\/v2\/types\/page"}],"author":[{"embeddable":true,"href":"https:\/\/ultimato.com.br\/sites\/a-reforma\/wp-json\/wp\/v2\/users\/24"}],"replies":[{"embeddable":true,"href":"https:\/\/ultimato.com.br\/sites\/a-reforma\/wp-json\/wp\/v2\/comments?post=12"}],"version-history":[{"count":3,"href":"https:\/\/ultimato.com.br\/sites\/a-reforma\/wp-json\/wp\/v2\/pages\/12\/revisions"}],"predecessor-version":[{"id":48,"href":"https:\/\/ultimato.com.br\/sites\/a-reforma\/wp-json\/wp\/v2\/pages\/12\/revisions\/48"}],"wp:attachment":[{"href":"https:\/\/ultimato.com.br\/sites\/a-reforma\/wp-json\/wp\/v2\/media?parent=12"}],"curies":[{"name":"wp","href":"https:\/\/api.w.org\/{rel}","templated":true}]}}