{"id":10,"date":"2017-07-05T08:27:23","date_gmt":"2017-07-05T11:27:23","guid":{"rendered":"http:\/\/ultimato.com.br\/sites\/a-reforma\/?page_id=10"},"modified":"2017-07-06T16:25:35","modified_gmt":"2017-07-06T19:25:35","slug":"o-livro","status":"publish","type":"page","link":"https:\/\/ultimato.com.br\/sites\/a-reforma\/","title":{"rendered":"O Livro"},"content":{"rendered":"<p>A Reforma Protestante mudou tudo \u2013 a cultura, as rela\u00e7\u00f5es comerciais e, claro, a \u201creligi\u00e3o\u201d.<\/p>\n<p><strong>A Reforma \u2013 O que voc\u00ea precisa saber e por qu\u00ea<\/strong> vai direto ao ponto: a redescoberta do ensino dos ap\u00f3stolos e o movimento que definiu o novo rumo da igreja protestante.<\/p>\n<p>A obra apresenta um quadro de todo o per\u00edodo e uma an\u00e1lise do papel dos crist\u00e3os na luta pela verdade. N\u00e3o celebra um cisma, mas estabelece as verdades b\u00edblicas e o que cabe a cada um de n\u00f3s na passagem dessa verdade para as pr\u00f3ximas gera\u00e7\u00f5es.<\/p>\n<p><strong>A Reforma \u2013 O que voc\u00ea precisa saber e por qu\u00ea<\/strong> traz ainda as 95 teses de Martim Lutero e um guia de estudos que pode ser usado individualmente ou em grupo.<\/p>\n","protected":false},"excerpt":{"rendered":"<p>A Reforma Protestante mudou tudo \u2013 a cultura, as rela\u00e7\u00f5es comerciais e, claro, a \u201creligi\u00e3o\u201d. A Reforma \u2013 O que voc\u00ea precisa saber e por qu\u00ea vai direto ao ponto: a redescoberta do ensino dos ap\u00f3stolos e o movimento que definiu o novo rumo da igreja protestante. A obra apresenta um quadro de todo o [&hellip;]<\/p>\n","protected":false},"author":24,"featured_media":0,"parent":0,"menu_order":1,"comment_status":"closed","ping_status":"closed","template":"","meta":{"footnotes":""},"class_list":["post-10","page","type-page","status-publish","hentry"],"_links":{"self":[{"href":"https:\/\/ultimato.com.br\/sites\/a-reforma\/wp-json\/wp\/v2\/pages\/10","targetHints":{"allow":["GET"]}}],"collection":[{"href":"https:\/\/ultimato.com.br\/sites\/a-reforma\/wp-json\/wp\/v2\/pages"}],"about":[{"href":"https:\/\/ultimato.com.br\/sites\/a-reforma\/wp-json\/wp\/v2\/types\/page"}],"author":[{"embeddable":true,"href":"https:\/\/ultimato.com.br\/sites\/a-reforma\/wp-json\/wp\/v2\/users\/24"}],"replies":[{"embeddable":true,"href":"https:\/\/ultimato.com.br\/sites\/a-reforma\/wp-json\/wp\/v2\/comments?post=10"}],"version-history":[{"count":2,"href":"https:\/\/ultimato.com.br\/sites\/a-reforma\/wp-json\/wp\/v2\/pages\/10\/revisions"}],"predecessor-version":[{"id":46,"href":"https:\/\/ultimato.com.br\/sites\/a-reforma\/wp-json\/wp\/v2\/pages\/10\/revisions\/46"}],"wp:attachment":[{"href":"https:\/\/ultimato.com.br\/sites\/a-reforma\/wp-json\/wp\/v2\/media?parent=10"}],"curies":[{"name":"wp","href":"https:\/\/api.w.org\/{rel}","templated":true}]}}