{"id":8,"date":"2014-04-09T17:21:23","date_gmt":"2014-04-09T17:21:23","guid":{"rendered":"http:\/\/ultimato.com.br\/sites\/a-morte-da-razao\/?page_id=8"},"modified":"2014-04-09T17:28:14","modified_gmt":"2014-04-09T17:28:14","slug":"o-autor","status":"publish","type":"page","link":"https:\/\/ultimato.com.br\/sites\/a-morte-da-razao\/o-autor\/","title":{"rendered":"O autor"},"content":{"rendered":"<p>&nbsp;<\/p>\n<p><b><a href=\"http:\/\/ultimato.com.br\/sites\/a-morte-da-razao\/files\/2014\/04\/foto_hs_amdr.jpg\"><img loading=\"lazy\" decoding=\"async\" class=\"alignleft size-thumbnail wp-image-30\" alt=\"foto_hs_amdr\" src=\"http:\/\/ultimato.com.br\/sites\/a-morte-da-razao\/files\/2014\/04\/foto_hs_amdr-150x150.jpg\" width=\"150\" height=\"150\" \/><\/a>Francis A. Schaeffer<\/b> (1912-1984) foi um dos pensadores crist\u00e3os mais influentes do s\u00e9culo 20. Fundou a comunidade L\u2019Abri na Su\u00ed\u00e7a, minist\u00e9rio de alcance internacional, e escreveu diversos livros, entre eles\u00a0<i>O Deus que Interv\u00e9m<\/i>\u00a0e\u00a0<i>A Arte e a B\u00edblia<\/i>, com milh\u00f5es de exemplares vendidos em todo o mundo.<\/p>\n<p>&nbsp;<\/p>\n","protected":false},"excerpt":{"rendered":"<p>&nbsp; Francis A. Schaeffer (1912-1984) foi um dos pensadores crist\u00e3os mais influentes do s\u00e9culo 20. Fundou a comunidade L\u2019Abri na Su\u00ed\u00e7a, minist\u00e9rio de alcance internacional, e escreveu diversos livros, entre eles\u00a0O Deus que Interv\u00e9m\u00a0e\u00a0A Arte e a B\u00edblia, com milh\u00f5es de exemplares vendidos em todo o mundo. &nbsp;<\/p>\n","protected":false},"author":24,"featured_media":0,"parent":0,"menu_order":3,"comment_status":"open","ping_status":"open","template":"","meta":{"footnotes":""},"class_list":["post-8","page","type-page","status-publish","hentry"],"_links":{"self":[{"href":"https:\/\/ultimato.com.br\/sites\/a-morte-da-razao\/wp-json\/wp\/v2\/pages\/8","targetHints":{"allow":["GET"]}}],"collection":[{"href":"https:\/\/ultimato.com.br\/sites\/a-morte-da-razao\/wp-json\/wp\/v2\/pages"}],"about":[{"href":"https:\/\/ultimato.com.br\/sites\/a-morte-da-razao\/wp-json\/wp\/v2\/types\/page"}],"author":[{"embeddable":true,"href":"https:\/\/ultimato.com.br\/sites\/a-morte-da-razao\/wp-json\/wp\/v2\/users\/24"}],"replies":[{"embeddable":true,"href":"https:\/\/ultimato.com.br\/sites\/a-morte-da-razao\/wp-json\/wp\/v2\/comments?post=8"}],"version-history":[{"count":2,"href":"https:\/\/ultimato.com.br\/sites\/a-morte-da-razao\/wp-json\/wp\/v2\/pages\/8\/revisions"}],"predecessor-version":[{"id":31,"href":"https:\/\/ultimato.com.br\/sites\/a-morte-da-razao\/wp-json\/wp\/v2\/pages\/8\/revisions\/31"}],"wp:attachment":[{"href":"https:\/\/ultimato.com.br\/sites\/a-morte-da-razao\/wp-json\/wp\/v2\/media?parent=8"}],"curies":[{"name":"wp","href":"https:\/\/api.w.org\/{rel}","templated":true}]}}