{"id":19,"date":"2014-04-09T17:23:48","date_gmt":"2014-04-09T17:23:48","guid":{"rendered":"http:\/\/ultimato.com.br\/sites\/a-morte-da-razao\/?page_id=19"},"modified":"2014-04-10T17:15:55","modified_gmt":"2014-04-10T17:15:55","slug":"release","status":"publish","type":"page","link":"https:\/\/ultimato.com.br\/sites\/a-morte-da-razao\/extras\/release\/","title":{"rendered":"Release"},"content":{"rendered":"<p>Aqui est\u00e1 o\u00a0<em>press-release<\/em>\u00a0do livro\u00a0<strong>A Morte da Raz\u00e3o<\/strong>\u00a0para voc\u00ea divulgar no seu site, blog, jornal ou outro meio de comunica\u00e7\u00e3o do seu acesso. Ajude-nos a espalhar este conte\u00fado<\/p>\n<p>&#8211; Arquivo em\u00a0<a href=\"http:\/\/ultimato.com.br\/sites\/a-morte-da-razao\/files\/2014\/04\/Release_Morte_Razao_Schaeffer_Abril_2014.pdf\" target=\"_blank\">PDF<\/a>.<\/p>\n","protected":false},"excerpt":{"rendered":"<p>Aqui est\u00e1 o\u00a0press-release\u00a0do livro\u00a0A Morte da Raz\u00e3o\u00a0para voc\u00ea divulgar no seu site, blog, jornal ou outro meio de comunica\u00e7\u00e3o do seu acesso. Ajude-nos a espalhar este conte\u00fado &#8211; Arquivo em\u00a0PDF.<\/p>\n","protected":false},"author":24,"featured_media":0,"parent":10,"menu_order":4,"comment_status":"open","ping_status":"open","template":"","meta":{"footnotes":""},"class_list":["post-19","page","type-page","status-publish","hentry"],"_links":{"self":[{"href":"https:\/\/ultimato.com.br\/sites\/a-morte-da-razao\/wp-json\/wp\/v2\/pages\/19","targetHints":{"allow":["GET"]}}],"collection":[{"href":"https:\/\/ultimato.com.br\/sites\/a-morte-da-razao\/wp-json\/wp\/v2\/pages"}],"about":[{"href":"https:\/\/ultimato.com.br\/sites\/a-morte-da-razao\/wp-json\/wp\/v2\/types\/page"}],"author":[{"embeddable":true,"href":"https:\/\/ultimato.com.br\/sites\/a-morte-da-razao\/wp-json\/wp\/v2\/users\/24"}],"replies":[{"embeddable":true,"href":"https:\/\/ultimato.com.br\/sites\/a-morte-da-razao\/wp-json\/wp\/v2\/comments?post=19"}],"version-history":[{"count":2,"href":"https:\/\/ultimato.com.br\/sites\/a-morte-da-razao\/wp-json\/wp\/v2\/pages\/19\/revisions"}],"predecessor-version":[{"id":49,"href":"https:\/\/ultimato.com.br\/sites\/a-morte-da-razao\/wp-json\/wp\/v2\/pages\/19\/revisions\/49"}],"up":[{"embeddable":true,"href":"https:\/\/ultimato.com.br\/sites\/a-morte-da-razao\/wp-json\/wp\/v2\/pages\/10"}],"wp:attachment":[{"href":"https:\/\/ultimato.com.br\/sites\/a-morte-da-razao\/wp-json\/wp\/v2\/media?parent=19"}],"curies":[{"name":"wp","href":"https:\/\/api.w.org\/{rel}","templated":true}]}}