{"id":8,"date":"2013-06-07T04:52:22","date_gmt":"2013-06-07T04:52:22","guid":{"rendered":"http:\/\/ultimato.com.br\/sites\/a-missao-de-interceder\/?page_id=8"},"modified":"2013-06-07T04:54:56","modified_gmt":"2013-06-07T04:54:56","slug":"a-autora","status":"publish","type":"page","link":"https:\/\/ultimato.com.br\/sites\/a-missao-de-interceder\/a-autora\/","title":{"rendered":"A Autora"},"content":{"rendered":"<p><strong><a href=\"http:\/\/ultimato.com.br\/sites\/a-missao-de-interceder\/files\/2013\/06\/foto_amdi.jpg\"><img loading=\"lazy\" decoding=\"async\" class=\"alignright  wp-image-9\" alt=\"foto_amdi\" src=\"http:\/\/ultimato.com.br\/sites\/a-missao-de-interceder\/files\/2013\/06\/foto_amdi-150x150.jpg\" width=\"120\" height=\"120\" srcset=\"https:\/\/ultimato.com.br\/sites\/a-missao-de-interceder\/files\/2013\/06\/foto_amdi-150x150.jpg 150w, https:\/\/ultimato.com.br\/sites\/a-missao-de-interceder\/files\/2013\/06\/foto_amdi-300x300.jpg 300w, https:\/\/ultimato.com.br\/sites\/a-missao-de-interceder\/files\/2013\/06\/foto_amdi.jpg 400w\" sizes=\"auto, (max-width: 120px) 100vw, 120px\" \/><\/a>Durvalina B. Bezerra<\/strong>, conferencista e escritora, autora de\u00a0<a href=\"http:\/\/www.ultimato.com.br\/loja\/produtos\/a-missao-de-interceder\" target=\"_blank\">A Miss\u00e3o de Interceder<\/a>, \u00e9 pedagoga pela Universidade Federal da Para\u00edba, mestre em Educa\u00e7\u00e3o pela Universidade Mackenzie e licenciada em Missiologia pela WEC. \u00c9 coordenadora geral do ensino teol\u00f3gico do Betel Brasileiro e h\u00e1 22 anos dirige o Semin\u00e1rio Betel Brasileiro em S\u00e3o Paulo.<\/p>\n","protected":false},"excerpt":{"rendered":"<p>Durvalina B. Bezerra, conferencista e escritora, autora de\u00a0A Miss\u00e3o de Interceder, \u00e9 pedagoga pela Universidade Federal da Para\u00edba, mestre em Educa\u00e7\u00e3o pela Universidade Mackenzie e licenciada em Missiologia pela WEC. \u00c9 coordenadora geral do ensino teol\u00f3gico do Betel Brasileiro e h\u00e1 22 anos dirige o Semin\u00e1rio Betel Brasileiro em S\u00e3o Paulo.<\/p>\n","protected":false},"author":24,"featured_media":0,"parent":0,"menu_order":2,"comment_status":"open","ping_status":"closed","template":"","meta":{"footnotes":""},"class_list":["post-8","page","type-page","status-publish","hentry"],"_links":{"self":[{"href":"https:\/\/ultimato.com.br\/sites\/a-missao-de-interceder\/wp-json\/wp\/v2\/pages\/8","targetHints":{"allow":["GET"]}}],"collection":[{"href":"https:\/\/ultimato.com.br\/sites\/a-missao-de-interceder\/wp-json\/wp\/v2\/pages"}],"about":[{"href":"https:\/\/ultimato.com.br\/sites\/a-missao-de-interceder\/wp-json\/wp\/v2\/types\/page"}],"author":[{"embeddable":true,"href":"https:\/\/ultimato.com.br\/sites\/a-missao-de-interceder\/wp-json\/wp\/v2\/users\/24"}],"replies":[{"embeddable":true,"href":"https:\/\/ultimato.com.br\/sites\/a-missao-de-interceder\/wp-json\/wp\/v2\/comments?post=8"}],"version-history":[{"count":2,"href":"https:\/\/ultimato.com.br\/sites\/a-missao-de-interceder\/wp-json\/wp\/v2\/pages\/8\/revisions"}],"predecessor-version":[{"id":15,"href":"https:\/\/ultimato.com.br\/sites\/a-missao-de-interceder\/wp-json\/wp\/v2\/pages\/8\/revisions\/15"}],"wp:attachment":[{"href":"https:\/\/ultimato.com.br\/sites\/a-missao-de-interceder\/wp-json\/wp\/v2\/media?parent=8"}],"curies":[{"name":"wp","href":"https:\/\/api.w.org\/{rel}","templated":true}]}}