{"id":59,"date":"2013-06-14T13:33:43","date_gmt":"2013-06-14T13:33:43","guid":{"rendered":"http:\/\/ultimato.com.br\/sites\/a-missao-de-interceder\/?page_id=59"},"modified":"2013-06-17T18:00:23","modified_gmt":"2013-06-17T18:00:23","slug":"interceda","status":"publish","type":"page","link":"https:\/\/ultimato.com.br\/sites\/a-missao-de-interceder\/interceda\/","title":{"rendered":"Interceda!"},"content":{"rendered":"<p>O livro\u00a0<strong>A Miss\u00e3o de Interceder<\/strong> nos inspira a orar, a buscar de Deus a sua vontade sobre quest\u00f5es espec\u00edficas, principalmente sobre o tema miss\u00e3o e proclama\u00e7\u00e3o do evangelho. Com a ajuda da <a href=\"http:\/\/www.cem.org.br\/site\/interserve\/conheca-a-interserve-brasil\/\" target=\"_blank\">Interserve Brasil<\/a> listamos alguns motivos de ora\u00e7\u00e3o por pa\u00edses onde a proclama\u00e7\u00e3o do evangelho \u00e9 proibida. Vamos interceder!<\/p>\n<p><strong>Brasil<\/strong><\/p>\n<p>O maior povo n\u00e3o alcan\u00e7ado no Brasil s\u00e3o os Ciganos. S\u00f3 h\u00e1 10 anos as primeiras igrejas come\u00e7aram a se interessar em sua evangeliza\u00e7\u00e3o e pouco a pouco esse minist\u00e9rio tem crescido.<br \/>\n<b>China<\/b><\/p>\n<p>A China \u00e9 o grande pa\u00eds comunista \u2013 o que a recente mudan\u00e7a de lideran\u00e7a significa para a igreja? Em longo prazo, os l\u00edderes n\u00e3o esperam grandes mudan\u00e7as: \u201cEnquanto n\u00f3s nos comunicamos com o governo, eles nos deixam em paz\u201d, expressou um l\u00edder de uma Igreja n\u00e3o registrada. \u201cPor enquanto, a igreja chinesa espera poder continuar crescendo em tamanho e em profundidade. O governo deve manter tudo sob controle, isso \u00e9 certo, mas a opress\u00e3o severa \u00e9 algo do passado. Eu gosto de dizer que o governo est\u00e1 melhorando. Por outro lado, ainda h\u00e1 alguns crist\u00e3os na pris\u00e3o por causa de sua f\u00e9 e muitos ainda sendo perseguidos pela sociedade e, por vezes, pelo pr\u00f3prio governo.\u201d<\/p>\n<ul>\n<li>Ore pelos novos governantes da China, para que sejam justos e promovam a paz.<\/li>\n<li>Ore pela igreja, para que continue sendo fortalecida e fiel no seu testemunho, custe o que custar.<\/li>\n<li>Ore pelo desejo da igreja chinesa de ser uma comunidade mission\u00e1ria, a partir da China at\u00e9 o mundo \u00e1rabe (Movimento <i>Back to Jerusalem<\/i>).<\/li>\n<\/ul>\n<p><b>\u00a0<\/b><\/p>\n<p><b>Coreia do Norte<\/b><\/p>\n<p>A Constitui\u00e7\u00e3o prev\u00ea \u201cliberdade religiosa\u201d, mas, na pr\u00e1tica, o governo restringe severamente qualquer atividade religiosa, exceto o que \u00e9 supervisionado rigorosamente por grupos reconhecidos oficialmente, ligados ao governo. As igrejas que existem na cidade hoje s\u00e3o basicamente \u201cde fachada\u201d, servindo \u00e0 propaganda pol\u00edtica sobre a liberdade religiosa no pa\u00eds. Quase todos os crist\u00e3os pertencem a igrejas n\u00e3o-registradas e clandestinas.<\/p>\n<ul>\n<li>Louve pelas vidas que v\u00eam sendo alcan\u00e7adas e rogue ao Senhor que os ajude a ser fortes e perseverantes, e que sejam encorajados a pregar o evangelho aos amigos e familiares.<\/li>\n<li>Ore pelos mission\u00e1rios que atuam secretamente nesta na\u00e7\u00e3o.<\/li>\n<li>Louve a Deus por todos os materiais evangel\u00edsticos que t\u00eam chegado \u00e0 Coreia do Norte.<\/li>\n<li>Ore pelos governantes, clamando a Deus que crie neles um cora\u00e7\u00e3o sens\u00edvel \u00e0 sua voz.<\/li>\n<\/ul>\n<p>&nbsp;<\/p>\n<p><b>Egito<\/b><\/p>\n<p>Embora os crist\u00e3os tenham liberdade religiosa, est\u00e3o sujeitos a discrimina\u00e7\u00e3o por parte da sociedade e de representantes do governo. Um cidad\u00e3o eg\u00edpcio tem em seu documento principal (como o nosso RG ou identidade) o seu status religioso. Imagine que complica\u00e7\u00e3o mudar de religi\u00e3o!<\/p>\n<p>A Igreja no Egito est\u00e1 em uma encruzilhada. No \u00faltimo fim de semana, foi escolhido o novo l\u00edder copta (um tipo de cristianismo bem antigo da regi\u00e3o), Bispo Tawadros. No entanto, ele j\u00e1 sinalizou que n\u00e3o seguir\u00e1 a mesma dire\u00e7\u00e3o pol\u00edtica de seu antecessor. As pessoas est\u00e3o se perguntando: \u201cEste homem \u00e9 o representante dos crist\u00e3os eg\u00edpcios. Se ele n\u00e3o falar sobre a persegui\u00e7\u00e3o, se ele n\u00e3o falar sobre a liberdade religiosa, quem o far\u00e1?\u201d<\/p>\n<ul>\n<li>Ore pelo novo l\u00edder copta, para que realmente fale em nome dos crist\u00e3os.<\/li>\n<li>Ore por encorajamento dos crist\u00e3os eg\u00edpcios para perseverarem na f\u00e9 e continuarem a testemunhar ousadamente.<\/li>\n<li>Louve a Deus pelo reavivamento: \u201cO que est\u00e1 acontecendo no Egito neste m\u00eas [outubro] \u00e9 impressionante! Em meio ao aumento da persegui\u00e7\u00e3o, turbul\u00eancia e incerteza, os crist\u00e3os est\u00e3o alcan\u00e7ando outros e orando fervorosamente.\u201d<\/li>\n<li>Ore pela elabora\u00e7\u00e3o da nova Constitui\u00e7\u00e3o do pa\u00eds.<\/li>\n<\/ul>\n<p>Ore pelos governantes, para que sejam justos com as minorias.<\/p>\n<p>&nbsp;<\/p>\n<p><b>\u00cdndia<\/b><\/p>\n<p>A tens\u00e3o entre hindus, siques, mu\u00e7ulmanos e crist\u00e3os \u00e9 grande. H\u00e1 muitos relatos de ataques a igrejas, raptos, deten\u00e7\u00e3o e intimida\u00e7\u00e3o feitos por extremistas hindus. Essas a\u00e7\u00f5es s\u00e3o particularmente dirigidas aos l\u00edderes das igrejas. Oito estados t\u00eam leis anticonvers\u00e3o, que impedem a convers\u00e3o de hindus ao cristianismo.<\/p>\n<ul>\n<li>Ore por muitos dalits pobres que t\u00eam se convertido, mesmo com a lei anticonvers\u00e3o.<\/li>\n<li>Ore pelos pastores e l\u00edderes, que s\u00e3o os que sofrem maior persegui\u00e7\u00e3o.<\/li>\n<li>Ore pelo fim da viol\u00eancia e, ao mesmo tempo, por ousadia para os crist\u00e3os perseguidos.<\/li>\n<\/ul>\n<p>&nbsp;<\/p>\n<p><b>Nepal<\/b><\/p>\n<p>O Nepal \u00e9 de maioria hindu\u00edsta, com 2,8% de crist\u00e3os. Uma Constitui\u00e7\u00e3o provis\u00f3ria escrita em 2007 ainda governa o pa\u00eds. A Assembleia Constituinte n\u00e3o conseguiu cumprir o prazo para escrever a nova Constitui\u00e7\u00e3o. Assim, novas elei\u00e7\u00f5es ser\u00e3o realizadas em 22 de novembro. Um dos principais obst\u00e1culos tem sido diverg\u00eancias sobre se os estados que ser\u00e3o criados v\u00e3o se basear na etnia. O cristianismo ainda \u00e9 considerado uma religi\u00e3o estrangeira pela maioria dos hindus e budistas. Se algum membro da fam\u00edlia se torna crist\u00e3o, ele ou ela tem a certeza de enfrentar forte oposi\u00e7\u00e3o da fam\u00edlia, e at\u00e9 mesmo ser completamente desprezado por eles.<\/p>\n<ul>\n<li>Ore pelas elei\u00e7\u00f5es em 22 de novembro.<\/li>\n<li>Ore pela elabora\u00e7\u00e3o da nova Constitui\u00e7\u00e3o e por estabilidade pol\u00edtica.<\/li>\n<li>Ore por diversos projetos mission\u00e1rios no pa\u00eds, especialmente entre os mais pobres e as crian\u00e7as (projetos de educa\u00e7\u00e3o, sa\u00fade e outros).<\/li>\n<\/ul>\n<p>Ore pelos crist\u00e3os locais, para que sejam testemunhas poderosas entre os seus compatriotas, mesmo sofrendo desprezo e discrimina\u00e7\u00e3o.<\/p>\n<p>&nbsp;<\/p>\n<p><b>Nig\u00e9ria<\/b><\/p>\n<p>Constitucionalmente, a Nig\u00e9ria \u00e9 um Estado laico com liberdade religiosa. Embora exista liberdade para evangelizar, h\u00e1 uma forte oposi\u00e7\u00e3o dos mu\u00e7ulmanos contra os crist\u00e3os que procuram praticar este minist\u00e9rio. A oposi\u00e7\u00e3o isl\u00e2mica j\u00e1 foi respons\u00e1vel pela morte de muitos m\u00e1rtires, especialmente na regi\u00e3o norte.<\/p>\n<ul>\n<li>Ore pelo norte da Nig\u00e9ria, que tem sido atingido por uma onda de ataques brutais contra Igrejas, em sua maioria, atribu\u00eddos ao grupo militante isl\u00e2mico extremista Boko Haram.<\/li>\n<li>Ore pelo fim da viol\u00eancia e, ao mesmo tempo, por ousadia para os crist\u00e3os perseguidos.<\/li>\n<li>Ore para que os governos intervenham na situa\u00e7\u00e3o da Nig\u00e9ria (Por isso, crist\u00e3os em todo o pa\u00eds v\u00e3o se unir em uma semana de ora\u00e7\u00e3o e jejum a partir de 12 de novembro).<\/li>\n<li>Abra\u00e3o Yisa, l\u00edder crist\u00e3o local declarou: \u201cAs Igrejas est\u00e3o sendo bombardeadas todos os domingos, especialmente no norte. Por causa disso, as pessoas est\u00e3o se recusando a ir aos cultos ou, quando v\u00e3o, n\u00e3o sabem se voltar\u00e3o para casa. Reuni\u00f5es de ora\u00e7\u00e3o durante a semana foram interrompidas, as pessoas est\u00e3o com medo de adorar\u201d.<\/li>\n<\/ul>\n<p><b>Paquist\u00e3o<\/b><\/p>\n<p>A Constitui\u00e7\u00e3o estabelece o islamismo como a religi\u00e3o do Estado e que as minorias religiosas devem ter condi\u00e7\u00f5es de professar e praticar sua religi\u00e3o em seguran\u00e7a. Apesar disso, o governo limita a liberdade religiosa. Uma forma de limita\u00e7\u00e3o \u00e9 a lei da blasf\u00eamia, que pode sentenciar \u00e0 morte ou pris\u00e3o. Esta lei tem sido bastante usada por indiv\u00edduos que querem resolver quest\u00f5es pessoais, uma vez que, para acusar algu\u00e9m de ter blasfemado, n\u00e3o \u00e9 necess\u00e1rio ter provas. Precisa-se apenas da acusa\u00e7\u00e3o formal. L\u00e1 a palavra de um mu\u00e7ulmano vale pela palavra de dois crist\u00e3os, o que dificulta o processo de defesa.<\/p>\n<ul>\n<li>Ore por <i>Rimsha Masih<\/i>, uma menina de 14 anos, que em 17 de setembro foi presa por blasf\u00eamia. Este caso tem atra\u00eddo aten\u00e7\u00e3o internacional por causa de sua pouca idade, as quest\u00f5es sobre sua capacidade mental e as alega\u00e7\u00f5es de que ela tenha sido v\u00edtima de um esquema montado por um \u00edm\u00e3 local (\u00edm\u00e3 \u00e9 o l\u00edder da mesquita). Ore pela nova audi\u00eancia que ela ter\u00e1 em 14 de novembro (ao passo que o im\u00e3 que supostamente colocou p\u00e1ginas queimadas do Alcor\u00e3o em sua bolsa foi libertado sob fian\u00e7a).<\/li>\n<li>Ore por coragem, perseveran\u00e7a e f\u00e9 para todos os crist\u00e3os paquistaneses.<\/li>\n<li>Ore por um testemunho poderoso em meio a persegui\u00e7\u00e3o.<\/li>\n<\/ul>\n<p><b>Tun\u00edsia<\/b><\/p>\n<p>Depois da Primavera \u00c1rabe, que iniciou no sul da Tun\u00edsia e se espalhou por todo o mundo \u00e1rabe, o pa\u00eds vive intensa transi\u00e7\u00e3o pol\u00edtica. Ningu\u00e9m sabe ao certo o que vai acontecer, mas a nova Constitui\u00e7\u00e3o est\u00e1 sendo redigida. \u201cA transi\u00e7\u00e3o de um regime laico, mas autocr\u00e1tico, para uma democracia, liderada por um partido isl\u00e2mico, tem deixado a Tun\u00edsia muito agitada nos \u00faltimos meses. Os setores mais laicos e os mais religiosos radicais t\u00eam feito ouvir suas vozes.\u201d<\/p>\n<ul>\n<li>Ore pela nova Constitui\u00e7\u00e3o e os poss\u00edveis protestos que surgir\u00e3o disso. Que haja paz no pa\u00eds, mesmo em meio a mudan\u00e7as (que n\u00e3o s\u00e3o bem-vindas pelos radicais isl\u00e2micos).<\/li>\n<li>Ore por encorajamento dos crist\u00e3os tunisianos para perseverarem na f\u00e9 e continuarem a testemunhar ousadamente.<\/li>\n<li>Ore pelos governantes, para que sejam justos com as minorias.<\/li>\n<\/ul>\n<p>Ore pelos mission\u00e1rios que atuam em diversos projetos no pa\u00eds.<\/p>\n<p>&nbsp;<\/p>\n<p><strong>&gt;&gt; Leia tamb\u00e9m <a href=\"http:\/\/ultimato.com.br\/sites\/blogdaultimato\/2013\/06\/17\/de-todos-os-continentes-deus-ouve\/\" target=\"_blank\">De todos os continentes, Deus ouve!<\/a>\u00a0<\/strong>Texto de Liz Valente.<\/p>\n","protected":false},"excerpt":{"rendered":"<p>O livro\u00a0A Miss\u00e3o de Interceder nos inspira a orar, a buscar de Deus a sua vontade sobre quest\u00f5es espec\u00edficas, principalmente sobre o tema miss\u00e3o e proclama\u00e7\u00e3o do evangelho. Com a ajuda da Interserve Brasil listamos alguns motivos de ora\u00e7\u00e3o por pa\u00edses onde a proclama\u00e7\u00e3o do evangelho \u00e9 proibida. Vamos interceder! Brasil O maior povo n\u00e3o [&hellip;]<\/p>\n","protected":false},"author":8,"featured_media":0,"parent":0,"menu_order":5,"comment_status":"open","ping_status":"open","template":"","meta":{"footnotes":""},"class_list":["post-59","page","type-page","status-publish","hentry"],"_links":{"self":[{"href":"https:\/\/ultimato.com.br\/sites\/a-missao-de-interceder\/wp-json\/wp\/v2\/pages\/59","targetHints":{"allow":["GET"]}}],"collection":[{"href":"https:\/\/ultimato.com.br\/sites\/a-missao-de-interceder\/wp-json\/wp\/v2\/pages"}],"about":[{"href":"https:\/\/ultimato.com.br\/sites\/a-missao-de-interceder\/wp-json\/wp\/v2\/types\/page"}],"author":[{"embeddable":true,"href":"https:\/\/ultimato.com.br\/sites\/a-missao-de-interceder\/wp-json\/wp\/v2\/users\/8"}],"replies":[{"embeddable":true,"href":"https:\/\/ultimato.com.br\/sites\/a-missao-de-interceder\/wp-json\/wp\/v2\/comments?post=59"}],"version-history":[{"count":8,"href":"https:\/\/ultimato.com.br\/sites\/a-missao-de-interceder\/wp-json\/wp\/v2\/pages\/59\/revisions"}],"predecessor-version":[{"id":64,"href":"https:\/\/ultimato.com.br\/sites\/a-missao-de-interceder\/wp-json\/wp\/v2\/pages\/59\/revisions\/64"}],"wp:attachment":[{"href":"https:\/\/ultimato.com.br\/sites\/a-missao-de-interceder\/wp-json\/wp\/v2\/media?parent=59"}],"curies":[{"name":"wp","href":"https:\/\/api.w.org\/{rel}","templated":true}]}}