{"id":30,"date":"2013-06-07T05:06:53","date_gmt":"2013-06-07T05:06:53","guid":{"rendered":"http:\/\/ultimato.com.br\/sites\/a-missao-de-interceder\/?page_id=30"},"modified":"2013-06-13T17:01:19","modified_gmt":"2013-06-13T17:01:19","slug":"release","status":"publish","type":"page","link":"https:\/\/ultimato.com.br\/sites\/a-missao-de-interceder\/extras\/release\/","title":{"rendered":"Release"},"content":{"rendered":"<p>Aqui est\u00e1 o\u00a0<em>press-release<\/em>\u00a0do livro\u00a0<strong>A Miss\u00e3o de Interceder<\/strong>\u00a0para voc\u00ea divulgar no seu site, blog, jornal ou outro meio de comunica\u00e7\u00e3o do seu acesso. Ajude-nos a espalhar este conte\u00fado que se faz t\u00e3o necess\u00e1rio para nossa caminhada di\u00e1ria.<\/p>\n<p>&#8211; Arquivo em\u00a0<a href=\"http:\/\/editoraultimato.com.br\/downloads\/a-missao-de-interceder\/Release_Missao_Interceder_Jun_2013.pdf\" target=\"_blank\">PDF<\/a>.<\/p>\n<p>&nbsp;<\/p>\n","protected":false},"excerpt":{"rendered":"<p>Aqui est\u00e1 o\u00a0press-release\u00a0do livro\u00a0A Miss\u00e3o de Interceder\u00a0para voc\u00ea divulgar no seu site, blog, jornal ou outro meio de comunica\u00e7\u00e3o do seu acesso. Ajude-nos a espalhar este conte\u00fado que se faz t\u00e3o necess\u00e1rio para nossa caminhada di\u00e1ria. &#8211; Arquivo em\u00a0PDF. &nbsp;<\/p>\n","protected":false},"author":24,"featured_media":0,"parent":17,"menu_order":5,"comment_status":"open","ping_status":"open","template":"","meta":{"footnotes":""},"class_list":["post-30","page","type-page","status-publish","hentry"],"_links":{"self":[{"href":"https:\/\/ultimato.com.br\/sites\/a-missao-de-interceder\/wp-json\/wp\/v2\/pages\/30","targetHints":{"allow":["GET"]}}],"collection":[{"href":"https:\/\/ultimato.com.br\/sites\/a-missao-de-interceder\/wp-json\/wp\/v2\/pages"}],"about":[{"href":"https:\/\/ultimato.com.br\/sites\/a-missao-de-interceder\/wp-json\/wp\/v2\/types\/page"}],"author":[{"embeddable":true,"href":"https:\/\/ultimato.com.br\/sites\/a-missao-de-interceder\/wp-json\/wp\/v2\/users\/24"}],"replies":[{"embeddable":true,"href":"https:\/\/ultimato.com.br\/sites\/a-missao-de-interceder\/wp-json\/wp\/v2\/comments?post=30"}],"version-history":[{"count":4,"href":"https:\/\/ultimato.com.br\/sites\/a-missao-de-interceder\/wp-json\/wp\/v2\/pages\/30\/revisions"}],"predecessor-version":[{"id":56,"href":"https:\/\/ultimato.com.br\/sites\/a-missao-de-interceder\/wp-json\/wp\/v2\/pages\/30\/revisions\/56"}],"up":[{"embeddable":true,"href":"https:\/\/ultimato.com.br\/sites\/a-missao-de-interceder\/wp-json\/wp\/v2\/pages\/17"}],"wp:attachment":[{"href":"https:\/\/ultimato.com.br\/sites\/a-missao-de-interceder\/wp-json\/wp\/v2\/media?parent=30"}],"curies":[{"name":"wp","href":"https:\/\/api.w.org\/{rel}","templated":true}]}}