{"id":11,"date":"2013-06-07T04:53:53","date_gmt":"2013-06-07T04:53:53","guid":{"rendered":"http:\/\/ultimato.com.br\/sites\/a-missao-de-interceder\/?page_id=11"},"modified":"2013-06-07T04:54:51","modified_gmt":"2013-06-07T04:54:51","slug":"o-que-disseram","status":"publish","type":"page","link":"https:\/\/ultimato.com.br\/sites\/a-missao-de-interceder\/o-que-disseram\/","title":{"rendered":"O que disseram"},"content":{"rendered":"<blockquote><p>Uma apresenta\u00e7\u00e3o clara, b\u00edblica e desafiadora, da nossa miss\u00e3o de interceder.\u00a0<b>A Miss\u00e3o de Interceder<\/b>\u00a0nos lembra que, na Palavra, interceder n\u00e3o \u00e9 apenas um convite, mas uma ordem de Cristo. N\u00e3o \u00e9 uma op\u00e7\u00e3o para preencher o tempo, mas uma a\u00e7\u00e3o estrat\u00e9gica no Reino de Deus. N\u00e3o \u00e9 a responsabilidade de outros, mas a nossa.<\/p><\/blockquote>\n<p>Ronaldo Lid\u00f3rio<\/p>\n<p>&nbsp;<\/p>\n<blockquote><p><b>A Miss\u00e3o de Interceder<\/b>\u00a0me alegra e me anima, porque n\u00e3o \u00e9 puramente uma exposi\u00e7\u00e3o te\u00f3rica da ora\u00e7\u00e3o. Apresenta a pr\u00e1tica da ora\u00e7\u00e3o. Sua leitura \u00e9 estimulante e nos leva a desejar organizar passos pr\u00e1ticos para orar mais e melhor.<\/p><\/blockquote>\n<p>Pr. Jonathan Ferreira dos Santos, fundador da Miss\u00e3o Antioquia e do Vale da B\u00ean\u00e7\u00e3o<\/p>\n<blockquote><p>&nbsp;<\/p>\n<p>Este livro \u00e9 um guia de incentivo \u00e0 mobiliza\u00e7\u00e3o da igreja para interceder por aqueles que ainda n\u00e3o tiveram a oportunidade de conhecer Jesus. \u00c9 recomendada aos l\u00edderes evang\u00e9licos e a todos os interessados pelo avan\u00e7o da obra mission\u00e1ria.<\/p><\/blockquote>\n<p>Abilene da Paz Barros Silva, \u00e9 coordenadora de Mulheres de A\u00e7\u00e3o Global\/Tirzah Brasil<\/p>\n","protected":false},"excerpt":{"rendered":"<p>Uma apresenta\u00e7\u00e3o clara, b\u00edblica e desafiadora, da nossa miss\u00e3o de interceder.\u00a0A Miss\u00e3o de Interceder\u00a0nos lembra que, na Palavra, interceder n\u00e3o \u00e9 apenas um convite, mas uma ordem de Cristo. N\u00e3o \u00e9 uma op\u00e7\u00e3o para preencher o tempo, mas uma a\u00e7\u00e3o estrat\u00e9gica no Reino de Deus. N\u00e3o \u00e9 a responsabilidade de outros, mas a nossa. Ronaldo [&hellip;]<\/p>\n","protected":false},"author":24,"featured_media":0,"parent":0,"menu_order":3,"comment_status":"open","ping_status":"closed","template":"","meta":{"footnotes":""},"class_list":["post-11","page","type-page","status-publish","hentry"],"_links":{"self":[{"href":"https:\/\/ultimato.com.br\/sites\/a-missao-de-interceder\/wp-json\/wp\/v2\/pages\/11","targetHints":{"allow":["GET"]}}],"collection":[{"href":"https:\/\/ultimato.com.br\/sites\/a-missao-de-interceder\/wp-json\/wp\/v2\/pages"}],"about":[{"href":"https:\/\/ultimato.com.br\/sites\/a-missao-de-interceder\/wp-json\/wp\/v2\/types\/page"}],"author":[{"embeddable":true,"href":"https:\/\/ultimato.com.br\/sites\/a-missao-de-interceder\/wp-json\/wp\/v2\/users\/24"}],"replies":[{"embeddable":true,"href":"https:\/\/ultimato.com.br\/sites\/a-missao-de-interceder\/wp-json\/wp\/v2\/comments?post=11"}],"version-history":[{"count":2,"href":"https:\/\/ultimato.com.br\/sites\/a-missao-de-interceder\/wp-json\/wp\/v2\/pages\/11\/revisions"}],"predecessor-version":[{"id":14,"href":"https:\/\/ultimato.com.br\/sites\/a-missao-de-interceder\/wp-json\/wp\/v2\/pages\/11\/revisions\/14"}],"wp:attachment":[{"href":"https:\/\/ultimato.com.br\/sites\/a-missao-de-interceder\/wp-json\/wp\/v2\/media?parent=11"}],"curies":[{"name":"wp","href":"https:\/\/api.w.org\/{rel}","templated":true}]}}